{"id":113,"date":"2015-03-16T08:06:00","date_gmt":"2015-03-16T08:06:00","guid":{"rendered":"http:\/\/blogsaverroes.juntadeandalucia.es\/pre\/ceip\/?page_id=113"},"modified":"2016-11-05T12:47:55","modified_gmt":"2016-11-05T12:47:55","slug":"biblioteca","status":"publish","type":"page","link":"https:\/\/blogsaverroes.juntadeandalucia.es\/ceipelzargal\/biblioteca\/","title":{"rendered":"Biblioteca"},"content":{"rendered":"<p><a href=\"http:\/\/blogsaverroes.juntadeandalucia.es\/ceipelzargal\/files\/2015\/03\/5adbfdff80c68814d314a5ff9df1f27a.jpg\"><img loading=\"lazy\" decoding=\"async\" class=\" wp-image-2388 size-large aligncenter\" src=\"http:\/\/blogsaverroes.juntadeandalucia.es\/ceipelzargal\/files\/2016\/10\/dqys-1024x471.png\" alt=\"dqys\" width=\"660\" height=\"304\" srcset=\"https:\/\/blogsaverroes.juntadeandalucia.es\/ceipelzargal\/files\/2016\/10\/dqys-1024x471.png 1024w, https:\/\/blogsaverroes.juntadeandalucia.es\/ceipelzargal\/files\/2016\/10\/dqys-300x138.png 300w, https:\/\/blogsaverroes.juntadeandalucia.es\/ceipelzargal\/files\/2016\/10\/dqys-700x322.png 700w, https:\/\/blogsaverroes.juntadeandalucia.es\/ceipelzargal\/files\/2016\/10\/dqys.png 1411w\" sizes=\"(max-width: 660px) 100vw, 660px\" \/><\/a><\/p>\n<p style=\"text-align: justify\"><span style=\"color: #3366ff\">Saludos a todos y a todas quienes visit\u00e9is este espacio dedicado a la biblioteca de nuestro centro. <\/span><\/p>\n<p style=\"text-align: justify\"><span style=\"color: #3366ff\">Esta biblioteca lleva el nombre de \u00abBernardo Federico Delgado Noguera\u00bb. Adem\u00e1s de poeta, D. Bernardo es un maestro del que pudimos disfrutar en nuestro centro durante algunos a\u00f1os.<\/span><\/p>\n<p style=\"text-align: justify\"><span style=\"color: #3366ff\">En la actualidad estamos trabajando en mejorar nuestra biblioteca. Pronto, con la ayuda del profesorado y con la colaboraci\u00f3n de las madres de la asociaci\u00f3n AMPA esperamos poder ofrecer un servicio de pr\u00e9stamo y convertir la biblioteca en un recurso valioso para toda la comunidad educativa.<\/span><\/p>\n<p style=\"text-align: justify\"><span style=\"color: #3366ff\">Queremos ampliar el uso que hacemos de ella y organizar lecturas de cuentos por madres y profesores, exposiciones, peque\u00f1as obras de t\u00edteres para el alumnado de infantil y muchas cosas m\u00e1s.<\/span><\/p>\n<p style=\"text-align: justify\"><span style=\"color: #3366ff\">Si quieres ofrecernos alguna idea, ac\u00e9rcate y com\u00e9ntala con el encargado de la biblioteca. Todas vuestras sugerencias ser\u00e1n bienvenidas.<\/span><\/p>\n<p><a href=\"http:\/\/blogsaverroes.juntadeandalucia.es\/ceipelzargal\/files\/2015\/03\/5adbfdff80c68814d314a5ff9df1f27a.jpg\"><img loading=\"lazy\" decoding=\"async\" class=\" wp-image-2396 alignleft\" src=\"http:\/\/blogsaverroes.juntadeandalucia.es\/ceipelzargal\/files\/2015\/03\/5adbfdff80c68814d314a5ff9df1f27a-150x150.jpg\" alt=\"5adbfdff80c68814d314a5ff9df1f27a\" width=\"120\" height=\"169\" srcset=\"https:\/\/blogsaverroes.juntadeandalucia.es\/ceipelzargal\/files\/2015\/03\/5adbfdff80c68814d314a5ff9df1f27a-213x300.jpg 213w, https:\/\/blogsaverroes.juntadeandalucia.es\/ceipelzargal\/files\/2015\/03\/5adbfdff80c68814d314a5ff9df1f27a.jpg 236w\" sizes=\"(max-width: 120px) 100vw, 120px\" \/><\/a><\/p>\n<p>&nbsp;<\/p>\n<p>Bernardo F. Delgado Noguera<\/p>\n<p><img loading=\"lazy\" decoding=\"async\" class=\" alignright\" src=\"http:\/\/blogsaverroes.juntadeandalucia.es\/ceipelzargal\/wp-content\/uploads\/sites\/839\/nggallery\/Biblioteca\/thumbs\/thumbs_Logo_biblioteca.jpg?i=487094203\" alt=\"Logo Biblioteca\" width=\"119\" height=\"89\" \/><\/p>\n<p>&nbsp;<\/p>\n<p>&nbsp;<\/p>\n<p>&nbsp;<\/p>\n<p>&nbsp;<\/p>\n<p><iframe loading=\"lazy\" src=\"https:\/\/player.vimeo.com\/video\/129405770\" width=\"530\" height=\"250\" frameborder=\"0\"><\/iframe><\/p>\n<p><iframe loading=\"lazy\" title=\"Bibliotecas escolares de Andaluc\u00eda al servicio de la comunidad educativa\" width=\"800\" height=\"450\" src=\"https:\/\/www.youtube.com\/embed\/N_rrGePF_zM?feature=oembed\" frameborder=\"0\" allow=\"accelerometer; autoplay; clipboard-write; encrypted-media; gyroscope; picture-in-picture; web-share\" referrerpolicy=\"strict-origin-when-cross-origin\" allowfullscreen><\/iframe><\/p>\n<p>Informaci\u00f3n sobre su uso, horarios, prestamos, etc&#8230;<\/p>\n<p><a title=\"Bibliotecas escolares\" href=\"http:\/\/www.juntadeandalucia.es\/educacion\/webportal\/web\/lecturas-y-bibliotecas-escolares\/bibliotecas-escolares\" target=\"_blank\">Enlace al portal sobre las Bibliotecas Escolares.<\/a><\/p>\n","protected":false},"excerpt":{"rendered":"<p>Saludos a todos y a todas quienes visit\u00e9is este espacio dedicado a la biblioteca de nuestro centro. Esta biblioteca lleva el nombre de \u00abBernardo Federico Delgado Noguera\u00bb. Adem\u00e1s de poeta, D. Bernardo es un maestro del que pudimos disfrutar en nuestro centro durante algunos a\u00f1os. En la actualidad estamos trabajando en mejorar nuestra biblioteca. Pronto, [&hellip;]<\/p>\n","protected":false},"author":1,"featured_media":0,"parent":0,"menu_order":0,"comment_status":"closed","ping_status":"open","template":"","meta":{"ngg_post_thumbnail":0,"footnotes":"","_mc_calendar":[]},"aioseo_notices":[],"_links":{"self":[{"href":"https:\/\/blogsaverroes.juntadeandalucia.es\/ceipelzargal\/wp-json\/wp\/v2\/pages\/113"}],"collection":[{"href":"https:\/\/blogsaverroes.juntadeandalucia.es\/ceipelzargal\/wp-json\/wp\/v2\/pages"}],"about":[{"href":"https:\/\/blogsaverroes.juntadeandalucia.es\/ceipelzargal\/wp-json\/wp\/v2\/types\/page"}],"author":[{"embeddable":true,"href":"https:\/\/blogsaverroes.juntadeandalucia.es\/ceipelzargal\/wp-json\/wp\/v2\/users\/1"}],"replies":[{"embeddable":true,"href":"https:\/\/blogsaverroes.juntadeandalucia.es\/ceipelzargal\/wp-json\/wp\/v2\/comments?post=113"}],"version-history":[{"count":12,"href":"https:\/\/blogsaverroes.juntadeandalucia.es\/ceipelzargal\/wp-json\/wp\/v2\/pages\/113\/revisions"}],"predecessor-version":[{"id":2534,"href":"https:\/\/blogsaverroes.juntadeandalucia.es\/ceipelzargal\/wp-json\/wp\/v2\/pages\/113\/revisions\/2534"}],"wp:attachment":[{"href":"https:\/\/blogsaverroes.juntadeandalucia.es\/ceipelzargal\/wp-json\/wp\/v2\/media?parent=113"}],"curies":[{"name":"wp","href":"https:\/\/api.w.org\/{rel}","templated":true}]}}