{"id":2311,"date":"2016-09-18T17:01:50","date_gmt":"2016-09-18T17:01:50","guid":{"rendered":"http:\/\/blogsaverroes.juntadeandalucia.es\/ceipelzargal\/?page_id=2311"},"modified":"2016-09-18T17:17:19","modified_gmt":"2016-09-18T17:17:19","slug":"servicios-complementarios","status":"publish","type":"page","link":"https:\/\/blogsaverroes.juntadeandalucia.es\/ceipelzargal\/servicios-complementarios\/","title":{"rendered":"Servicios Compl."},"content":{"rendered":"<p>Dentro del Plan de Apoyo a las Familias de la Consejer\u00eda de Educaci\u00f3n se desarrollan los Servicios Complementarios en nuestro centro. Tambi\u00e9n son conocidos como Plan de apertura y se refieren a los siguientes Servicios:<\/p>\n<ul>\n<li>Aula matinal<\/li>\n<li>Comedor<\/li>\n<li>Actividades extraescolares<\/li>\n<\/ul>\n","protected":false},"excerpt":{"rendered":"<p>Dentro del Plan de Apoyo a las Familias de la Consejer\u00eda de Educaci\u00f3n se desarrollan los Servicios Complementarios en nuestro centro. Tambi\u00e9n son conocidos como Plan de apertura y se refieren a los siguientes Servicios: Aula matinal Comedor Actividades extraescolares<\/p>\n","protected":false},"author":3817,"featured_media":0,"parent":0,"menu_order":0,"comment_status":"open","ping_status":"open","template":"","meta":{"ngg_post_thumbnail":0,"footnotes":"","_mc_calendar":[]},"aioseo_notices":[],"_links":{"self":[{"href":"https:\/\/blogsaverroes.juntadeandalucia.es\/ceipelzargal\/wp-json\/wp\/v2\/pages\/2311"}],"collection":[{"href":"https:\/\/blogsaverroes.juntadeandalucia.es\/ceipelzargal\/wp-json\/wp\/v2\/pages"}],"about":[{"href":"https:\/\/blogsaverroes.juntadeandalucia.es\/ceipelzargal\/wp-json\/wp\/v2\/types\/page"}],"author":[{"embeddable":true,"href":"https:\/\/blogsaverroes.juntadeandalucia.es\/ceipelzargal\/wp-json\/wp\/v2\/users\/3817"}],"replies":[{"embeddable":true,"href":"https:\/\/blogsaverroes.juntadeandalucia.es\/ceipelzargal\/wp-json\/wp\/v2\/comments?post=2311"}],"version-history":[{"count":2,"href":"https:\/\/blogsaverroes.juntadeandalucia.es\/ceipelzargal\/wp-json\/wp\/v2\/pages\/2311\/revisions"}],"predecessor-version":[{"id":2315,"href":"https:\/\/blogsaverroes.juntadeandalucia.es\/ceipelzargal\/wp-json\/wp\/v2\/pages\/2311\/revisions\/2315"}],"wp:attachment":[{"href":"https:\/\/blogsaverroes.juntadeandalucia.es\/ceipelzargal\/wp-json\/wp\/v2\/media?parent=2311"}],"curies":[{"name":"wp","href":"https:\/\/api.w.org\/{rel}","templated":true}]}}