{"id":2477,"date":"2016-10-30T21:06:44","date_gmt":"2016-10-30T21:06:44","guid":{"rendered":"http:\/\/blogsaverroes.juntadeandalucia.es\/ceipelzargal\/?page_id=2477"},"modified":"2016-11-12T19:11:41","modified_gmt":"2016-11-12T19:11:41","slug":"periodico-escolar","status":"publish","type":"page","link":"https:\/\/blogsaverroes.juntadeandalucia.es\/ceipelzargal\/biblioteca\/periodico-escolar\/","title":{"rendered":"Info Peri\u00f3dico Escolar"},"content":{"rendered":"<p><a href=\"http:\/\/elzargaldigital.blogspot.com.es\/\" target=\"_blank\"><img loading=\"lazy\" decoding=\"async\" class=\"alignleft size-full wp-image-2478\" src=\"http:\/\/blogsaverroes.juntadeandalucia.es\/ceipelzargal\/files\/2016\/10\/Zargal-digital.jpg\" alt=\"Zargal digital\" width=\"950\" height=\"180\" srcset=\"https:\/\/blogsaverroes.juntadeandalucia.es\/ceipelzargal\/files\/2016\/10\/Zargal-digital.jpg 950w, https:\/\/blogsaverroes.juntadeandalucia.es\/ceipelzargal\/files\/2016\/10\/Zargal-digital-300x57.jpg 300w, https:\/\/blogsaverroes.juntadeandalucia.es\/ceipelzargal\/files\/2016\/10\/Zargal-digital-700x133.jpg 700w\" sizes=\"(max-width: 950px) 100vw, 950px\" \/><\/a><\/p>\n<p>Bienvenido al espacio dedicado a nuestro peri\u00f3dico:<\/p>\n<p>Aqu\u00ed puedes enlazar al nuevo formato de nuestro peri\u00f3dico: <a href=\"http:\/\/blogsaverroes.juntadeandalucia.es\/periodicoescolar\/\">NEW ZARGAL DIGITAL<\/a><\/p>\n<h2><span style=\"color: #ff0000\"><em><span style=\"color: #ff0000\">\u00a1Est\u00e1s invitado<\/span> <span style=\"color: #ff0000\">a participar!<\/span><\/em><\/span><\/h2>\n<p>Si quieres una ayuda puedes descargar el <a href=\"https:\/\/drive.google.com\/file\/d\/0B6BlRI-67EwwUjBSRUZzSzNsVzg\/edit\">modelo de plantilla noticia<\/a> para redactar tu noticia, luego lo puedes remitir a la siguiente direcci\u00f3n de correo electr\u00f3nico:<\/p>\n<h3 style=\"text-align: center\"><em>elzargaldigital@gmail.com<\/em><\/h3>\n<p>Tambi\u00e9n, si quieres puedes leer el peri\u00f3dico escolar en el formato con el que empezamos a\u00f1os atr\u00e1s.<\/p>\n<p><a title=\"EZD-Junio\" href=\"http:\/\/www.flipsnack.com\/7CAEE586AED\/fdtj0x7o\">\u00abEl Zargal Digital -JUNIO\u00bb<\/a><\/p>\n<p><a title=\"El Zargal Digital Mayo 2013\" href=\"http:\/\/www.flipsnack.com\/FA777B7EFB5\/f715rlqf\">\u00abEl Zargal Digital-Mayo\u00bb<\/a><\/p>\n<p>Si quieres colaborar por el apartado de El Zargal Digital, ponte en contacto con el responsable de la Biblioteca D. J.Guillermo S\u00e1nchez.<\/p>\n<p>Si lo que te interesa es \u00abRadio el Zargal\u00bb y tienes m\u00f3vil puedes descargarte la app para android <a href=\"https:\/\/www.spreaker.com\/\">\u00abSpreaker\u00bb<\/a> con la que resulta muy sencillo hacer grabaciones t\u00fa mismo para luego subirlas al espacio de \u00abRadioElZargal\u00bb<\/p>\n<p>Si tienes alguna pregunta, ac\u00e9rcate a la biblioteca all\u00ed encontrar\u00e1s el estudio de \u00abRadio El Zargal\u00bb<\/p>\n","protected":false},"excerpt":{"rendered":"<p>Bienvenido al espacio dedicado a nuestro peri\u00f3dico: Aqu\u00ed puedes enlazar al nuevo formato de nuestro peri\u00f3dico: NEW ZARGAL DIGITAL \u00a1Est\u00e1s invitado a participar! Si quieres una ayuda puedes descargar el modelo de plantilla noticia para redactar tu noticia, luego lo puedes remitir a la siguiente direcci\u00f3n de correo electr\u00f3nico: elzargaldigital@gmail.com Tambi\u00e9n, si quieres puedes leer [&hellip;]<\/p>\n","protected":false},"author":3817,"featured_media":2478,"parent":113,"menu_order":0,"comment_status":"open","ping_status":"open","template":"","meta":{"ngg_post_thumbnail":0,"footnotes":"","_mc_calendar":[]},"aioseo_notices":[],"_links":{"self":[{"href":"https:\/\/blogsaverroes.juntadeandalucia.es\/ceipelzargal\/wp-json\/wp\/v2\/pages\/2477"}],"collection":[{"href":"https:\/\/blogsaverroes.juntadeandalucia.es\/ceipelzargal\/wp-json\/wp\/v2\/pages"}],"about":[{"href":"https:\/\/blogsaverroes.juntadeandalucia.es\/ceipelzargal\/wp-json\/wp\/v2\/types\/page"}],"author":[{"embeddable":true,"href":"https:\/\/blogsaverroes.juntadeandalucia.es\/ceipelzargal\/wp-json\/wp\/v2\/users\/3817"}],"replies":[{"embeddable":true,"href":"https:\/\/blogsaverroes.juntadeandalucia.es\/ceipelzargal\/wp-json\/wp\/v2\/comments?post=2477"}],"version-history":[{"count":5,"href":"https:\/\/blogsaverroes.juntadeandalucia.es\/ceipelzargal\/wp-json\/wp\/v2\/pages\/2477\/revisions"}],"predecessor-version":[{"id":2624,"href":"https:\/\/blogsaverroes.juntadeandalucia.es\/ceipelzargal\/wp-json\/wp\/v2\/pages\/2477\/revisions\/2624"}],"up":[{"embeddable":true,"href":"https:\/\/blogsaverroes.juntadeandalucia.es\/ceipelzargal\/wp-json\/wp\/v2\/pages\/113"}],"wp:featuredmedia":[{"embeddable":true,"href":"https:\/\/blogsaverroes.juntadeandalucia.es\/ceipelzargal\/wp-json\/wp\/v2\/media\/2478"}],"wp:attachment":[{"href":"https:\/\/blogsaverroes.juntadeandalucia.es\/ceipelzargal\/wp-json\/wp\/v2\/media?parent=2477"}],"curies":[{"name":"wp","href":"https:\/\/api.w.org\/{rel}","templated":true}]}}