{"id":2631,"date":"2016-11-15T16:32:37","date_gmt":"2016-11-15T16:32:37","guid":{"rendered":"http:\/\/blogsaverroes.juntadeandalucia.es\/ceipelzargal\/?page_id=2631"},"modified":"2024-11-21T09:51:42","modified_gmt":"2024-11-21T09:51:42","slug":"equipo-de-orientacion-educativa","status":"publish","type":"page","link":"https:\/\/blogsaverroes.juntadeandalucia.es\/ceipelzargal\/equipo-de-orientacion-educativa\/","title":{"rendered":"Equipo de Orientaci\u00f3n de Centro"},"content":{"rendered":"<p>Desde aqu\u00ed conoceremos:<\/p>\n<ul>\n<li>Quienes forman parte de este equipo<\/li>\n<\/ul>\n<p style=\"text-align: justify\">Este equipo est\u00e1 compuesto por un conjunto de profesionales que asisten de manera regular a nuestro centro, pero de forma discontinua, pues adem\u00e1s deben atender otros centros educativos de la zona.<\/p>\n<p style=\"text-align: justify\">Acordando con ellos una cita podr\u00e1n atenderles en los d\u00edas que se indican:<\/p>\n<p style=\"text-align: justify\"><strong><a href=\"http:\/\/blogsaverroes.juntadeandalucia.es\/ceipelzargal\/files\/2017\/02\/EOC-faro.jpg\"><img loading=\"lazy\" decoding=\"async\" class=\"size-full wp-image-3035 alignleft\" src=\"http:\/\/blogsaverroes.juntadeandalucia.es\/ceipelzargal\/files\/2017\/02\/EOC-faro.jpg\" alt=\"\" width=\"275\" height=\"183\" srcset=\"https:\/\/blogsaverroes.juntadeandalucia.es\/ceipelzargal\/files\/2017\/02\/EOC-faro.jpg 275w, https:\/\/blogsaverroes.juntadeandalucia.es\/ceipelzargal\/files\/2017\/02\/EOC-faro-24x16.jpg 24w, https:\/\/blogsaverroes.juntadeandalucia.es\/ceipelzargal\/files\/2017\/02\/EOC-faro-36x24.jpg 36w, https:\/\/blogsaverroes.juntadeandalucia.es\/ceipelzargal\/files\/2017\/02\/EOC-faro-48x32.jpg 48w\" sizes=\"(max-width: 275px) 100vw, 275px\" \/><\/a>Especialista de Audici\u00f3n y Lengu<\/strong><strong>aje<\/strong>:<\/p>\n<p style=\"text-align: justify\">D\u00aa. Jim\u00e9nez P\u00e9rez, Inmaculada<\/p>\n<p style=\"text-align: justify\">Lunes y mi\u00e9rcoles<\/p>\n<p style=\"text-align: justify\"><strong>M\u00e9dica<\/strong>: D\u00aa. Roc\u00edo<\/p>\n<p style=\"text-align: justify\">1 Mi\u00e9rcoles mes.&nbsp;<\/p>\n<p style=\"text-align: justify\"><strong>Orientadora<\/strong>: Rosa Mar\u00eda Mar\u00edn<\/p>\n<p style=\"text-align: justify\">Lunes y Mi\u00e9rcoles&nbsp;<\/p>\n<p>Tambi\u00e9n se integra diariamente en este equipo la maestra tutora del Aula de Apoyo a la Integraci\u00f3n y <strong>Especialista en Pedagog\u00eda Terap\u00e9utica<\/strong> D\u00aa. Vallejo Peralta, Mar\u00eda Carmen<\/p>\n<p>Si quieres una informaci\u00f3n m\u00e1s amplia referida a la Orientaci\u00f3n Educativa visita el enlace del <strong><a href=\"https:\/\/equipotecnicoorientaciongranada.wordpress.com\/\">Equipo T\u00e9cnico de Orientaci\u00f3n Educativa de Granada<\/a><\/strong><\/p>\n<p>Consulta los siguientes enlaces si quieres tener una informaci\u00f3n m\u00e1s detallada sobre:<\/p>\n<ul>\n<li style=\"text-align: justify\"><a href=\"http:\/\/portals.ced.junta-andalucia.es\/educacion\/portals\/abaco-portlet\/content\/fa188460-6105-46b1-a5d0-7ee9b19526df\">Orden de 8 de marzo de 2017 &#8211; PROTOCOLO DE DETECCI\u00d3N, IDENTIFICACI\u00d3N DEL ALUMNADO CON NECESIDADES ESPEC\u00cdFICAS DE APOYO EDUCATIVO Y ORGANIZACI\u00d3N DE LA RESPUESTA EDUCATIVA<\/a><\/li>\n<li><a href=\"http:\/\/blogsaverroes.juntadeandalucia.es\/ceipelzargal\/files\/2017\/02\/Qu\u00e9-protocolo-de-actuaci\u00f3n-se-debe-seguir-1.pdf\">Qu\u00e9 protocolo de actuaci\u00f3n se debe seguir<\/a><\/li>\n<li><a href=\"http:\/\/blogsaverroes.juntadeandalucia.es\/ceipelzargal\/files\/2017\/02\/Qu\u00e9-servicios-ofrecen.pdf\">Qu\u00e9 servicios ofrecen<\/a><a href=\"http:\/\/blogsaverroes.juntadeandalucia.es\/ceipelzargal\/files\/2017\/02\/Qu\u00e9-protocolo-de-actuaci\u00f3n-se-debe-seguir-1.pdf\">.<\/a><\/li>\n<\/ul>\n","protected":false},"excerpt":{"rendered":"<p>Desde aqu\u00ed conoceremos: Quienes forman parte de este equipo Este equipo est\u00e1 compuesto por un conjunto de profesionales que asisten de manera regular a nuestro centro, pero de forma discontinua, pues adem\u00e1s deben atender otros centros educativos de la zona. Acordando con ellos una cita podr\u00e1n atenderles en los d\u00edas que se indican: Especialista de [&hellip;]<\/p>\n","protected":false},"author":3817,"featured_media":0,"parent":0,"menu_order":0,"comment_status":"open","ping_status":"open","template":"","meta":{"ngg_post_thumbnail":0,"footnotes":"","_mc_calendar":[]},"aioseo_notices":[],"_links":{"self":[{"href":"https:\/\/blogsaverroes.juntadeandalucia.es\/ceipelzargal\/wp-json\/wp\/v2\/pages\/2631"}],"collection":[{"href":"https:\/\/blogsaverroes.juntadeandalucia.es\/ceipelzargal\/wp-json\/wp\/v2\/pages"}],"about":[{"href":"https:\/\/blogsaverroes.juntadeandalucia.es\/ceipelzargal\/wp-json\/wp\/v2\/types\/page"}],"author":[{"embeddable":true,"href":"https:\/\/blogsaverroes.juntadeandalucia.es\/ceipelzargal\/wp-json\/wp\/v2\/users\/3817"}],"replies":[{"embeddable":true,"href":"https:\/\/blogsaverroes.juntadeandalucia.es\/ceipelzargal\/wp-json\/wp\/v2\/comments?post=2631"}],"version-history":[{"count":20,"href":"https:\/\/blogsaverroes.juntadeandalucia.es\/ceipelzargal\/wp-json\/wp\/v2\/pages\/2631\/revisions"}],"predecessor-version":[{"id":6139,"href":"https:\/\/blogsaverroes.juntadeandalucia.es\/ceipelzargal\/wp-json\/wp\/v2\/pages\/2631\/revisions\/6139"}],"wp:attachment":[{"href":"https:\/\/blogsaverroes.juntadeandalucia.es\/ceipelzargal\/wp-json\/wp\/v2\/media?parent=2631"}],"curies":[{"name":"wp","href":"https:\/\/api.w.org\/{rel}","templated":true}]}}