{"id":2728,"date":"2016-12-01T18:18:09","date_gmt":"2016-12-01T18:18:09","guid":{"rendered":"http:\/\/blogsaverroes.juntadeandalucia.es\/ceipelzargal\/?page_id=2728"},"modified":"2016-12-01T18:18:09","modified_gmt":"2016-12-01T18:18:09","slug":"recursos-educativos","status":"publish","type":"page","link":"https:\/\/blogsaverroes.juntadeandalucia.es\/ceipelzargal\/recursos-educativos\/","title":{"rendered":"Recursos Educativos"},"content":{"rendered":"<p>Os proponemos una serie de p\u00e1ginas donde encontrar valiosos recursos educativos que ponemos a disposici\u00f3n de la comunidad educativa para mejorar nuestra oferta educativa.<\/p>\n<ul>\n<li>En relaci\u00f3n con la Seguridad Vial proponermos la visita a la web de la Direcci\u00f3n General de Tr\u00e1fico.<\/li>\n<\/ul>\n<p>&nbsp;<\/p>\n<p>&nbsp;<\/p>\n","protected":false},"excerpt":{"rendered":"<p>Os proponemos una serie de p\u00e1ginas donde encontrar valiosos recursos educativos que ponemos a disposici\u00f3n de la comunidad educativa para mejorar nuestra oferta educativa. En relaci\u00f3n con la Seguridad Vial proponermos la visita a la web de la Direcci\u00f3n General de Tr\u00e1fico. &nbsp; &nbsp;<\/p>\n","protected":false},"author":3817,"featured_media":0,"parent":0,"menu_order":0,"comment_status":"open","ping_status":"open","template":"","meta":{"ngg_post_thumbnail":0,"footnotes":"","_mc_calendar":[]},"aioseo_notices":[],"_links":{"self":[{"href":"https:\/\/blogsaverroes.juntadeandalucia.es\/ceipelzargal\/wp-json\/wp\/v2\/pages\/2728"}],"collection":[{"href":"https:\/\/blogsaverroes.juntadeandalucia.es\/ceipelzargal\/wp-json\/wp\/v2\/pages"}],"about":[{"href":"https:\/\/blogsaverroes.juntadeandalucia.es\/ceipelzargal\/wp-json\/wp\/v2\/types\/page"}],"author":[{"embeddable":true,"href":"https:\/\/blogsaverroes.juntadeandalucia.es\/ceipelzargal\/wp-json\/wp\/v2\/users\/3817"}],"replies":[{"embeddable":true,"href":"https:\/\/blogsaverroes.juntadeandalucia.es\/ceipelzargal\/wp-json\/wp\/v2\/comments?post=2728"}],"version-history":[{"count":1,"href":"https:\/\/blogsaverroes.juntadeandalucia.es\/ceipelzargal\/wp-json\/wp\/v2\/pages\/2728\/revisions"}],"predecessor-version":[{"id":2729,"href":"https:\/\/blogsaverroes.juntadeandalucia.es\/ceipelzargal\/wp-json\/wp\/v2\/pages\/2728\/revisions\/2729"}],"wp:attachment":[{"href":"https:\/\/blogsaverroes.juntadeandalucia.es\/ceipelzargal\/wp-json\/wp\/v2\/media?parent=2728"}],"curies":[{"name":"wp","href":"https:\/\/api.w.org\/{rel}","templated":true}]}}