{"id":2733,"date":"2016-12-01T18:39:57","date_gmt":"2016-12-01T18:39:57","guid":{"rendered":"http:\/\/blogsaverroes.juntadeandalucia.es\/ceipelzargal\/?page_id=2733"},"modified":"2017-01-20T14:33:57","modified_gmt":"2017-01-20T14:33:57","slug":"escuela-de-familias","status":"publish","type":"page","link":"https:\/\/blogsaverroes.juntadeandalucia.es\/ceipelzargal\/escuela-de-familias\/","title":{"rendered":"Escuela de Familias"},"content":{"rendered":"<p style=\"text-align: justify\">Para la reuni\u00f3n del d\u00eda 27 veremos el contenido de la Gu\u00eda para familias con hijos e hijas en Educaci\u00f3n Infantil y Primaria. Puedes descargarla desde este enlace <a title=\"GU\u00cdA\" href=\"http:\/\/blogsaverroes.juntadeandalucia.es\/ceipelzargal\/files\/2017\/01\/Educaci\u00f3n-y-Prevenci\u00f3n.pdf\">GU\u00cdA PARA FAMILIAS<\/a>.<\/p>\n<p style=\"text-align: justify\">Para que te sirva de orientaci\u00f3n te a\u00f1ado unas im\u00e1genes del \u00edndice que comenzaremos a ver.<\/p>\n<p style=\"text-align: justify\"><a href=\"http:\/\/blogsaverroes.juntadeandalucia.es\/ceipelzargal\/files\/2016\/12\/Educaci\u00f3n-y-Prevenci\u00f3n-Indice-guia_P\u00e1gina_1.jpg\"><img loading=\"lazy\" decoding=\"async\" class=\"alignleft wp-image-2932 size-large\" src=\"http:\/\/blogsaverroes.juntadeandalucia.es\/ceipelzargal\/files\/2016\/12\/Educaci\u00f3n-y-Prevenci\u00f3n-Indice-guia_P\u00e1gina_1-724x1024.jpg\" alt=\"Educaci\u00f3n-y-Prevenci\u00f3n Indice guia_P\u00e1gina_1\" width=\"660\" height=\"933\" srcset=\"https:\/\/blogsaverroes.juntadeandalucia.es\/ceipelzargal\/files\/2016\/12\/Educaci\u00f3n-y-Prevenci\u00f3n-Indice-guia_P\u00e1gina_1-724x1024.jpg 724w, https:\/\/blogsaverroes.juntadeandalucia.es\/ceipelzargal\/files\/2016\/12\/Educaci\u00f3n-y-Prevenci\u00f3n-Indice-guia_P\u00e1gina_1-212x300.jpg 212w, https:\/\/blogsaverroes.juntadeandalucia.es\/ceipelzargal\/files\/2016\/12\/Educaci\u00f3n-y-Prevenci\u00f3n-Indice-guia_P\u00e1gina_1-700x991.jpg 700w, https:\/\/blogsaverroes.juntadeandalucia.es\/ceipelzargal\/files\/2016\/12\/Educaci\u00f3n-y-Prevenci\u00f3n-Indice-guia_P\u00e1gina_1-17x24.jpg 17w, https:\/\/blogsaverroes.juntadeandalucia.es\/ceipelzargal\/files\/2016\/12\/Educaci\u00f3n-y-Prevenci\u00f3n-Indice-guia_P\u00e1gina_1-25x36.jpg 25w, https:\/\/blogsaverroes.juntadeandalucia.es\/ceipelzargal\/files\/2016\/12\/Educaci\u00f3n-y-Prevenci\u00f3n-Indice-guia_P\u00e1gina_1-34x48.jpg 34w, https:\/\/blogsaverroes.juntadeandalucia.es\/ceipelzargal\/files\/2016\/12\/Educaci\u00f3n-y-Prevenci\u00f3n-Indice-guia_P\u00e1gina_1.jpg 1131w\" sizes=\"(max-width: 660px) 100vw, 660px\" \/><\/a> <a href=\"http:\/\/blogsaverroes.juntadeandalucia.es\/ceipelzargal\/files\/2016\/12\/Educaci\u00f3n-y-Prevenci\u00f3n-Indice-guia_P\u00e1gina_2.jpg\"><img loading=\"lazy\" decoding=\"async\" class=\"aligncenter wp-image-2933 size-large\" src=\"http:\/\/blogsaverroes.juntadeandalucia.es\/ceipelzargal\/files\/2016\/12\/Educaci\u00f3n-y-Prevenci\u00f3n-Indice-guia_P\u00e1gina_2-724x1024.jpg\" alt=\"Educaci\u00f3n-y-Prevenci\u00f3n Indice guia_P\u00e1gina_2\" width=\"660\" height=\"933\" srcset=\"https:\/\/blogsaverroes.juntadeandalucia.es\/ceipelzargal\/files\/2016\/12\/Educaci\u00f3n-y-Prevenci\u00f3n-Indice-guia_P\u00e1gina_2-724x1024.jpg 724w, https:\/\/blogsaverroes.juntadeandalucia.es\/ceipelzargal\/files\/2016\/12\/Educaci\u00f3n-y-Prevenci\u00f3n-Indice-guia_P\u00e1gina_2-212x300.jpg 212w, https:\/\/blogsaverroes.juntadeandalucia.es\/ceipelzargal\/files\/2016\/12\/Educaci\u00f3n-y-Prevenci\u00f3n-Indice-guia_P\u00e1gina_2-700x991.jpg 700w, https:\/\/blogsaverroes.juntadeandalucia.es\/ceipelzargal\/files\/2016\/12\/Educaci\u00f3n-y-Prevenci\u00f3n-Indice-guia_P\u00e1gina_2-17x24.jpg 17w, https:\/\/blogsaverroes.juntadeandalucia.es\/ceipelzargal\/files\/2016\/12\/Educaci\u00f3n-y-Prevenci\u00f3n-Indice-guia_P\u00e1gina_2-25x36.jpg 25w, https:\/\/blogsaverroes.juntadeandalucia.es\/ceipelzargal\/files\/2016\/12\/Educaci\u00f3n-y-Prevenci\u00f3n-Indice-guia_P\u00e1gina_2-34x48.jpg 34w, https:\/\/blogsaverroes.juntadeandalucia.es\/ceipelzargal\/files\/2016\/12\/Educaci\u00f3n-y-Prevenci\u00f3n-Indice-guia_P\u00e1gina_2.jpg 1131w\" sizes=\"(max-width: 660px) 100vw, 660px\" \/><\/a><\/p>\n<p style=\"text-align: justify\">Son numerosas las ocasiones en las que los padres y madres nos podemos ver en la necesidad de conocer y aprender las mejores manera de participar en la educaci\u00f3n de nuestros hijos e hijas con informaci\u00f3n profesional, por ello ofrecemos los enlaces de la Escuela de Familia con este prop\u00f3sito.<\/p>\n<p style=\"text-align: justify\">Si no encuentras lo que necesitas, acude al bibliotecario del colegio y pregunta por el tema de tu inter\u00e9s para que pueda ayudarte a conseguir la informaci\u00f3n que est\u00e1s buscando.<\/p>\n<p style=\"text-align: justify\"><a href=\"http:\/\/blogsaverroes.juntadeandalucia.es\/ceipelzargal\/files\/2016\/12\/escuela-familias.jpg\"><img loading=\"lazy\" decoding=\"async\" class=\" size-medium wp-image-2739 aligncenter\" src=\"http:\/\/blogsaverroes.juntadeandalucia.es\/ceipelzargal\/files\/2016\/12\/escuela-familias-300x162.jpg\" alt=\"Escuela de familias\" width=\"300\" height=\"162\" srcset=\"https:\/\/blogsaverroes.juntadeandalucia.es\/ceipelzargal\/files\/2016\/12\/escuela-familias-300x162.jpg 300w, https:\/\/blogsaverroes.juntadeandalucia.es\/ceipelzargal\/files\/2016\/12\/escuela-familias.jpg 464w\" sizes=\"(max-width: 300px) 100vw, 300px\" \/><\/a>Recursos y Talleres<\/p>\n<ul>\n<li style=\"text-align: justify\"><a href=\"http:\/\/www.juntadeandalucia.es\/educacion\/webportal\/web\/escuela-de-familias\/para-formarte\/talleres-formativos\/internet-seguro\"> Internet Seguro<\/a><\/li>\n<li style=\"text-align: justify\"><a href=\"http:\/\/www.juntadeandalucia.es\/educacion\/webportal\/web\/escuela-de-familias\/para-formarte\/talleres-formativos\/mejorando-las-relaciones-con-nuestros-hijos-e-hijas\">Mejorando las relaciones con nuestros hijos e hijas<\/a><\/li>\n<li style=\"text-align: justify\"><a href=\"http:\/\/www.juntadeandalucia.es\/educacion\/webportal\/web\/escuela-de-familias\/para-formarte\/talleres-formativos\/como-ayudar-a-nuestros-hijos-e-hijas-primaria\">Ayuda a tu hijo o hija en los estudios<\/a><\/li>\n<li style=\"text-align: justify\"><a href=\"http:\/\/www.juntadeandalucia.es\/educacion\/webportal\/web\/escuela-de-familias\/para-formarte\/talleres-formativos\/lectura-en-familia\">Lectura en familia<\/a><\/li>\n<li style=\"text-align: justify\"><a href=\"http:\/\/www.juntadeandalucia.es\/educacion\/webportal\/web\/escuela-de-familias\/para-formarte\/organiza-tu-escuela-de-familias\">Propuesta de talleres para una Escuela de Padres en \u00abEl Zargal\u00bb<\/a><\/li>\n<\/ul>\n","protected":false},"excerpt":{"rendered":"<p>Para la reuni\u00f3n del d\u00eda 27 veremos el contenido de la Gu\u00eda para familias con hijos e hijas en Educaci\u00f3n Infantil y Primaria. Puedes descargarla desde este enlace GU\u00cdA PARA FAMILIAS. Para que te sirva de orientaci\u00f3n te a\u00f1ado unas im\u00e1genes del \u00edndice que comenzaremos a ver. Son numerosas las ocasiones en las que los [&hellip;]<\/p>\n","protected":false},"author":3817,"featured_media":2739,"parent":0,"menu_order":0,"comment_status":"open","ping_status":"open","template":"","meta":{"ngg_post_thumbnail":0,"footnotes":"","_mc_calendar":[]},"aioseo_notices":[],"_links":{"self":[{"href":"https:\/\/blogsaverroes.juntadeandalucia.es\/ceipelzargal\/wp-json\/wp\/v2\/pages\/2733"}],"collection":[{"href":"https:\/\/blogsaverroes.juntadeandalucia.es\/ceipelzargal\/wp-json\/wp\/v2\/pages"}],"about":[{"href":"https:\/\/blogsaverroes.juntadeandalucia.es\/ceipelzargal\/wp-json\/wp\/v2\/types\/page"}],"author":[{"embeddable":true,"href":"https:\/\/blogsaverroes.juntadeandalucia.es\/ceipelzargal\/wp-json\/wp\/v2\/users\/3817"}],"replies":[{"embeddable":true,"href":"https:\/\/blogsaverroes.juntadeandalucia.es\/ceipelzargal\/wp-json\/wp\/v2\/comments?post=2733"}],"version-history":[{"count":9,"href":"https:\/\/blogsaverroes.juntadeandalucia.es\/ceipelzargal\/wp-json\/wp\/v2\/pages\/2733\/revisions"}],"predecessor-version":[{"id":2935,"href":"https:\/\/blogsaverroes.juntadeandalucia.es\/ceipelzargal\/wp-json\/wp\/v2\/pages\/2733\/revisions\/2935"}],"wp:featuredmedia":[{"embeddable":true,"href":"https:\/\/blogsaverroes.juntadeandalucia.es\/ceipelzargal\/wp-json\/wp\/v2\/media\/2739"}],"wp:attachment":[{"href":"https:\/\/blogsaverroes.juntadeandalucia.es\/ceipelzargal\/wp-json\/wp\/v2\/media?parent=2733"}],"curies":[{"name":"wp","href":"https:\/\/api.w.org\/{rel}","templated":true}]}}