{"id":2879,"date":"2017-01-10T19:38:28","date_gmt":"2017-01-10T19:38:28","guid":{"rendered":"http:\/\/blogsaverroes.juntadeandalucia.es\/ceipelzargal\/?page_id=2879"},"modified":"2024-11-22T10:34:30","modified_gmt":"2024-11-22T10:34:30","slug":"criterios-evaluacion","status":"publish","type":"page","link":"https:\/\/blogsaverroes.juntadeandalucia.es\/ceipelzargal\/ed-primaria-2o-ciclo\/criterios-evaluacion\/","title":{"rendered":"Criterios Evaluaci\u00f3n"},"content":{"rendered":"<p style=\"text-align: justify\">En el siguiente enlace podr\u00e1 descargar y conocer el <strong>desarrollo curricular<\/strong> organizado por \u00e1reas con expresi\u00f3n de los Criterios de Evaluaci\u00f3n, Contenidos e Indicadores relativos al segundo ciclo.<\/p>\n<p style=\"text-align: center\"><span style=\"font-size: 24pt\">EN REMODELACI\u00d3N<\/span><\/p>\n<p style=\"text-align: center\"><span style=\"font-size: 24pt\">DISCULPEN LAS MOLESTIAS<\/span><\/p>\n","protected":false},"excerpt":{"rendered":"<p>En el siguiente enlace podr\u00e1 descargar y conocer el desarrollo curricular organizado por \u00e1reas con expresi\u00f3n de los Criterios de Evaluaci\u00f3n, Contenidos e Indicadores relativos al segundo ciclo. EN REMODELACI\u00d3N DISCULPEN LAS MOLESTIAS<\/p>\n","protected":false},"author":3817,"featured_media":0,"parent":432,"menu_order":0,"comment_status":"open","ping_status":"open","template":"","meta":{"ngg_post_thumbnail":0,"footnotes":"","_mc_calendar":[]},"aioseo_notices":[],"_links":{"self":[{"href":"https:\/\/blogsaverroes.juntadeandalucia.es\/ceipelzargal\/wp-json\/wp\/v2\/pages\/2879"}],"collection":[{"href":"https:\/\/blogsaverroes.juntadeandalucia.es\/ceipelzargal\/wp-json\/wp\/v2\/pages"}],"about":[{"href":"https:\/\/blogsaverroes.juntadeandalucia.es\/ceipelzargal\/wp-json\/wp\/v2\/types\/page"}],"author":[{"embeddable":true,"href":"https:\/\/blogsaverroes.juntadeandalucia.es\/ceipelzargal\/wp-json\/wp\/v2\/users\/3817"}],"replies":[{"embeddable":true,"href":"https:\/\/blogsaverroes.juntadeandalucia.es\/ceipelzargal\/wp-json\/wp\/v2\/comments?post=2879"}],"version-history":[{"count":4,"href":"https:\/\/blogsaverroes.juntadeandalucia.es\/ceipelzargal\/wp-json\/wp\/v2\/pages\/2879\/revisions"}],"predecessor-version":[{"id":6161,"href":"https:\/\/blogsaverroes.juntadeandalucia.es\/ceipelzargal\/wp-json\/wp\/v2\/pages\/2879\/revisions\/6161"}],"up":[{"embeddable":true,"href":"https:\/\/blogsaverroes.juntadeandalucia.es\/ceipelzargal\/wp-json\/wp\/v2\/pages\/432"}],"wp:attachment":[{"href":"https:\/\/blogsaverroes.juntadeandalucia.es\/ceipelzargal\/wp-json\/wp\/v2\/media?parent=2879"}],"curies":[{"name":"wp","href":"https:\/\/api.w.org\/{rel}","templated":true}]}}