{"id":330,"date":"2015-03-18T07:11:43","date_gmt":"2015-03-18T07:11:43","guid":{"rendered":"http:\/\/blogsaverroes.juntadeandalucia.es\/pre\/ceip\/?page_id=330"},"modified":"2017-04-21T13:05:59","modified_gmt":"2017-04-21T13:05:59","slug":"bibliop","status":"publish","type":"page","link":"https:\/\/blogsaverroes.juntadeandalucia.es\/ceipelzargal\/biblioteca\/bibliop\/","title":{"rendered":"Biblioweb"},"content":{"rendered":"<p><a href=\"http:\/\/www.juntadeandalucia.es\/averroes\/centros-tic\/18001792\/biblioweb\/\"><img loading=\"lazy\" decoding=\"async\" class=\"alignleft size-medium wp-image-3196\" src=\"http:\/\/blogsaverroes.juntadeandalucia.es\/ceipelzargal\/files\/2015\/03\/libreria-bilioteca-M-300x225.jpg\" alt=\"\" width=\"300\" height=\"225\" srcset=\"https:\/\/blogsaverroes.juntadeandalucia.es\/ceipelzargal\/files\/2015\/03\/libreria-bilioteca-M-300x225.jpg 300w, https:\/\/blogsaverroes.juntadeandalucia.es\/ceipelzargal\/files\/2015\/03\/libreria-bilioteca-M-768x576.jpg 768w, https:\/\/blogsaverroes.juntadeandalucia.es\/ceipelzargal\/files\/2015\/03\/libreria-bilioteca-M-1024x768.jpg 1024w, https:\/\/blogsaverroes.juntadeandalucia.es\/ceipelzargal\/files\/2015\/03\/libreria-bilioteca-M-700x525.jpg 700w, https:\/\/blogsaverroes.juntadeandalucia.es\/ceipelzargal\/files\/2015\/03\/libreria-bilioteca-M-24x18.jpg 24w, https:\/\/blogsaverroes.juntadeandalucia.es\/ceipelzargal\/files\/2015\/03\/libreria-bilioteca-M-36x27.jpg 36w, https:\/\/blogsaverroes.juntadeandalucia.es\/ceipelzargal\/files\/2015\/03\/libreria-bilioteca-M-48x36.jpg 48w, https:\/\/blogsaverroes.juntadeandalucia.es\/ceipelzargal\/files\/2015\/03\/libreria-bilioteca-M.jpg 1239w\" sizes=\"(max-width: 300px) 100vw, 300px\" \/><\/a>La b\u00fasqueda comienza en este enlace:<\/p>\n<p style=\"text-align: center\"><span style=\"font-size: 18pt\"><a href=\"http:\/\/www.juntadeandalucia.es\/averroes\/centros-tic\/18001792\/biblioweb\">BiblioWeb,<\/a><\/span><\/p>\n<p style=\"text-align: justify\">desde aqu\u00ed puedes acceder a nuestro cat\u00e1logo de libros registrados en ABIES. Busca los libros que puedan interesarte.<\/p>\n<p style=\"text-align: justify\">Si no encuentras el libro o recurso deseado, pregunta a la persona responsable de la biblioteca pues a\u00fan tenemos fondos que no se han podido introducir en el sistema de catalogaci\u00f2n Abies.<\/p>\n<p style=\"text-align: justify\">Leer mejora y transforma nuestro cerebro, nos ofrece nuevas referencias y crea nuevas conexiones neuronales que hacen que podamos tomar mejores decisiones. Adem\u00e1s nos proporciona innumerables momentos de diversi\u00f3n y nos hace viajar sin salir de casa y so\u00f1ar mundos inexistentes donde todo es posible.<\/p>\n<p><span style=\"color: #ff6600\"><strong><span style=\"font-size: 18pt\"><span style=\"color: #ff6600\">\u00a1LEE, VIAJA, SUE\u00d1A, &#8230;.SE FELIZ!<\/span><\/span><\/strong><\/span><a href=\"http:\/\/redcentros.ced.junta-andalucia.es\/centros-tic\/18001792\/biblioweb\/mod\/Busqueda\/\"><img loading=\"lazy\" decoding=\"async\" class=\"alignleft size-medium wp-image-3100\" src=\"http:\/\/blogsaverroes.juntadeandalucia.es\/ceipelzargal\/files\/2017\/03\/20161017_115608-e1489859242545-169x300.jpg\" alt=\"\" width=\"169\" height=\"300\" srcset=\"https:\/\/blogsaverroes.juntadeandalucia.es\/ceipelzargal\/files\/2017\/03\/20161017_115608-e1489859242545-169x300.jpg 169w, https:\/\/blogsaverroes.juntadeandalucia.es\/ceipelzargal\/files\/2017\/03\/20161017_115608-e1489859242545-768x1365.jpg 768w, https:\/\/blogsaverroes.juntadeandalucia.es\/ceipelzargal\/files\/2017\/03\/20161017_115608-e1489859242545-576x1024.jpg 576w, https:\/\/blogsaverroes.juntadeandalucia.es\/ceipelzargal\/files\/2017\/03\/20161017_115608-e1489859242545-700x1244.jpg 700w, https:\/\/blogsaverroes.juntadeandalucia.es\/ceipelzargal\/files\/2017\/03\/20161017_115608-e1489859242545-14x24.jpg 14w, https:\/\/blogsaverroes.juntadeandalucia.es\/ceipelzargal\/files\/2017\/03\/20161017_115608-e1489859242545-20x36.jpg 20w, https:\/\/blogsaverroes.juntadeandalucia.es\/ceipelzargal\/files\/2017\/03\/20161017_115608-e1489859242545-27x48.jpg 27w, https:\/\/blogsaverroes.juntadeandalucia.es\/ceipelzargal\/files\/2017\/03\/20161017_115608-e1489859242545.jpg 900w\" sizes=\"(max-width: 169px) 100vw, 169px\" \/><\/a><\/p>\n","protected":false},"excerpt":{"rendered":"<p>La b\u00fasqueda comienza en este enlace: BiblioWeb, desde aqu\u00ed puedes acceder a nuestro cat\u00e1logo de libros registrados en ABIES. Busca los libros que puedan interesarte. Si no encuentras el libro o recurso deseado, pregunta a la persona responsable de la biblioteca pues a\u00fan tenemos fondos que no se han podido introducir en el sistema de [&hellip;]<\/p>\n","protected":false},"author":1,"featured_media":0,"parent":113,"menu_order":0,"comment_status":"closed","ping_status":"open","template":"","meta":{"ngg_post_thumbnail":0,"footnotes":"","_mc_calendar":[]},"aioseo_notices":[],"_links":{"self":[{"href":"https:\/\/blogsaverroes.juntadeandalucia.es\/ceipelzargal\/wp-json\/wp\/v2\/pages\/330"}],"collection":[{"href":"https:\/\/blogsaverroes.juntadeandalucia.es\/ceipelzargal\/wp-json\/wp\/v2\/pages"}],"about":[{"href":"https:\/\/blogsaverroes.juntadeandalucia.es\/ceipelzargal\/wp-json\/wp\/v2\/types\/page"}],"author":[{"embeddable":true,"href":"https:\/\/blogsaverroes.juntadeandalucia.es\/ceipelzargal\/wp-json\/wp\/v2\/users\/1"}],"replies":[{"embeddable":true,"href":"https:\/\/blogsaverroes.juntadeandalucia.es\/ceipelzargal\/wp-json\/wp\/v2\/comments?post=330"}],"version-history":[{"count":10,"href":"https:\/\/blogsaverroes.juntadeandalucia.es\/ceipelzargal\/wp-json\/wp\/v2\/pages\/330\/revisions"}],"predecessor-version":[{"id":3211,"href":"https:\/\/blogsaverroes.juntadeandalucia.es\/ceipelzargal\/wp-json\/wp\/v2\/pages\/330\/revisions\/3211"}],"up":[{"embeddable":true,"href":"https:\/\/blogsaverroes.juntadeandalucia.es\/ceipelzargal\/wp-json\/wp\/v2\/pages\/113"}],"wp:attachment":[{"href":"https:\/\/blogsaverroes.juntadeandalucia.es\/ceipelzargal\/wp-json\/wp\/v2\/media?parent=330"}],"curies":[{"name":"wp","href":"https:\/\/api.w.org\/{rel}","templated":true}]}}