{"id":3492,"date":"2017-10-03T08:24:34","date_gmt":"2017-10-03T08:24:34","guid":{"rendered":"https:\/\/blogsaverroes.juntadeandalucia.es\/ceipelzargal\/?page_id=3492"},"modified":"2017-10-03T08:34:17","modified_gmt":"2017-10-03T08:34:17","slug":"higiene-del-cabello","status":"publish","type":"page","link":"https:\/\/blogsaverroes.juntadeandalucia.es\/ceipelzargal\/higiene-del-cabello\/","title":{"rendered":"Higiene del cabello"},"content":{"rendered":"<p style=\"text-align: justify\">La pediculosis es el nombre que recibe la presencia de par\u00e1sitos en el cabello de las personas. Son los dichosos \u00abpiojos\u00bb tan latosos de eliminar.<\/p>\n<p style=\"text-align: justify\">Es una situaci\u00f3n que se produce con cierta frecuencia, especialmente entre los escolares y por ello es muy aconsejable que todos conozcamos como evitarlos y como eliminarlos.<img loading=\"lazy\" decoding=\"async\" class=\"aligncenter size-medium wp-image-3493\" src=\"https:\/\/blogsaverroes.juntadeandalucia.es\/ceipelzargal\/files\/2017\/10\/piojos-300x120.jpg\" alt=\"\" width=\"300\" height=\"120\" srcset=\"https:\/\/blogsaverroes.juntadeandalucia.es\/ceipelzargal\/files\/2017\/10\/piojos-300x120.jpg 300w, https:\/\/blogsaverroes.juntadeandalucia.es\/ceipelzargal\/files\/2017\/10\/piojos-768x307.jpg 768w, https:\/\/blogsaverroes.juntadeandalucia.es\/ceipelzargal\/files\/2017\/10\/piojos-1024x409.jpg 1024w, https:\/\/blogsaverroes.juntadeandalucia.es\/ceipelzargal\/files\/2017\/10\/piojos-700x280.jpg 700w, https:\/\/blogsaverroes.juntadeandalucia.es\/ceipelzargal\/files\/2017\/10\/piojos-24x10.jpg 24w, https:\/\/blogsaverroes.juntadeandalucia.es\/ceipelzargal\/files\/2017\/10\/piojos-36x14.jpg 36w, https:\/\/blogsaverroes.juntadeandalucia.es\/ceipelzargal\/files\/2017\/10\/piojos-48x19.jpg 48w, https:\/\/blogsaverroes.juntadeandalucia.es\/ceipelzargal\/files\/2017\/10\/piojos.jpg 1242w\" sizes=\"(max-width: 300px) 100vw, 300px\" \/><\/p>\n<p style=\"text-align: justify\">La mejor forma de luchar contra ella es tener una buena higiene del cabello y la observaci\u00f3n meticulosa del cabello de nuestros hijos e hijas. Para ayudaros a eliminarlos os dejo este enlace con informaci\u00f3n de la Consejer\u00eda de Sanidad.<\/p>\n<h3><strong><a href=\"https:\/\/blogsaverroes.juntadeandalucia.es\/ceipelzargal\/files\/2017\/10\/Manual_piojos_1.pdf\">FOLLETO SOBRE LA PEDICULOSIS (PIOJOS)<\/a><\/strong><\/h3>\n","protected":false},"excerpt":{"rendered":"<p>La pediculosis es el nombre que recibe la presencia de par\u00e1sitos en el cabello de las personas. Son los dichosos \u00abpiojos\u00bb tan latosos de eliminar. Es una situaci\u00f3n que se produce con cierta frecuencia, especialmente entre los escolares y por ello es muy aconsejable que todos conozcamos como evitarlos y como eliminarlos. La mejor forma [&hellip;]<\/p>\n","protected":false},"author":3817,"featured_media":0,"parent":0,"menu_order":0,"comment_status":"closed","ping_status":"closed","template":"","meta":{"ngg_post_thumbnail":0,"footnotes":"","_mc_calendar":[]},"aioseo_notices":[],"_links":{"self":[{"href":"https:\/\/blogsaverroes.juntadeandalucia.es\/ceipelzargal\/wp-json\/wp\/v2\/pages\/3492"}],"collection":[{"href":"https:\/\/blogsaverroes.juntadeandalucia.es\/ceipelzargal\/wp-json\/wp\/v2\/pages"}],"about":[{"href":"https:\/\/blogsaverroes.juntadeandalucia.es\/ceipelzargal\/wp-json\/wp\/v2\/types\/page"}],"author":[{"embeddable":true,"href":"https:\/\/blogsaverroes.juntadeandalucia.es\/ceipelzargal\/wp-json\/wp\/v2\/users\/3817"}],"replies":[{"embeddable":true,"href":"https:\/\/blogsaverroes.juntadeandalucia.es\/ceipelzargal\/wp-json\/wp\/v2\/comments?post=3492"}],"version-history":[{"count":3,"href":"https:\/\/blogsaverroes.juntadeandalucia.es\/ceipelzargal\/wp-json\/wp\/v2\/pages\/3492\/revisions"}],"predecessor-version":[{"id":3497,"href":"https:\/\/blogsaverroes.juntadeandalucia.es\/ceipelzargal\/wp-json\/wp\/v2\/pages\/3492\/revisions\/3497"}],"wp:attachment":[{"href":"https:\/\/blogsaverroes.juntadeandalucia.es\/ceipelzargal\/wp-json\/wp\/v2\/media?parent=3492"}],"curies":[{"name":"wp","href":"https:\/\/api.w.org\/{rel}","templated":true}]}}