{"id":35,"date":"2015-03-13T08:21:43","date_gmt":"2015-03-13T08:21:43","guid":{"rendered":"http:\/\/blogsaverroes.juntadeandalucia.es\/pre\/ceip\/?page_id=35"},"modified":"2021-12-13T20:13:42","modified_gmt":"2021-12-13T20:13:42","slug":"el-centro-2","status":"publish","type":"page","link":"https:\/\/blogsaverroes.juntadeandalucia.es\/ceipelzargal\/el-centro-2\/","title":{"rendered":"Datos del centro"},"content":{"rendered":"<p style=\"text-align: justify\">Nuestro centro se encuentra en el municipio de <a href=\"http:\/\/www.cenesdelavega.es\/ayuntamiento-cenes-de-la-vega\">Cenes de la Vega<\/a>, si quieres conocer m\u00e1s sobre este bonito pueblo visita la web de <a href=\"http:\/\/www.cenesdelavega.es\/ayuntamiento-cenes-de-la-vega\">Cenes de la Vega<\/a>.<\/p>\n<p style=\"text-align: justify\">&nbsp;En la actualidad nuestro centro ocupa las instalaciones escolares situadas junto al r\u00edo&nbsp; y que podr\u00e1s ver indicadas en este mapa.<\/p>\n<p>&nbsp;<\/p>\n[googlemaps https:\/\/www.google.com\/maps\/embed?pb=!1m28!1m12!1m3!1d3179.769528617802!2d-3.537989334463615!3d37.15817930516588!2m3!1f0!2f0!3f0!3m2!1i1024!2i768!4f13.1!4m13!3e2!4m5!1s0xd71e479ae5aed8f%3A0x4004f6f8f4d4cacc!2sCEIP+El+Zargal+-+Dolores+Romero+Pozo%2C+Avenida+de+la+Sierra+Nevada%2C+18190+Cenes+de+la+Vega%2C+Granada!3m2!1d37.1601861!2d-3.5389212999999997!4m5!1s0xd71e479adc20181%3A0xf24063694498f15e!2sC.E.I.P.+El+Zargal%2C+Calle+el+Zargal%2C+18190+Cenes+de+la+Vega%2C+Granada!3m2!1d37.1559792!2d-3.5326986!5e0!3m2!1ses!2ses!4v1473108641866&amp;w=600&amp;h=450]\n<figure id=\"attachment_2231\" aria-describedby=\"caption-attachment-2231\" style=\"width: 300px\" class=\"wp-caption aligncenter\"><a href=\"http:\/\/blogsaverroes.juntadeandalucia.es\/ceipelzargal\/files\/2015\/03\/Vista-a\u00e9ra-2-acceso.jpg\"><img loading=\"lazy\" decoding=\"async\" class=\"wp-image-2231 size-medium\" src=\"http:\/\/blogsaverroes.juntadeandalucia.es\/ceipelzargal\/files\/2015\/03\/Vista-a\u00e9ra-2-acceso-300x149.jpg\" alt=\"CEIP El Zargal\" width=\"300\" height=\"149\" srcset=\"https:\/\/blogsaverroes.juntadeandalucia.es\/ceipelzargal\/files\/2015\/03\/Vista-a\u00e9ra-2-acceso-300x149.jpg 300w, https:\/\/blogsaverroes.juntadeandalucia.es\/ceipelzargal\/files\/2015\/03\/Vista-a\u00e9ra-2-acceso-1024x508.jpg 1024w, https:\/\/blogsaverroes.juntadeandalucia.es\/ceipelzargal\/files\/2015\/03\/Vista-a\u00e9ra-2-acceso-700x347.jpg 700w, https:\/\/blogsaverroes.juntadeandalucia.es\/ceipelzargal\/files\/2015\/03\/Vista-a\u00e9ra-2-acceso.jpg 1511w\" sizes=\"(max-width: 300px) 100vw, 300px\" \/><\/a><figcaption id=\"caption-attachment-2231\" class=\"wp-caption-text\">CEIP El Zargal<\/figcaption><\/figure>\n<h4><a href=\"http:\/\/www.google.es\/maps\/place\/C.E.I.P.+El+Zargal\/@37.1565179,-3.5336841,17z\/data=!4m5!3m4!1s0x0:0xf24063694498f15e!8m2!3d37.1559793!4d-3.5326986\">Ubicaci\u00f3n en google maps<\/a><\/h4>\n<h4><strong>Datos de contacto<\/strong><\/h4>\n<h2>Consejer\u00eda de Educaci\u00f3n. <strong>CEIP \u00abEL ZARGAL\u00bb <\/strong><\/h2>\n<h4>(C\u00f3digo de centro 18001792)<\/h4>\n<p><strong>Direcci\u00f3n:<\/strong><\/p>\n<p>Edif. \u00abEl Zargal\u00bb &#8211; Calle El zargal s\/n.&nbsp;18190 Cenes de la Vega (Granada)<\/p>\n<h3><strong>Tel\u00e9fono: 958 893178 \/ Fax: 958 893179<\/strong><br \/>\n<strong>Email:<\/strong>&nbsp;18001792.edu@juntadeandalucia.es<\/h3>\n<h4><a href=\"http:\/\/blogsaverroes.juntadeandalucia.es\/ceipelzargal\/portfolio\/triptico-informativo-el-zargal\/\"> DESCARGAR TRIPTICO INFORMATIVO<\/a><\/h4>\n<h3><strong>Horarios<br \/>\n<\/strong><\/h3>\n<h4><span style=\"text-decoration: underline\">De Lunes a Viernes <\/span><\/h4>\n<p>De <strong>07:30 a 09:00 <\/strong>horas se inicia la jornada escolar se inicia con el <strong>Aula Matinal<\/strong>.<\/p>\n<p>De <strong>09:00 a 14:00<\/strong> horas se desarrolla la <strong>jornada lectiva.<\/strong><\/p>\n<p>De <strong>14:00 a 16:00<\/strong> horas se ofrece el <strong>Servicio de Comedor<\/strong>.<\/p>\n<h4><span style=\"text-decoration: underline\">De Lunes a Jueves<\/span><\/h4>\n<p>De <strong>16:00 a 18:00<\/strong> horas tienen lugar las <strong>Actividades Extraescolares<\/strong>. Este servicio se ofrecer\u00e1 siempre que se confirmen grupos con un m\u00ednimo de 10 usuarios en la actividad solicitada.<\/p>\n<p>Nuestro Emblema<img loading=\"lazy\" decoding=\"async\" class=\"aligncenter size-medium wp-image-3529\" src=\"https:\/\/blogsaverroes.juntadeandalucia.es\/ceipelzargal\/files\/2015\/03\/Escudo_Colegio_Color-275x300.jpg\" alt=\"\" width=\"275\" height=\"300\" srcset=\"https:\/\/blogsaverroes.juntadeandalucia.es\/ceipelzargal\/files\/2015\/03\/Escudo_Colegio_Color-275x300.jpg 275w, https:\/\/blogsaverroes.juntadeandalucia.es\/ceipelzargal\/files\/2015\/03\/Escudo_Colegio_Color-22x24.jpg 22w, https:\/\/blogsaverroes.juntadeandalucia.es\/ceipelzargal\/files\/2015\/03\/Escudo_Colegio_Color-33x36.jpg 33w, https:\/\/blogsaverroes.juntadeandalucia.es\/ceipelzargal\/files\/2015\/03\/Escudo_Colegio_Color-44x48.jpg 44w, https:\/\/blogsaverroes.juntadeandalucia.es\/ceipelzargal\/files\/2015\/03\/Escudo_Colegio_Color.jpg 530w\" sizes=\"(max-width: 275px) 100vw, 275px\" \/><\/p>\n<h3 style=\"text-align: justify\" align=\"justify\">EXPLICACI\u00d3N DEL EMBLEMA DEL CENTRO, APROBADO EN CLAUSTRO Y CONSEJO ESCOLAR CON FECHA 25 DE FEBRERO DE 2008 &nbsp;&nbsp;&nbsp;&nbsp;&nbsp;&nbsp;&nbsp;&nbsp;&nbsp;&nbsp;&nbsp;&nbsp;&nbsp;&nbsp;&nbsp;&nbsp;&nbsp;&nbsp;&nbsp;&nbsp;<\/h3>\n<p style=\"text-align: justify\" align=\"justify\"><strong><em>GRANADA<\/em><\/strong>: Porque estamos en la provincia de Granada.<\/p>\n<p style=\"text-align: justify\" align=\"justify\"><strong><em>COLORES<\/em><\/strong>: Los que tiene el Ayuntamiento de Cenes de la Vega en su escudo.<\/p>\n<p style=\"text-align: justify\" align=\"justify\"><strong><em>LIBRO<\/em><\/strong>: Es un colegio, con todo lo que ello implica, con fomento de la lectura y concesi\u00f3n del Plan de Lectura y apoyo a la Biblioteca Escolar.<\/p>\n<p style=\"text-align: justify\" align=\"justify\"><strong><em>SIERRA NEVADA<\/em><\/strong>: Porque Cenes es la puerta de Sierra Nevada<\/p>\n<p style=\"text-align: justify\" align=\"justify\"><strong><em>RAMA DE OLIVO<\/em><\/strong>: Est\u00e1 relacionado con todos los valores, que aparecen en la portada de la web del Centro, incluido Escuela Espacio de Paz. Dice la web:<\/p>\n<ul style=\"text-align: justify\">\n<li>\n<div><strong>Ense\u00f1anza p\u00fablica de calidad:<\/strong> basada en los principios de libertad, participaci\u00f3n democr\u00e1tica, pluralismo ideol\u00f3gico, no discriminaci\u00f3n y ejercicio responsable de los derechos y libertades fundamentales de la persona.<\/div>\n<\/li>\n<li>\n<div><strong>Objetivo fundamental de la educaci\u00f3n:<\/strong> pleno desarrollo de la personalidad humana de los alumnos y alumnas en el respeto a los principios democr\u00e1ticos de convivencia y a los derechos y libertades fundamentales.<\/div>\n<\/li>\n<li>\n<div><strong>Acci\u00f3n educativa y formativa:<\/strong> ir\u00e1 encaminada a proporcionar a los alumnos y alumnas una formaci\u00f3n plena que les permita conformar su propia identidad y construir una concepci\u00f3n de la realidad que integre el conocimiento y la valoraci\u00f3n \u00e9tica y moral de la misma desarrollando, al mismo tiempo, su capacidad para ejercer, de manera cr\u00edtica, la libertad, la tolerancia, la solidaridad y el respeto a los dem\u00e1s y al medio ambiente.<\/div>\n<\/li>\n<li>\n<div><strong>Valores fundamentales:<\/strong> proclamamos por tanto que nos comprometemos a fomentar y desarrollar entre los alumnos y alumnas de nuestro Centro, los siguientes: la solidaridad, la tolerancia, la igualdad, el respeto a los dem\u00e1s, el di\u00e1logo, el trabajo, el esfuerzo, la constancia,&nbsp;el razonamiento aut\u00f3nomo, la capacidad cr\u00edtica y el respeto a nuestro rico y plural patrimonio f\u00edsico, cultural, hist\u00f3rico y ling\u00fc\u00edstico.<\/div>\n<\/li>\n<li>\n<div><strong>Compromiso:<\/strong> orientar toda nuestra labor formativa a conseguir que nuestros alumnos y alumnas desarrollen plenamente su personalidad, adquieran h\u00e1bitos sociales, desarrollen capacidades intelectuales y cognitivas y adquieran los conocimientos necesarios, prepar\u00e1ndolos para integrarse activa y responsablemente en una sociedad libre y democr\u00e1tica, con sentido cr\u00edtico solidario y de respeto a la pluralidad ideol\u00f3gica, cultural, ling\u00fc\u00edstica y religiosa de nuestro pa\u00eds.<\/div>\n<\/li>\n<\/ul>\n<p style=\"text-align: justify\" align=\"justify\"><strong><em>MANOS<\/em><\/strong>: Significan tres cosas:<\/p>\n<ul style=\"text-align: justify\">\n<li>\n<div>&#8211; Blancas de pureza, con buenas intenciones, sin ocultar nada.<\/div>\n<\/li>\n<li>\n<div>&#8211; El Colegio est\u00e1 abierto a toda innovaci\u00f3n pedag\u00f3gica y tecnol\u00f3gica, a todo progreso, a proyectos educativos, es un Centro abierto.<\/div>\n<\/li>\n<li>\n<div>&#8211; Tenemos que sostener entre todos (padres\/madres, alumnos\/as, profesorado y distintas administraciones) el Centro. Todos\/as somos necesarios e imprescindibles, teniendo cabida en el mismo.<\/div>\n<\/li>\n<\/ul>\n<p style=\"text-align: justify\">&nbsp;<\/p>\n<h4><strong>Oferta educativa<\/strong><\/h4>\n<p>Una breve descripci\u00f3n de las ense\u00f1anzas ofrecidas en el centro, con posibilidad de <a title=\"Educaci\u00f3n infantil\" href=\"http:\/\/blogsaverroes.juntadeandalucia.es\/ceip\/educacion-infantil\/\">enlazar <\/a>a otras secciones informativas de la web.<\/p>\n<h4>Instalaciones<\/h4>\n<p>\n<div class=\"ngg-imagebrowser\" id=\"ngg-imagebrowser-8a657ebc6cbe09cfbefc59aa49e0c17a-35\" data-nextgen-gallery-id=\"8a657ebc6cbe09cfbefc59aa49e0c17a\">\n\n\t<h3>El_Zargal-L<\/h3>\n\n\t<div class=\"pic\"><a href=\"https:\/\/blogsaverroes.juntadeandalucia.es\/ceipelzargal\/wp-content\/uploads\/sites\/792\/nggallery\/instalaciones\/El_Zargal-L.jpg\" title=\"Entrada El Zargal\" class=\"ngg-fancybox\" rel=\"8a657ebc6cbe09cfbefc59aa49e0c17a\" data-image-id=\"25\" data-src=\"https:\/\/blogsaverroes.juntadeandalucia.es\/ceipelzargal\/wp-content\/uploads\/sites\/792\/nggallery\/instalaciones\/El_Zargal-L.jpg\" data-thumbnail=\"https:\/\/blogsaverroes.juntadeandalucia.es\/ceipelzargal\/wp-content\/uploads\/sites\/792\/nggallery\/instalaciones\/thumbs\/thumbs_El_Zargal-L.jpg\" data-title=\"El_Zargal-L\" data-description=\"Entrada El Zargal\"><img alt=\"El_Zargal-L\" src=\"https:\/\/blogsaverroes.juntadeandalucia.es\/ceipelzargal\/wp-content\/uploads\/sites\/792\/nggallery\/instalaciones\/El_Zargal-L.jpg\"\/><\/a><\/div>\n\t<div class=\"ngg-imagebrowser-nav\">\n\t\t<div class=\"back\">\n\t\t\t<a class=\"ngg-browser-prev\" id=\"ngg-prev-16\" href=\"https:\/\/blogsaverroes.juntadeandalucia.es\/ceipelzargal\/el-centro-2\/nggallery\/image\/comedor_zargals-1\/\">&#9668; Volver<\/a>\n\t\t<\/div>\n\t\t<div class=\"next\">\n\t\t\t<a class=\"ngg-browser-next\" id=\"ngg-next-22\" href=\"https:\/\/blogsaverroes.juntadeandalucia.es\/ceipelzargal\/el-centro-2\/nggallery\/image\/vista-3d-zargal-1\/\">Siguiente &#9658;<\/a>\n\t\t<\/div>\n\t\t<div class=\"counter\">Imagen 1 De 9<\/div>\n\t\t<div class=\"ngg-imagebrowser-desc\"><p>Entrada El Zargal<\/p><\/div>\n\t<\/div>\n\n<\/div>\n\n\t<\/p>\n","protected":false},"excerpt":{"rendered":"<p>Nuestro centro se encuentra en el municipio de Cenes de la Vega, si quieres conocer m\u00e1s sobre este bonito pueblo visita la web de Cenes de la Vega. &nbsp;En la actualidad nuestro centro ocupa las instalaciones escolares situadas junto al r\u00edo&nbsp; y que podr\u00e1s ver indicadas en este mapa. &nbsp; [googlemaps https:\/\/www.google.com\/maps\/embed?pb=!1m28!1m12!1m3!1d3179.769528617802!2d-3.537989334463615!3d37.15817930516588!2m3!1f0!2f0!3f0!3m2!1i1024!2i768!4f13.1!4m13!3e2!4m5!1s0xd71e479ae5aed8f%3A0x4004f6f8f4d4cacc!2sCEIP+El+Zargal+-+Dolores+Romero+Pozo%2C+Avenida+de+la+Sierra+Nevada%2C+18190+Cenes+de+la+Vega%2C+Granada!3m2!1d37.1601861!2d-3.5389212999999997!4m5!1s0xd71e479adc20181%3A0xf24063694498f15e!2sC.E.I.P.+El+Zargal%2C+Calle+el+Zargal%2C+18190+Cenes+de+la+Vega%2C+Granada!3m2!1d37.1559792!2d-3.5326986!5e0!3m2!1ses!2ses!4v1473108641866&amp;w=600&amp;h=450] Ubicaci\u00f3n en google [&hellip;]<\/p>\n","protected":false},"author":1,"featured_media":0,"parent":0,"menu_order":0,"comment_status":"closed","ping_status":"open","template":"","meta":{"ngg_post_thumbnail":0,"footnotes":"","_mc_calendar":[]},"aioseo_notices":[],"_links":{"self":[{"href":"https:\/\/blogsaverroes.juntadeandalucia.es\/ceipelzargal\/wp-json\/wp\/v2\/pages\/35"}],"collection":[{"href":"https:\/\/blogsaverroes.juntadeandalucia.es\/ceipelzargal\/wp-json\/wp\/v2\/pages"}],"about":[{"href":"https:\/\/blogsaverroes.juntadeandalucia.es\/ceipelzargal\/wp-json\/wp\/v2\/types\/page"}],"author":[{"embeddable":true,"href":"https:\/\/blogsaverroes.juntadeandalucia.es\/ceipelzargal\/wp-json\/wp\/v2\/users\/1"}],"replies":[{"embeddable":true,"href":"https:\/\/blogsaverroes.juntadeandalucia.es\/ceipelzargal\/wp-json\/wp\/v2\/comments?post=35"}],"version-history":[{"count":24,"href":"https:\/\/blogsaverroes.juntadeandalucia.es\/ceipelzargal\/wp-json\/wp\/v2\/pages\/35\/revisions"}],"predecessor-version":[{"id":4980,"href":"https:\/\/blogsaverroes.juntadeandalucia.es\/ceipelzargal\/wp-json\/wp\/v2\/pages\/35\/revisions\/4980"}],"wp:attachment":[{"href":"https:\/\/blogsaverroes.juntadeandalucia.es\/ceipelzargal\/wp-json\/wp\/v2\/media?parent=35"}],"curies":[{"name":"wp","href":"https:\/\/api.w.org\/{rel}","templated":true}]}}