{"id":42,"date":"2015-03-13T08:40:47","date_gmt":"2015-03-13T08:40:47","guid":{"rendered":"http:\/\/blogsaverroes.juntadeandalucia.es\/pre\/ceip\/?page_id=42"},"modified":"2025-01-20T09:17:34","modified_gmt":"2025-01-20T09:17:34","slug":"equipo-directivo","status":"publish","type":"page","link":"https:\/\/blogsaverroes.juntadeandalucia.es\/ceipelzargal\/equipo-directivo\/","title":{"rendered":"Equipo directivo"},"content":{"rendered":"<p>Durante el curso 2018\/2019 el equipo directivo estar\u00e1 formado por las personas que se indican a continuaci\u00f3n:<\/p>\n<p>&nbsp;<\/p>\n<p>&nbsp;<\/p>\n<ul>\n<li><strong>Direcci\u00f3n: D. RAM\u00d3N RAM\u00cdREZ RUIZ<br \/>\n<\/strong><\/li>\n<li><strong>Jefatura de estudios: D\u00f1a. NATALIA SANTIAGO GARC\u00cdA<br \/>\n<\/strong><\/li>\n<li><strong>Secretar\u00eda: D\u00f1a. CAROLINA G\u00d3MEZ BEIRO.<\/strong><\/li>\n<\/ul>\n<p>&nbsp;<\/p>\n","protected":false},"excerpt":{"rendered":"<p>Durante el curso 2018\/2019 el equipo directivo estar\u00e1 formado por las personas que se indican a continuaci\u00f3n: &nbsp; &nbsp; Direcci\u00f3n: D. RAM\u00d3N RAM\u00cdREZ RUIZ Jefatura de estudios: D\u00f1a. NATALIA SANTIAGO GARC\u00cdA Secretar\u00eda: D\u00f1a. CAROLINA G\u00d3MEZ BEIRO. &nbsp;<\/p>\n","protected":false},"author":1,"featured_media":0,"parent":0,"menu_order":0,"comment_status":"closed","ping_status":"closed","template":"","meta":{"ngg_post_thumbnail":0,"footnotes":"","_mc_calendar":[]},"aioseo_notices":[],"_links":{"self":[{"href":"https:\/\/blogsaverroes.juntadeandalucia.es\/ceipelzargal\/wp-json\/wp\/v2\/pages\/42"}],"collection":[{"href":"https:\/\/blogsaverroes.juntadeandalucia.es\/ceipelzargal\/wp-json\/wp\/v2\/pages"}],"about":[{"href":"https:\/\/blogsaverroes.juntadeandalucia.es\/ceipelzargal\/wp-json\/wp\/v2\/types\/page"}],"author":[{"embeddable":true,"href":"https:\/\/blogsaverroes.juntadeandalucia.es\/ceipelzargal\/wp-json\/wp\/v2\/users\/1"}],"replies":[{"embeddable":true,"href":"https:\/\/blogsaverroes.juntadeandalucia.es\/ceipelzargal\/wp-json\/wp\/v2\/comments?post=42"}],"version-history":[{"count":14,"href":"https:\/\/blogsaverroes.juntadeandalucia.es\/ceipelzargal\/wp-json\/wp\/v2\/pages\/42\/revisions"}],"predecessor-version":[{"id":6318,"href":"https:\/\/blogsaverroes.juntadeandalucia.es\/ceipelzargal\/wp-json\/wp\/v2\/pages\/42\/revisions\/6318"}],"wp:attachment":[{"href":"https:\/\/blogsaverroes.juntadeandalucia.es\/ceipelzargal\/wp-json\/wp\/v2\/media?parent=42"}],"curies":[{"name":"wp","href":"https:\/\/api.w.org\/{rel}","templated":true}]}}