{"id":44,"date":"2015-03-13T08:42:15","date_gmt":"2015-03-13T08:42:15","guid":{"rendered":"http:\/\/blogsaverroes.juntadeandalucia.es\/pre\/ceip\/?page_id=44"},"modified":"2024-11-28T08:33:31","modified_gmt":"2024-11-28T08:33:31","slug":"planes-y-proyectos","status":"publish","type":"page","link":"https:\/\/blogsaverroes.juntadeandalucia.es\/ceipelzargal\/planes-y-proyectos\/","title":{"rendered":"Planes y Programas"},"content":{"rendered":"<p><img loading=\"lazy\" decoding=\"async\" class=\"alignnone size-medium wp-image-1667\" src=\"http:\/\/blogsaverroes.juntadeandalucia.es\/ceipelzargal\/files\/2015\/03\/planes-300x150.png\" alt=\"planes\" width=\"300\" height=\"150\" srcset=\"https:\/\/blogsaverroes.juntadeandalucia.es\/ceipelzargal\/files\/2015\/03\/planes-300x150.png 300w, https:\/\/blogsaverroes.juntadeandalucia.es\/ceipelzargal\/files\/2015\/03\/planes-332x166.png 332w, https:\/\/blogsaverroes.juntadeandalucia.es\/ceipelzargal\/files\/2015\/03\/planes.png 640w\" sizes=\"(max-width: 300px) 100vw, 300px\" \/><\/p>\n<p>Nuestro centro participa de los siguientes <strong>Planes y Programas<\/strong> promovidos desde la Consejer\u00eda de Educaci\u00f3n:<\/p>\n<ul>\n<li><strong><a href=\"http:\/\/blogsaverroes.juntadeandalucia.es\/ceipelzargal\/?p=2591\" target=\"_blank\" rel=\"noopener\">Plan de igualdad. <\/a><br \/>\n<\/strong><\/li>\n<li><strong><a href=\"http:\/\/blogsaverroes.juntadeandalucia.es\/ceipelzargal\/2016\/10\/30\/plan-de-apoyo-a-las-familias-andaluzas\/\" target=\"_blank\" rel=\"noopener\">Plan de Apoyo a las Familias. <\/a><br \/>\n<\/strong><\/li>\n<li><strong><a href=\"http:\/\/blogsaverroes.juntadeandalucia.es\/ceipelzargal\/?p=2715\" target=\"_blank\" rel=\"noopener\">Proyecto biling\u00fce. <\/a><br \/>\n<\/strong><\/li>\n<li><strong><a href=\"http:\/\/blogsaverroes.juntadeandalucia.es\/ceipelzargal\/?p=2723\" target=\"_blank\" rel=\"noopener\">Programa \u00abCreciendo en Salud\u00bb. <\/a><\/strong><\/li>\n<li><strong><a href=\"http:\/\/blogsaverroes.juntadeandalucia.es\/ceipelzargal\/planes-y-proyectos\/escuela-espacio-de-paz\/\" target=\"_blank\" rel=\"noopener\">Escuela Espacio de Paz. <\/a>.<\/strong><\/li>\n<li><strong><a href=\"http:\/\/blogsaverroes.juntadeandalucia.es\/ceipelzargal\/2016\/10\/30\/2482\/\" target=\"_blank\" rel=\"noopener\">Practicum Grado Maestro. <\/a><\/strong><\/li>\n<li><strong><a href=\"http:\/\/blogsaverroes.juntadeandalucia.es\/ceipelzargal\/planes-y-proyectos\/proyecto-namana\/\">Proyecto \u00abN\u00e1mana\u00bb <\/a><br \/>\n<\/strong><\/li>\n<li><strong><a href=\"http:\/\/blogsaverroes.juntadeandalucia.es\/ceipelzargal\/planes-y-proyectos\/plan-de-acompanamiento\/\" target=\"_blank\" rel=\"noopener\">Programa de acompa\u00f1amiento.<\/a><\/strong><\/li>\n<\/ul>\n<p>&nbsp;<\/p>\n","protected":false},"excerpt":{"rendered":"<p>Nuestro centro participa de los siguientes Planes y Programas promovidos desde la Consejer\u00eda de Educaci\u00f3n: Plan de igualdad. Plan de Apoyo a las Familias. Proyecto biling\u00fce. Programa \u00abCreciendo en Salud\u00bb. Escuela Espacio de Paz. . Practicum Grado Maestro. Proyecto \u00abN\u00e1mana\u00bb Programa de acompa\u00f1amiento. &nbsp;<\/p>\n","protected":false},"author":1,"featured_media":0,"parent":0,"menu_order":0,"comment_status":"closed","ping_status":"closed","template":"","meta":{"ngg_post_thumbnail":0,"footnotes":"","_mc_calendar":[]},"aioseo_notices":[],"_links":{"self":[{"href":"https:\/\/blogsaverroes.juntadeandalucia.es\/ceipelzargal\/wp-json\/wp\/v2\/pages\/44"}],"collection":[{"href":"https:\/\/blogsaverroes.juntadeandalucia.es\/ceipelzargal\/wp-json\/wp\/v2\/pages"}],"about":[{"href":"https:\/\/blogsaverroes.juntadeandalucia.es\/ceipelzargal\/wp-json\/wp\/v2\/types\/page"}],"author":[{"embeddable":true,"href":"https:\/\/blogsaverroes.juntadeandalucia.es\/ceipelzargal\/wp-json\/wp\/v2\/users\/1"}],"replies":[{"embeddable":true,"href":"https:\/\/blogsaverroes.juntadeandalucia.es\/ceipelzargal\/wp-json\/wp\/v2\/comments?post=44"}],"version-history":[{"count":32,"href":"https:\/\/blogsaverroes.juntadeandalucia.es\/ceipelzargal\/wp-json\/wp\/v2\/pages\/44\/revisions"}],"predecessor-version":[{"id":6177,"href":"https:\/\/blogsaverroes.juntadeandalucia.es\/ceipelzargal\/wp-json\/wp\/v2\/pages\/44\/revisions\/6177"}],"wp:attachment":[{"href":"https:\/\/blogsaverroes.juntadeandalucia.es\/ceipelzargal\/wp-json\/wp\/v2\/media?parent=44"}],"curies":[{"name":"wp","href":"https:\/\/api.w.org\/{rel}","templated":true}]}}