{"id":49,"date":"2015-03-13T08:47:05","date_gmt":"2015-03-13T08:47:05","guid":{"rendered":"http:\/\/blogsaverroes.juntadeandalucia.es\/pre\/ceip\/?page_id=49"},"modified":"2026-01-21T10:21:29","modified_gmt":"2026-01-21T10:21:29","slug":"proyecto-educativo","status":"publish","type":"page","link":"https:\/\/blogsaverroes.juntadeandalucia.es\/ceipelzargal\/proyecto-educativo\/","title":{"rendered":"Plan de Centro"},"content":{"rendered":"<p>&nbsp;<\/p>\n<p>&nbsp;<\/p>\n<p><img loading=\"lazy\" decoding=\"async\" class=\" wp-image-1662 aligncenter\" style=\"font-family: 'Open Sans', sans-serif;font-size: 15px;font-style: normal;font-weight: 400\" src=\"http:\/\/blogsaverroes.juntadeandalucia.es\/ceipelzargal\/files\/2015\/03\/proyecto-300x266.png\" alt=\"proyecto\" width=\"229\" height=\"203\" srcset=\"https:\/\/blogsaverroes.juntadeandalucia.es\/ceipelzargal\/files\/2015\/03\/proyecto-300x266.png 300w, https:\/\/blogsaverroes.juntadeandalucia.es\/ceipelzargal\/files\/2015\/03\/proyecto-332x295.png 332w, https:\/\/blogsaverroes.juntadeandalucia.es\/ceipelzargal\/files\/2015\/03\/proyecto.png 640w\" sizes=\"(max-width: 229px) 100vw, 229px\" \/><\/p>\n<p>Un centro se define en gran medida por su <strong>Proyecto Educativo<\/strong>. En \u00e9l se plasma el modelo educativo y la concreci\u00f3n de la normativa que un centro realiza respecto a las ense\u00f1anzas que imparte. Aspectos tales como las finalidades educativas, objetivos, atenci\u00f3n a la diversidad, etc.<\/p>\n<p>&nbsp;<\/p>\n<p><a href=\"https:\/\/blogsaverroes.juntadeandalucia.es\/ceipelzargal\/files\/2026\/01\/NUEVO-PROYECTO-EDUCATIVO-2025.pdf\">&nbsp;PROYECTO EDUCATIVO CONSOLIDADO 2025<\/a><\/p>\n<p><a href=\"https:\/\/blogsaverroes.juntadeandalucia.es\/ceipelzargal\/files\/2026\/01\/NUEVO-ROF-ZARGAL-2025.docx\"> ROF-ZARGAL-2025 CONSOLIDADO<\/a><\/p>\n<p><a href=\"https:\/\/blogsaverroes.juntadeandalucia.es\/ceipelzargal\/files\/2022\/05\/Proyecto_de_Gestion_del_Colegio_2021.pdf\">Proyecto_de_Gesti\u00f3n<\/a><\/p>\n<p><a href=\"https:\/\/blogsaverroes.juntadeandalucia.es\/ceipelzargal\/files\/2023\/06\/PROTOCOLO-ALTAS-TEMPERATURAS.pdf\" target=\"_blank\" rel=\"noopener noreferrer\">PROTOCOLO ALTAS TEMPERATURAS<\/a><\/p>\n","protected":false},"excerpt":{"rendered":"<p>&nbsp; &nbsp; Un centro se define en gran medida por su Proyecto Educativo. En \u00e9l se plasma el modelo educativo y la concreci\u00f3n de la normativa que un centro realiza respecto a las ense\u00f1anzas que imparte. Aspectos tales como las finalidades educativas, objetivos, atenci\u00f3n a la diversidad, etc. &nbsp; &nbsp;PROYECTO EDUCATIVO CONSOLIDADO 2025 ROF-ZARGAL-2025 CONSOLIDADO [&hellip;]<\/p>\n","protected":false},"author":1,"featured_media":0,"parent":0,"menu_order":0,"comment_status":"closed","ping_status":"open","template":"","meta":{"ngg_post_thumbnail":0,"footnotes":"","_mc_calendar":[]},"aioseo_notices":[],"_links":{"self":[{"href":"https:\/\/blogsaverroes.juntadeandalucia.es\/ceipelzargal\/wp-json\/wp\/v2\/pages\/49"}],"collection":[{"href":"https:\/\/blogsaverroes.juntadeandalucia.es\/ceipelzargal\/wp-json\/wp\/v2\/pages"}],"about":[{"href":"https:\/\/blogsaverroes.juntadeandalucia.es\/ceipelzargal\/wp-json\/wp\/v2\/types\/page"}],"author":[{"embeddable":true,"href":"https:\/\/blogsaverroes.juntadeandalucia.es\/ceipelzargal\/wp-json\/wp\/v2\/users\/1"}],"replies":[{"embeddable":true,"href":"https:\/\/blogsaverroes.juntadeandalucia.es\/ceipelzargal\/wp-json\/wp\/v2\/comments?post=49"}],"version-history":[{"count":21,"href":"https:\/\/blogsaverroes.juntadeandalucia.es\/ceipelzargal\/wp-json\/wp\/v2\/pages\/49\/revisions"}],"predecessor-version":[{"id":6678,"href":"https:\/\/blogsaverroes.juntadeandalucia.es\/ceipelzargal\/wp-json\/wp\/v2\/pages\/49\/revisions\/6678"}],"wp:attachment":[{"href":"https:\/\/blogsaverroes.juntadeandalucia.es\/ceipelzargal\/wp-json\/wp\/v2\/media?parent=49"}],"curies":[{"name":"wp","href":"https:\/\/api.w.org\/{rel}","templated":true}]}}