{"id":77,"date":"2015-03-16T06:54:56","date_gmt":"2015-03-16T06:54:56","guid":{"rendered":"http:\/\/blogsaverroes.juntadeandalucia.es\/pre\/ceip\/?page_id=77"},"modified":"2021-03-02T09:29:07","modified_gmt":"2021-03-02T09:29:07","slug":"secretaria","status":"publish","type":"page","link":"https:\/\/blogsaverroes.juntadeandalucia.es\/ceipelzargal\/secretaria\/","title":{"rendered":"Secretar\u00eda"},"content":{"rendered":"<p style=\"text-align: justify\">La <strong>Secretar\u00eda<\/strong> desarrolla muchas funciones importantes en la vida de un centro, especialmente en la relaci\u00f3n que mantiene con las familias en los diferentes tr\u00e1mites administrativos a lo largo de la escolarizaci\u00f3n: admisi\u00f3n, matr\u00edcula, aula matinal, comedor, actividades extraescolares, tramitaci\u00f3n de las solicitudes de ayudas y bonificaci\u00f3n de servicios, etc.<\/p>\n<p><strong>El horario de atenci\u00f3n al p\u00fablico ser\u00e1 de 09:00 a 11:00 de Lunes a Viernes. <\/strong><\/p>\n<p style=\"text-align: justify\">Durante los periodos de escolarizaci\u00f3n podr\u00e1 modificarse este horario con el fin de atender mejor a las familias y proporcionar mayor agilidad y eficiencia.<\/p>\n<p style=\"text-align: justify\">A continuaci\u00f3n se ofrecen una serie de enlaces desde los cuales descargar los impresos que puedan interesarles.<\/p>\n<p>IMPRESOS:<\/p>\n<ul>\n<li><a href=\"https:\/\/blogsaverroes.juntadeandalucia.es\/ceipelzargal\/secretaria\/impreso_solicitud_admision_anexo_iii-2\/\">Impreso_Solicitud_Admisi\u00f3n<\/a> <strong>Admisi\u00f3n<\/strong> al centro escolar (solo en el mes de Marzo)<\/li>\n<li><a href=\"https:\/\/blogsaverroes.juntadeandalucia.es\/ceipelzargal\/files\/2015\/03\/IMPRESO-MATRICULA-INFANTIL-17.18.pdf\">Solicitud <strong>Matr\u00edcula&nbsp;Infantil<\/strong><\/a><\/li>\n<li><a href=\"https:\/\/blogsaverroes.juntadeandalucia.es\/ceipelzargal\/files\/2017\/06\/IMPRESO-MATRICULA-PRIMARIA-17.18.pdf\">Solicitud <strong>Matr\u00edcula Primaria<\/strong><\/a><\/li>\n<li><a href=\"https:\/\/blogsaverroes.juntadeandalucia.es\/ceipelzargal\/files\/2017\/06\/IMPRESO-SOLICITUDES-CONJUNTAS-217_18.pdf\" target=\"_blank\" rel=\"noopener noreferrer\">Solicitud <strong>Servicios complementarios<\/strong> del centro (Aula Mat. Comedor, Act. Extraescolares)<\/a><\/li>\n<li>Solicitud <a href=\"https:\/\/blogsaverroes.juntadeandalucia.es\/ceipelzargal\/files\/2017\/11\/solicitud_baja_paf.pdf\"><strong>BAJA<\/strong> en servicios complementarios (Aula Mat. Comedor, Act. Extraescolares)<\/a><\/li>\n<li><a href=\"https:\/\/blogsaverroes.juntadeandalucia.es\/ceipelzargal\/files\/2017\/06\/IMPRESO-BONIFICACION-17_18.pdf\">Solicitud <strong>Bonificaci\u00f3n<\/strong> usuarios servicios complementarios del centro<\/a><\/li>\n<li>S<a href=\"https:\/\/blogsaverroes.juntadeandalucia.es\/ceipelzargal\/files\/2017\/06\/IMPRESO-RELIGI\u00d3N-2017-18.pdf\">olicitud cambio opci\u00f3n Ense\u00f1anza Religi\u00f3n <\/a>(solo al ingresar en el centro o durante el plazo de matr\u00edcula cada a\u00f1o) &nbsp;<\/li>\n<li>Impreso para otras <a href=\"http:\/\/www.juntadeandalucia.es\/averroes\/centros-tic\/18001792\/helvia\/sitio\/upload\/MODELO_INSTANCIA.doc\" target=\"_blank\" rel=\"noopener noreferrer\">Solicitudes<\/a><\/li>\n<li>Impreso<strong> <a href=\"http:\/\/blogsaverroes.juntadeandalucia.es\/ceipelzargal\/files\/2017\/02\/Justificacion-de-falta-de-asistencia-a-clase-doble.doc\">Justificaci\u00f3n de faltas<\/a><\/strong><\/li>\n<li>Impreso <a href=\"https:\/\/blogsaverroes.juntadeandalucia.es\/ceipelzargal\/secretaria\/autorizacion-de-recogida-alumno-zargal\/\">AUTORIZACI\u00d3N DE RECOGIDA ALUMNOS<\/a><\/li>\n<\/ul>\n<p>Normativa que regula los servicios complementarios del centro:<\/p>\n<p><a href=\"http:\/\/www.juntadeandalucia.es\/eboja\/2012\/156\/BOJA12-156-00005-13765-01_00012240.pdf\" target=\"_blank\" rel=\"noopener noreferrer\">Orden de 31 de julio de 2012<\/a>&nbsp;(derogada)<\/p>\n<p><a href=\"http:\/\/www.juntadeandalucia.es\/eboja\/2014\/233\/BOJA14-233-00003-19959-01_00059291.pdf\" target=\"_blank\" rel=\"noopener noreferrer\">Orden de 5 de noviembre de 2014<\/a>&nbsp;(derogada)<\/p>\n<p>Orden de 3 de agosto de 2010<strong>&nbsp;(Derogada)<\/strong><\/p>\n<p><a href=\"https:\/\/blogsaverroes.juntadeandalucia.es\/ceipelzargal\/files\/2017\/06\/Decreto-6-2017.pdf\">Decreto 6\/2017 de 16 de enero de 2017<\/a><\/p>\n<p><a href=\"https:\/\/blogsaverroes.juntadeandalucia.es\/ceipelzargal\/files\/2017\/06\/BOJA-17-04-2017-Servicios.pdf\">Orden de 17 de abril de 2017<\/a><\/p>\n","protected":false},"excerpt":{"rendered":"<p>La Secretar\u00eda desarrolla muchas funciones importantes en la vida de un centro, especialmente en la relaci\u00f3n que mantiene con las familias en los diferentes tr\u00e1mites administrativos a lo largo de la escolarizaci\u00f3n: admisi\u00f3n, matr\u00edcula, aula matinal, comedor, actividades extraescolares, tramitaci\u00f3n de las solicitudes de ayudas y bonificaci\u00f3n de servicios, etc. El horario de atenci\u00f3n al [&hellip;]<\/p>\n","protected":false},"author":1,"featured_media":0,"parent":0,"menu_order":0,"comment_status":"closed","ping_status":"open","template":"","meta":{"ngg_post_thumbnail":0,"footnotes":"","_mc_calendar":[]},"aioseo_notices":[],"_links":{"self":[{"href":"https:\/\/blogsaverroes.juntadeandalucia.es\/ceipelzargal\/wp-json\/wp\/v2\/pages\/77"}],"collection":[{"href":"https:\/\/blogsaverroes.juntadeandalucia.es\/ceipelzargal\/wp-json\/wp\/v2\/pages"}],"about":[{"href":"https:\/\/blogsaverroes.juntadeandalucia.es\/ceipelzargal\/wp-json\/wp\/v2\/types\/page"}],"author":[{"embeddable":true,"href":"https:\/\/blogsaverroes.juntadeandalucia.es\/ceipelzargal\/wp-json\/wp\/v2\/users\/1"}],"replies":[{"embeddable":true,"href":"https:\/\/blogsaverroes.juntadeandalucia.es\/ceipelzargal\/wp-json\/wp\/v2\/comments?post=77"}],"version-history":[{"count":28,"href":"https:\/\/blogsaverroes.juntadeandalucia.es\/ceipelzargal\/wp-json\/wp\/v2\/pages\/77\/revisions"}],"predecessor-version":[{"id":4489,"href":"https:\/\/blogsaverroes.juntadeandalucia.es\/ceipelzargal\/wp-json\/wp\/v2\/pages\/77\/revisions\/4489"}],"wp:attachment":[{"href":"https:\/\/blogsaverroes.juntadeandalucia.es\/ceipelzargal\/wp-json\/wp\/v2\/media?parent=77"}],"curies":[{"name":"wp","href":"https:\/\/api.w.org\/{rel}","templated":true}]}}