{"id":871,"date":"2015-03-16T07:25:46","date_gmt":"2015-03-16T07:25:46","guid":{"rendered":"http:\/\/blogsaverroes.juntadeandalucia.es\/pre\/ceip\/?page_id=106"},"modified":"2023-09-29T08:34:25","modified_gmt":"2023-09-29T08:34:25","slug":"actividades-extraescolares","status":"publish","type":"page","link":"https:\/\/blogsaverroes.juntadeandalucia.es\/ceipelzargal\/actividades-extraescolares\/","title":{"rendered":"Actividades extraescolares"},"content":{"rendered":"<p style=\"text-align: left\"><a href=\"http:\/\/blogsaverroes.juntadeandalucia.es\/ceipelzargal\/files\/2015\/03\/talleres.jpg\"><img loading=\"lazy\" decoding=\"async\" class=\"aligncenter wp-image-228 \" src=\"http:\/\/blogsaverroes.juntadeandalucia.es\/ceipelzargal\/files\/2015\/03\/talleres.jpg\" alt=\"\" width=\"456\" height=\"306\"><\/a><\/p>\n<figure id=\"attachment_2372\" aria-describedby=\"caption-attachment-2372\" style=\"width: 300px\" class=\"wp-caption aligncenter\"><a href=\"http:\/\/blogsaverroes.juntadeandalucia.es\/ceipelzargal\/files\/2016\/09\/DEDI.jpg\"><img loading=\"lazy\" decoding=\"async\" class=\"size-medium wp-image-2372\" src=\"http:\/\/blogsaverroes.juntadeandalucia.es\/ceipelzargal\/files\/2016\/09\/DEDI-300x71.jpg\" alt=\"DEDI\" width=\"300\" height=\"71\" srcset=\"https:\/\/blogsaverroes.juntadeandalucia.es\/ceipelzargal\/files\/2016\/09\/DEDI-300x71.jpg 300w, https:\/\/blogsaverroes.juntadeandalucia.es\/ceipelzargal\/files\/2016\/09\/DEDI-700x165.jpg 700w, https:\/\/blogsaverroes.juntadeandalucia.es\/ceipelzargal\/files\/2016\/09\/DEDI.jpg 899w\" sizes=\"(max-width: 300px) 100vw, 300px\" \/><\/a><figcaption id=\"caption-attachment-2372\" class=\"wp-caption-text\">DEDI<\/figcaption><\/figure>\n<h4>Informaci\u00f3n sobre las actividades extraescolares<\/h4>\n<p style=\"text-align: justify\">Las actividades extraescolares tienen lugar en horario de tarde en el Colegio Zargal, siempre que se forme un grupo de 10 o m\u00e1s alumnos en la actividad deseada.<\/p>\n<p style=\"text-align: justify\">Se ofrecen clases que pretenden abarcar aspectos como la lectura, el deporte, la m\u00fasica, la inform\u00e1tica, los idiomas, la danza o la rob\u00f3tica, entre otras actividades l\u00fadicas y formativas.<\/p>\n<p style=\"text-align: justify\">Cada a\u00f1o se realiza una encuesta de valoraci\u00f3n de dichas actividades, por favor, no duden en participar en esta encuentas. Adem\u00e1s, en cualquier momento, pueden hacernos llegar su comentarios y sugerencias para mejorar nuestros servicios.<\/p>\n<h4><strong>Horarios<\/strong><\/h4>\n<p style=\"text-align: justify\">Desde las 16:00 hasta las 18:00 de Lunes a Jueves;<\/p>\n<h4><strong>Actividades<\/strong><\/h4>\n<p>Cada a\u00f1o se ofrecen interesantes actividades, vea el cuadro a continuaci\u00f3n para conocer d\u00edas y horarios:<\/p>\n<p><img loading=\"lazy\" decoding=\"async\" class=\"alignleft wp-image-4007\" src=\"https:\/\/blogsaverroes.juntadeandalucia.es\/ceipelzargal\/files\/2015\/03\/HORARIO-act-ext-ZARGAL-1-300x212.jpg\" alt=\"\" width=\"434\" height=\"307\" srcset=\"https:\/\/blogsaverroes.juntadeandalucia.es\/ceipelzargal\/files\/2015\/03\/HORARIO-act-ext-ZARGAL-1-300x212.jpg 300w, https:\/\/blogsaverroes.juntadeandalucia.es\/ceipelzargal\/files\/2015\/03\/HORARIO-act-ext-ZARGAL-1-768x543.jpg 768w, https:\/\/blogsaverroes.juntadeandalucia.es\/ceipelzargal\/files\/2015\/03\/HORARIO-act-ext-ZARGAL-1-1024x724.jpg 1024w, https:\/\/blogsaverroes.juntadeandalucia.es\/ceipelzargal\/files\/2015\/03\/HORARIO-act-ext-ZARGAL-1-700x495.jpg 700w, https:\/\/blogsaverroes.juntadeandalucia.es\/ceipelzargal\/files\/2015\/03\/HORARIO-act-ext-ZARGAL-1-24x17.jpg 24w, https:\/\/blogsaverroes.juntadeandalucia.es\/ceipelzargal\/files\/2015\/03\/HORARIO-act-ext-ZARGAL-1-36x25.jpg 36w, https:\/\/blogsaverroes.juntadeandalucia.es\/ceipelzargal\/files\/2015\/03\/HORARIO-act-ext-ZARGAL-1-48x34.jpg 48w, https:\/\/blogsaverroes.juntadeandalucia.es\/ceipelzargal\/files\/2015\/03\/HORARIO-act-ext-ZARGAL-1.jpg 1600w\" sizes=\"(max-width: 434px) 100vw, 434px\" \/><\/p>\n<h3>&nbsp;<\/h3>\n<h3>&nbsp;<\/h3>\n<h3>&nbsp;<\/h3>\n<h3>&nbsp;<\/h3>\n<h3>&nbsp;<\/h3>\n<h3>&nbsp;<\/h3>\n<h3><strong>PRECIO<\/strong> al mes: <strong>17,51\u20ac<\/strong> (por cada actividad en la que participe)<\/h3>\n<p>Para m\u00e1s informaci\u00f3n sobre estas Actividades Extraescolares consulten con la empresa que ofrece estas actividades :<\/p>\n<h2>&nbsp;<\/h2>\n<h2><a href=\"http:\/\/www.dedigranada.es\/\" target=\"_blank\" rel=\"noopener noreferrer\">DEDI -\u00abDeporte, Educaci\u00f3n y Diversi\u00f3n\u00bb<\/a><\/h2>\n<p>C\/ Ribera del Beiro n\u00ba 23, 1\u00ba C<br \/>\n18014, Granada<\/p>\n<p>web: http:\/\/www.dedigranada.es\/<\/p>\n<p>correo electr\u00f3nico: <a href=\"mailto:ana@dedigranada.es\">ana@dedigranada.es<\/a><\/p>\n<p>Tel\u00e9fono: 655 647301<\/p>\n<p><strong>Solicitudes<\/strong><\/p>\n<ul>\n<li>Descarga el <a href=\"https:\/\/blogsaverroes.juntadeandalucia.es\/ceipelzargal\/files\/2017\/06\/IMPRESO-SOLICITUDES-CONJUNTAS-217_18.pdf\" target=\"_blank\" rel=\"noopener noreferrer\">impreso de solicitud <\/a>y entregar cumplimentado en Secretar\u00eda<\/li>\n<li><a href=\"https:\/\/blogsaverroes.juntadeandalucia.es\/ceipelzargal\/files\/2017\/06\/IMPRESO-BONIFICACION-17_18.pdf\" target=\"_blank\" rel=\"noopener noreferrer\">Impreso solicitud BONIFICACI\u00d3N Servicios de Centro<\/a><\/li>\n<\/ul>\n<h4><strong>Precios<\/strong><\/h4>\n<p>El pago se hace a trav\u00e9s de domiciliaci\u00f3n bancaria por un importe mensual de 17,51 euros.<\/p>\n","protected":false},"excerpt":{"rendered":"<p>Informaci\u00f3n sobre las actividades extraescolares Las actividades extraescolares tienen lugar en horario de tarde en el Colegio Zargal, siempre que se forme un grupo de 10 o m\u00e1s alumnos en la actividad deseada. Se ofrecen clases que pretenden abarcar aspectos como la lectura, el deporte, la m\u00fasica, la inform\u00e1tica, los idiomas, la danza o la [&hellip;]<\/p>\n","protected":false},"author":1,"featured_media":0,"parent":0,"menu_order":0,"comment_status":"closed","ping_status":"open","template":"","meta":{"ngg_post_thumbnail":0,"footnotes":"","_mc_calendar":[]},"aioseo_notices":[],"_links":{"self":[{"href":"https:\/\/blogsaverroes.juntadeandalucia.es\/ceipelzargal\/wp-json\/wp\/v2\/pages\/871"}],"collection":[{"href":"https:\/\/blogsaverroes.juntadeandalucia.es\/ceipelzargal\/wp-json\/wp\/v2\/pages"}],"about":[{"href":"https:\/\/blogsaverroes.juntadeandalucia.es\/ceipelzargal\/wp-json\/wp\/v2\/types\/page"}],"author":[{"embeddable":true,"href":"https:\/\/blogsaverroes.juntadeandalucia.es\/ceipelzargal\/wp-json\/wp\/v2\/users\/1"}],"replies":[{"embeddable":true,"href":"https:\/\/blogsaverroes.juntadeandalucia.es\/ceipelzargal\/wp-json\/wp\/v2\/comments?post=871"}],"version-history":[{"count":18,"href":"https:\/\/blogsaverroes.juntadeandalucia.es\/ceipelzargal\/wp-json\/wp\/v2\/pages\/871\/revisions"}],"predecessor-version":[{"id":5615,"href":"https:\/\/blogsaverroes.juntadeandalucia.es\/ceipelzargal\/wp-json\/wp\/v2\/pages\/871\/revisions\/5615"}],"wp:attachment":[{"href":"https:\/\/blogsaverroes.juntadeandalucia.es\/ceipelzargal\/wp-json\/wp\/v2\/media?parent=871"}],"curies":[{"name":"wp","href":"https:\/\/api.w.org\/{rel}","templated":true}]}}