{"id":99,"date":"2015-03-16T07:22:54","date_gmt":"2015-03-16T07:22:54","guid":{"rendered":"http:\/\/blogsaverroes.juntadeandalucia.es\/pre\/ceip\/?page_id=99"},"modified":"2024-11-21T10:14:29","modified_gmt":"2024-11-21T10:14:29","slug":"comedor-escolar","status":"publish","type":"page","link":"https:\/\/blogsaverroes.juntadeandalucia.es\/ceipelzargal\/comedor-escolar\/","title":{"rendered":"Comedor escolar"},"content":{"rendered":"<h4>Informaci\u00f3n sobre el comedor escolar<\/h4>\n<p>&nbsp;<\/p>\n<h4>&nbsp;<\/h4>\n<p>Los comedores escolares son un servicio complementario que resulta de gran utilidad a padres y madres para ayudarles a&nbsp;conciliar la vida laboral y familiar. Tienen una duraci\u00f3n de hasta dos horas desde que acaba la jornada escolar de la ma\u00f1ana (de 14.00 a 16.00 horas).<\/p>\n<p>Los comedores son adem\u00e1s una pieza importante&nbsp;en todas las medidas dirigidas a mejorar los h\u00e1bitos alimenticios de los ni\u00f1os y ni\u00f1as y prevenir problemas de salud como la obesidad.<\/p>\n<p>Los comedores escolares de los centros p\u00fablicos andaluces promueven una alimentaci\u00f3n saludable que est\u00e1 supervisada por nutricionistas y que, entre otros aspectos, se caracteriza por:<\/p>\n<ul>\n<li>Una mayor proporci\u00f3n de verdura en los men\u00fas<\/li>\n<li>Fruta fresca como postre al menos cuatro d\u00edas a la semana<\/li>\n<li>Uso de aceite de oliva virgen extra<\/li>\n<li>M\u00e1s pescado que carne, que debe ser magra<\/li>\n<li>Prohibici\u00f3n de los alimentos precocinados y limitaci\u00f3n de los fritos<\/li>\n<li>Apuesta por la dieta mediterr\u00e1nea y los productos ecol\u00f3gicos<br \/>\n<a href=\"http:\/\/blogsaverroes.juntadeandalucia.es\/ceipelzargal\/wp-content\/uploads\/sites\/792\/nggallery\/instalaciones\/Comedor_Zargals.jpg\"><br \/>\n<\/a><img loading=\"lazy\" decoding=\"async\" class=\"aligncenter wp-image-238 \" src=\"http:\/\/blogsaverroes.juntadeandalucia.es\/ceipelzargal\/files\/2015\/03\/comida.jpg\" alt=\"\" width=\"582\" height=\"341\"><\/p>\n<h2><strong> PRECIO<\/strong> por d\u00eda: 5,54<strong>\u20ac<\/strong><\/h2>\n<\/li>\n<\/ul>\n<p><strong>Solicitudes: Los impresos de solicitud de inscripci\u00f3n se podr\u00e1n recoger y entregar en la Secretar\u00eda del centro o descargar en el siguiente enlace:<\/strong><\/p>\n<ul>\n<li><a href=\"https:\/\/blogsaverroes.juntadeandalucia.es\/ceipelzargal\/files\/2017\/06\/IMPRESO-SOLICITUDES-CONJUNTAS-217_18.pdf\" target=\"_blank\" rel=\"noopener noreferrer\">Impreso solicitud INSCRIPCI\u00d3N Servicios de Centro (Aula Matinal, Comedor, Act. Extraescolares)<\/a><\/li>\n<li>Solicitud&nbsp;<a href=\"https:\/\/blogsaverroes.juntadeandalucia.es\/ceipelzargal\/files\/2017\/11\/solicitud_baja_paf.pdf\"><strong>BAJA<\/strong>&nbsp;en servicios complementarios (Aula Mat. Comedor, Act. Extraescolares)<\/a><\/li>\n<li><a href=\"https:\/\/blogsaverroes.juntadeandalucia.es\/ceipelzargal\/files\/2017\/06\/IMPRESO-BONIFICACION-17_18.pdf\" target=\"_blank\" rel=\"noopener noreferrer\">Impreso solicitud BONIFICACI\u00d3N Servicios de Centro<\/a><\/li>\n<\/ul>\n<p>En el siguiente documento pueden leer toda la informaci\u00f3n que da la empresa, las normas de uso y encontrar los correos electr\u00f3nicos de contacto con la empresa:<\/p>\n<p>&nbsp;<\/p>\n<p><strong>Empresa catering:&nbsp; &nbsp;<\/strong><span style=\"font-size: 22pt\"><strong>&nbsp;<\/strong><strong><a title=\"COMERTEL\" href=\"https:\/\/comertel.es\/centros-educativos\/\" target=\"_blank\" rel=\"noopener\">COMERTEL<\/a><\/strong><\/span><\/p>\n<h2><span style=\"font-size: 12pt\">CONSULTA MEN\u00da DEL MES<\/span><\/h2>\n<p>&nbsp;<\/p>\n<p>&nbsp;<\/p>\n<p>&nbsp;<\/p>\n<p>&nbsp;<\/p>\n<p>&nbsp;<\/p>\n<p>&nbsp;<\/p>\n<p>&nbsp;<\/p>\n","protected":false},"excerpt":{"rendered":"<p>Informaci\u00f3n sobre el comedor escolar &nbsp; &nbsp; Los comedores escolares son un servicio complementario que resulta de gran utilidad a padres y madres para ayudarles a&nbsp;conciliar la vida laboral y familiar. Tienen una duraci\u00f3n de hasta dos horas desde que acaba la jornada escolar de la ma\u00f1ana (de 14.00 a 16.00 horas). Los comedores son [&hellip;]<\/p>\n","protected":false},"author":1,"featured_media":0,"parent":0,"menu_order":0,"comment_status":"closed","ping_status":"open","template":"","meta":{"ngg_post_thumbnail":0,"footnotes":"","_mc_calendar":[]},"aioseo_notices":[],"_links":{"self":[{"href":"https:\/\/blogsaverroes.juntadeandalucia.es\/ceipelzargal\/wp-json\/wp\/v2\/pages\/99"}],"collection":[{"href":"https:\/\/blogsaverroes.juntadeandalucia.es\/ceipelzargal\/wp-json\/wp\/v2\/pages"}],"about":[{"href":"https:\/\/blogsaverroes.juntadeandalucia.es\/ceipelzargal\/wp-json\/wp\/v2\/types\/page"}],"author":[{"embeddable":true,"href":"https:\/\/blogsaverroes.juntadeandalucia.es\/ceipelzargal\/wp-json\/wp\/v2\/users\/1"}],"replies":[{"embeddable":true,"href":"https:\/\/blogsaverroes.juntadeandalucia.es\/ceipelzargal\/wp-json\/wp\/v2\/comments?post=99"}],"version-history":[{"count":71,"href":"https:\/\/blogsaverroes.juntadeandalucia.es\/ceipelzargal\/wp-json\/wp\/v2\/pages\/99\/revisions"}],"predecessor-version":[{"id":6147,"href":"https:\/\/blogsaverroes.juntadeandalucia.es\/ceipelzargal\/wp-json\/wp\/v2\/pages\/99\/revisions\/6147"}],"wp:attachment":[{"href":"https:\/\/blogsaverroes.juntadeandalucia.es\/ceipelzargal\/wp-json\/wp\/v2\/media?parent=99"}],"curies":[{"name":"wp","href":"https:\/\/api.w.org\/{rel}","templated":true}]}}