{"id":836,"date":"2024-10-08T08:37:22","date_gmt":"2024-10-08T07:37:22","guid":{"rendered":"https:\/\/blogsaverroes.juntadeandalucia.es\/pre\/plantilla-pencil\/?page_id=836"},"modified":"2025-09-22T16:52:03","modified_gmt":"2025-09-22T15:52:03","slug":"actividades-extraescolares","status":"publish","type":"page","link":"https:\/\/blogsaverroes.juntadeandalucia.es\/ceipencarnacion\/actividades-extraescolares\/","title":{"rendered":"ACTIVIDADES EXTRAESCOLARES"},"content":{"rendered":"<h2>&nbsp;<\/h2>\n<ul>\n<li>\n<h3><span style=\"font-size: 12pt;color: #0000ff\"><strong>Las actividades extraescolares del Centro&nbsp; comienzan el d\u00eda 1 de octubre de 2025 y&nbsp; finalizan el d\u00eda&nbsp; 31 de mayo de 2026.<\/strong><\/span><\/h3>\n<\/li>\n<li>\n<h3><span style=\"font-size: 12pt;color: #0000ff\"><strong>Horario&nbsp; Ingl\u00e9s&nbsp; 1&nbsp; :&nbsp; Lunes de&nbsp; 16:00 h&nbsp; &nbsp;a&nbsp; 17:00 h.<\/strong><\/span><\/h3>\n<\/li>\n<li>\n<h3><span style=\"font-size: 12pt;color: #0000ff\"><strong>Horario&nbsp; Ingl\u00e9s&nbsp; 2&nbsp; :&nbsp; Lunes de&nbsp; 17:00 h&nbsp; &nbsp;a&nbsp; 18:00 h.<\/strong><\/span><\/h3>\n<\/li>\n<\/ul>\n<p>&nbsp;<\/p>\n","protected":false},"excerpt":{"rendered":"<p>&nbsp; Las actividades extraescolares del Centro&nbsp; comienzan el d\u00eda 1 de octubre de 2025 y&nbsp; finalizan el d\u00eda&nbsp; 31 de mayo de 2026. Horario&nbsp; Ingl\u00e9s&nbsp; 1&nbsp; :&nbsp; Lunes de&nbsp; 16:00 h&nbsp; &nbsp;a&nbsp; 17:00 h. Horario&nbsp; Ingl\u00e9s&nbsp; 2&nbsp; :&nbsp; Lunes de&nbsp; 17:00 h&nbsp; &nbsp;a&nbsp; 18:00 h. &nbsp;<\/p>\n","protected":false},"author":7051,"featured_media":0,"parent":0,"menu_order":0,"comment_status":"closed","ping_status":"closed","template":"","meta":{"ngg_post_thumbnail":0,"footnotes":""},"aioseo_notices":[],"_links":{"self":[{"href":"https:\/\/blogsaverroes.juntadeandalucia.es\/ceipencarnacion\/wp-json\/wp\/v2\/pages\/836"}],"collection":[{"href":"https:\/\/blogsaverroes.juntadeandalucia.es\/ceipencarnacion\/wp-json\/wp\/v2\/pages"}],"about":[{"href":"https:\/\/blogsaverroes.juntadeandalucia.es\/ceipencarnacion\/wp-json\/wp\/v2\/types\/page"}],"author":[{"embeddable":true,"href":"https:\/\/blogsaverroes.juntadeandalucia.es\/ceipencarnacion\/wp-json\/wp\/v2\/users\/7051"}],"replies":[{"embeddable":true,"href":"https:\/\/blogsaverroes.juntadeandalucia.es\/ceipencarnacion\/wp-json\/wp\/v2\/comments?post=836"}],"version-history":[{"count":12,"href":"https:\/\/blogsaverroes.juntadeandalucia.es\/ceipencarnacion\/wp-json\/wp\/v2\/pages\/836\/revisions"}],"predecessor-version":[{"id":2455,"href":"https:\/\/blogsaverroes.juntadeandalucia.es\/ceipencarnacion\/wp-json\/wp\/v2\/pages\/836\/revisions\/2455"}],"wp:attachment":[{"href":"https:\/\/blogsaverroes.juntadeandalucia.es\/ceipencarnacion\/wp-json\/wp\/v2\/media?parent=836"}],"curies":[{"name":"wp","href":"https:\/\/api.w.org\/{rel}","templated":true}]}}