{"id":845,"date":"2020-12-18T08:40:01","date_gmt":"2020-12-18T07:40:01","guid":{"rendered":"https:\/\/blogsaverroes.juntadeandalucia.es\/pre\/plantilla-pencil\/?page_id=845"},"modified":"2025-09-22T16:52:41","modified_gmt":"2025-09-22T15:52:41","slug":"aula-matinal","status":"publish","type":"page","link":"https:\/\/blogsaverroes.juntadeandalucia.es\/ceipencarnacion\/aula-matinal\/","title":{"rendered":"AULA MATINAL"},"content":{"rendered":"<h2>&nbsp;<\/h2>\n<ul>\n<li>\n<h3><span style=\"font-size: 12pt;color: #800000\"><strong>El aula matinal del Centro&nbsp; comienza el d\u00eda 11 de septiembre de 2025 y&nbsp; finaliza el d\u00eda 22&nbsp; de junio de 2026.<\/strong><\/span><\/h3>\n<\/li>\n<\/ul>\n<ul>\n<li>\n<h3><span style=\"font-size: 12pt;color: #800000\"><strong>El horario del aula matinal&nbsp; ser\u00e1 de 7:30 h&nbsp; a&nbsp; 9:00 h.<\/strong><\/span><\/h3>\n<\/li>\n<li style=\"list-style-type: none\">\n<h3>&nbsp;<\/h3>\n<\/li>\n<\/ul>\n<p>&nbsp;<\/p>\n","protected":false},"excerpt":{"rendered":"<p>&nbsp; El aula matinal del Centro&nbsp; comienza el d\u00eda 11 de septiembre de 2025 y&nbsp; finaliza el d\u00eda 22&nbsp; de junio de 2026. El horario del aula matinal&nbsp; ser\u00e1 de 7:30 h&nbsp; a&nbsp; 9:00 h. &nbsp; &nbsp;<\/p>\n","protected":false},"author":7051,"featured_media":0,"parent":0,"menu_order":0,"comment_status":"closed","ping_status":"closed","template":"","meta":{"ngg_post_thumbnail":0,"footnotes":""},"aioseo_notices":[],"_links":{"self":[{"href":"https:\/\/blogsaverroes.juntadeandalucia.es\/ceipencarnacion\/wp-json\/wp\/v2\/pages\/845"}],"collection":[{"href":"https:\/\/blogsaverroes.juntadeandalucia.es\/ceipencarnacion\/wp-json\/wp\/v2\/pages"}],"about":[{"href":"https:\/\/blogsaverroes.juntadeandalucia.es\/ceipencarnacion\/wp-json\/wp\/v2\/types\/page"}],"author":[{"embeddable":true,"href":"https:\/\/blogsaverroes.juntadeandalucia.es\/ceipencarnacion\/wp-json\/wp\/v2\/users\/7051"}],"replies":[{"embeddable":true,"href":"https:\/\/blogsaverroes.juntadeandalucia.es\/ceipencarnacion\/wp-json\/wp\/v2\/comments?post=845"}],"version-history":[{"count":9,"href":"https:\/\/blogsaverroes.juntadeandalucia.es\/ceipencarnacion\/wp-json\/wp\/v2\/pages\/845\/revisions"}],"predecessor-version":[{"id":2456,"href":"https:\/\/blogsaverroes.juntadeandalucia.es\/ceipencarnacion\/wp-json\/wp\/v2\/pages\/845\/revisions\/2456"}],"wp:attachment":[{"href":"https:\/\/blogsaverroes.juntadeandalucia.es\/ceipencarnacion\/wp-json\/wp\/v2\/media?parent=845"}],"curies":[{"name":"wp","href":"https:\/\/api.w.org\/{rel}","templated":true}]}}