{"id":42,"date":"2015-03-13T08:40:47","date_gmt":"2015-03-13T08:40:47","guid":{"rendered":"http:\/\/blogsaverroes.juntadeandalucia.es\/pre\/ceip\/?page_id=42"},"modified":"2024-11-08T10:52:21","modified_gmt":"2024-11-08T10:52:21","slug":"equipo-directivo","status":"publish","type":"page","link":"https:\/\/blogsaverroes.juntadeandalucia.es\/ceipenebral\/equipo-directivo\/","title":{"rendered":"Equipo directivo"},"content":{"rendered":"<table class=\" aligncenter\" style=\"height: 565px;width: 66.7523%;border-collapse: collapse;border-color: #1ebd21;background-color: #0eed7a;border-style: double\">\n<tbody>\n<tr>\n<td style=\"width: 50%\"><span style=\"color: #0000ff\"><strong>Directora: <span style=\"color: #000000\">Milagros L\u00f3pez Couce<\/span><\/strong><\/span><\/p>\n<p><span style=\"color: #0000ff\">Tel\u00e9fono m\u00f3vil: <span style=\"color: #000000\">671560632<\/span><\/span><\/p>\n<p><span style=\"color: #0000ff\">E-mail:&nbsp;<\/span><a href=\"mailto:mlopcou030@g.educaand.es\" target=\"_blank\" rel=\"noopener noreferrer\">mlopcou030@g.educaand.es<\/a>&nbsp; &nbsp;<\/td>\n<td style=\"width: 16.7519%\"><a href=\"https:\/\/blogsaverroes.juntadeandalucia.es\/ceipenebral\/files\/2020\/11\/Milu.jpg\"><img loading=\"lazy\" decoding=\"async\" class=\"alignnone size-full wp-image-2287\" src=\"https:\/\/blogsaverroes.juntadeandalucia.es\/ceipenebral\/files\/2020\/11\/Milu.jpg\" alt=\"\" width=\"110\" height=\"163\" srcset=\"https:\/\/blogsaverroes.juntadeandalucia.es\/ceipenebral\/files\/2020\/11\/Milu.jpg 110w, https:\/\/blogsaverroes.juntadeandalucia.es\/ceipenebral\/files\/2020\/11\/Milu-16x24.jpg 16w, https:\/\/blogsaverroes.juntadeandalucia.es\/ceipenebral\/files\/2020\/11\/Milu-24x36.jpg 24w, https:\/\/blogsaverroes.juntadeandalucia.es\/ceipenebral\/files\/2020\/11\/Milu-32x48.jpg 32w\" sizes=\"(max-width: 110px) 100vw, 110px\" \/><\/a><\/td>\n<\/tr>\n<tr>\n<td style=\"width: 50%\"><span style=\"color: #0000ff\"><strong>Jefa de Estudios: <span style=\"color: #000000\">Rosa M\u00aa L\u00f3pez Palenzuela<\/span><\/strong><\/span><\/p>\n<p><span style=\"color: #0000ff\">Tel\u00e9fono m\u00f3vil:<\/span> 671560631<\/p>\n<p><span style=\"color: #0000ff\">E-mail:<\/span>&nbsp;<a href=\"mailto:rloppal944@g.educaand.es\" target=\"_blank\" rel=\"noopener noreferrer\">rloppal944@g.educaand.es&nbsp;<\/a><\/td>\n<td style=\"width: 16.7519%\"><a href=\"https:\/\/blogsaverroes.juntadeandalucia.es\/ceipenebral\/files\/2020\/11\/rosa_JE_2.jpeg\"><img loading=\"lazy\" decoding=\"async\" class=\"alignnone size-full wp-image-2289\" src=\"https:\/\/blogsaverroes.juntadeandalucia.es\/ceipenebral\/files\/2020\/11\/rosa_JE_2.jpeg\" alt=\"\" width=\"122\" height=\"163\" srcset=\"https:\/\/blogsaverroes.juntadeandalucia.es\/ceipenebral\/files\/2020\/11\/rosa_JE_2.jpeg 122w, https:\/\/blogsaverroes.juntadeandalucia.es\/ceipenebral\/files\/2020\/11\/rosa_JE_2-18x24.jpeg 18w, https:\/\/blogsaverroes.juntadeandalucia.es\/ceipenebral\/files\/2020\/11\/rosa_JE_2-27x36.jpeg 27w, https:\/\/blogsaverroes.juntadeandalucia.es\/ceipenebral\/files\/2020\/11\/rosa_JE_2-36x48.jpeg 36w\" sizes=\"(max-width: 122px) 100vw, 122px\" \/><\/a><\/td>\n<\/tr>\n<tr>\n<td style=\"width: 50%\"><strong><span style=\"color: #0000ff\">Secretaria: <span style=\"color: #000000\">Josefa Tirador P\u00e9rez<\/span><\/span><\/strong><\/p>\n<p><span style=\"color: #0000ff\">Tel\u00e9fono m\u00f3vil:<\/span> 697950212<\/p>\n<p><span style=\"color: #0000ff\">E-mail:<\/span><a href=\"mailto:jtirper536@g.educaand.es\"> jtirper536@g.educaand.es<\/a>&nbsp;<\/p>\n<p>&nbsp;<\/p>\n<p>&nbsp;<\/td>\n<td style=\"width: 16.7519%\"><a href=\"https:\/\/blogsaverroes.juntadeandalucia.es\/ceipenebral\/files\/2024\/11\/Imagen-de-WhatsApp-2024-11-08-a-las-11.14.26_10361524.jpg\"><img loading=\"lazy\" decoding=\"async\" class=\"aligncenter size-full wp-image-2678\" src=\"https:\/\/blogsaverroes.juntadeandalucia.es\/ceipenebral\/files\/2024\/11\/Imagen-de-WhatsApp-2024-11-08-a-las-11.14.26_10361524.jpg\" alt=\"\" width=\"537\" height=\"743\" srcset=\"https:\/\/blogsaverroes.juntadeandalucia.es\/ceipenebral\/files\/2024\/11\/Imagen-de-WhatsApp-2024-11-08-a-las-11.14.26_10361524.jpg 537w, https:\/\/blogsaverroes.juntadeandalucia.es\/ceipenebral\/files\/2024\/11\/Imagen-de-WhatsApp-2024-11-08-a-las-11.14.26_10361524-217x300.jpg 217w\" sizes=\"(max-width: 537px) 100vw, 537px\" \/><\/a><\/td>\n<\/tr>\n<\/tbody>\n<\/table>\n<p>&nbsp;<\/p>\n<p>&nbsp;<\/p>\n<p>&nbsp;<\/p>\n","protected":false},"excerpt":{"rendered":"<p>Directora: Milagros L\u00f3pez Couce Tel\u00e9fono m\u00f3vil: 671560632 E-mail:&nbsp;mlopcou030@g.educaand.es&nbsp; &nbsp; Jefa de Estudios: Rosa M\u00aa L\u00f3pez Palenzuela Tel\u00e9fono m\u00f3vil: 671560631 E-mail:&nbsp;rloppal944@g.educaand.es&nbsp; Secretaria: Josefa Tirador P\u00e9rez Tel\u00e9fono m\u00f3vil: 697950212 E-mail: jtirper536@g.educaand.es&nbsp; &nbsp; &nbsp; &nbsp; &nbsp; &nbsp;<\/p>\n","protected":false},"author":1,"featured_media":0,"parent":0,"menu_order":0,"comment_status":"closed","ping_status":"open","template":"","meta":{"ngg_post_thumbnail":0,"footnotes":"","_mc_calendar":[]},"aioseo_notices":[],"_links":{"self":[{"href":"https:\/\/blogsaverroes.juntadeandalucia.es\/ceipenebral\/wp-json\/wp\/v2\/pages\/42"}],"collection":[{"href":"https:\/\/blogsaverroes.juntadeandalucia.es\/ceipenebral\/wp-json\/wp\/v2\/pages"}],"about":[{"href":"https:\/\/blogsaverroes.juntadeandalucia.es\/ceipenebral\/wp-json\/wp\/v2\/types\/page"}],"author":[{"embeddable":true,"href":"https:\/\/blogsaverroes.juntadeandalucia.es\/ceipenebral\/wp-json\/wp\/v2\/users\/1"}],"replies":[{"embeddable":true,"href":"https:\/\/blogsaverroes.juntadeandalucia.es\/ceipenebral\/wp-json\/wp\/v2\/comments?post=42"}],"version-history":[{"count":12,"href":"https:\/\/blogsaverroes.juntadeandalucia.es\/ceipenebral\/wp-json\/wp\/v2\/pages\/42\/revisions"}],"predecessor-version":[{"id":2679,"href":"https:\/\/blogsaverroes.juntadeandalucia.es\/ceipenebral\/wp-json\/wp\/v2\/pages\/42\/revisions\/2679"}],"wp:attachment":[{"href":"https:\/\/blogsaverroes.juntadeandalucia.es\/ceipenebral\/wp-json\/wp\/v2\/media?parent=42"}],"curies":[{"name":"wp","href":"https:\/\/api.w.org\/{rel}","templated":true}]}}