{"id":77,"date":"2015-03-16T06:54:56","date_gmt":"2015-03-16T06:54:56","guid":{"rendered":"http:\/\/blogsaverroes.juntadeandalucia.es\/pre\/ceip\/?page_id=77"},"modified":"2024-11-08T10:14:17","modified_gmt":"2024-11-08T10:14:17","slug":"secretaria","status":"publish","type":"page","link":"https:\/\/blogsaverroes.juntadeandalucia.es\/ceipenebral\/secretaria\/","title":{"rendered":"Secretar\u00eda"},"content":{"rendered":"<p>La <strong>Secretar\u00eda<\/strong> desarrolla muchas funciones importantes en la vida de nuestro centro, especialmente en la relaci\u00f3n&nbsp; con las familias en los diferentes tr\u00e1mites administrativos a lo largo de la escolarizaci\u00f3n: admisi\u00f3n, matr\u00edcula, comedor escolar, becas, etc.<\/p>\n<p>Es por eso, aqu\u00ed, podr\u00e9is encontrar el horario e informaci\u00f3n sobre los diferente tramites que podr\u00e9is realizar.<\/p>\n<p>&nbsp;<\/p>\n<h3 style=\"text-align: center\"><span style=\"color: #008080\"><strong>Horario de Secretar\u00eda:<\/strong><\/span><\/h3>\n<p style=\"text-align: center\"><strong>Martes y Jueves de 9:30 a 13:30 *<\/strong><\/p>\n<p>*Se deber\u00eda pedir cita previamente por tel\u00e9fono (959524194) o por email (<a href=\"mailto:secretaria.enebral@gmail.com\">secretaria.enebral@gmail.com<\/a>)<\/p>\n<p style=\"text-align: center\">&nbsp;<\/p>\n<h3 style=\"text-align: center\"><span style=\"color: #008080\"><strong>Tr\u00e1mites:<\/strong><\/span><\/h3>\n<ul>\n<li>La Consejer\u00eda de Educaci\u00f3n y Deporte dispone de una <a href=\"https:\/\/www.juntadeandalucia.es\/educacion\/secretariavirtual\/\" target=\"_blank\" rel=\"noopener noreferrer\">SECRETAR\u00cdA VIRTUAL<\/a> para&nbsp; las presentaciones telem\u00e1ticas que posibilitan la tramitaci\u00f3n electr\u00f3nica de procedimientos y otros servicios de consultas.<\/li>\n<\/ul>\n<p>&nbsp;<\/p>\n<ul>\n<li><a href=\"https:\/\/blogsaverroes.juntadeandalucia.es\/ceipenebral\/files\/2021\/04\/layout_set_logo.png\"><img loading=\"lazy\" decoding=\"async\" class=\"size-full wp-image-2522 alignleft\" src=\"https:\/\/blogsaverroes.juntadeandalucia.es\/ceipenebral\/files\/2021\/04\/layout_set_logo.png\" alt=\"\" width=\"395\" height=\"118\" srcset=\"https:\/\/blogsaverroes.juntadeandalucia.es\/ceipenebral\/files\/2021\/04\/layout_set_logo.png 395w, https:\/\/blogsaverroes.juntadeandalucia.es\/ceipenebral\/files\/2021\/04\/layout_set_logo-300x90.png 300w, https:\/\/blogsaverroes.juntadeandalucia.es\/ceipenebral\/files\/2021\/04\/layout_set_logo-391x118.png 391w\" sizes=\"(max-width: 395px) 100vw, 395px\" \/><\/a><\/li>\n<\/ul>\n<p><span style=\"color: #339966\"><strong>&nbsp; &nbsp; &nbsp;Curso 2025\/2026<\/strong><\/span><\/p>\n<p>&nbsp;<\/p>\n<p>&nbsp;<\/p>\n<p style=\"text-align: center\"><a href=\"https:\/\/www.juntadeandalucia.es\/educacion\/portals\/web\/escolarizacion\/infantil-a-bachillerato\" target=\"_blank\" rel=\"noopener noreferrer\">https:\/\/www.juntadeandalucia.es\/educacion\/portals\/web\/escolarizacion\/infantil-a-bachillerato<\/a><\/p>\n<p>&nbsp;<\/p>\n","protected":false},"excerpt":{"rendered":"<p>La Secretar\u00eda desarrolla muchas funciones importantes en la vida de nuestro centro, especialmente en la relaci\u00f3n&nbsp; con las familias en los diferentes tr\u00e1mites administrativos a lo largo de la escolarizaci\u00f3n: admisi\u00f3n, matr\u00edcula, comedor escolar,&#46;&#46;&#46;<\/p>\n","protected":false},"author":1,"featured_media":0,"parent":0,"menu_order":0,"comment_status":"closed","ping_status":"open","template":"page-cs.php","meta":{"ngg_post_thumbnail":0,"footnotes":"","_mc_calendar":[]},"aioseo_notices":[],"_links":{"self":[{"href":"https:\/\/blogsaverroes.juntadeandalucia.es\/ceipenebral\/wp-json\/wp\/v2\/pages\/77"}],"collection":[{"href":"https:\/\/blogsaverroes.juntadeandalucia.es\/ceipenebral\/wp-json\/wp\/v2\/pages"}],"about":[{"href":"https:\/\/blogsaverroes.juntadeandalucia.es\/ceipenebral\/wp-json\/wp\/v2\/types\/page"}],"author":[{"embeddable":true,"href":"https:\/\/blogsaverroes.juntadeandalucia.es\/ceipenebral\/wp-json\/wp\/v2\/users\/1"}],"replies":[{"embeddable":true,"href":"https:\/\/blogsaverroes.juntadeandalucia.es\/ceipenebral\/wp-json\/wp\/v2\/comments?post=77"}],"version-history":[{"count":8,"href":"https:\/\/blogsaverroes.juntadeandalucia.es\/ceipenebral\/wp-json\/wp\/v2\/pages\/77\/revisions"}],"predecessor-version":[{"id":2677,"href":"https:\/\/blogsaverroes.juntadeandalucia.es\/ceipenebral\/wp-json\/wp\/v2\/pages\/77\/revisions\/2677"}],"wp:attachment":[{"href":"https:\/\/blogsaverroes.juntadeandalucia.es\/ceipenebral\/wp-json\/wp\/v2\/media?parent=77"}],"curies":[{"name":"wp","href":"https:\/\/api.w.org\/{rel}","templated":true}]}}