{"id":20,"date":"2020-01-09T12:32:25","date_gmt":"2020-01-09T11:32:25","guid":{"rendered":"http:\/\/blogsaverroes.juntadeandalucia.es\/pre\/nuevoceip2v2\/?page_id=20"},"modified":"2024-11-17T22:22:06","modified_gmt":"2024-11-17T21:22:06","slug":"2o-ciclo-de-educacion-infantil","status":"publish","type":"page","link":"https:\/\/blogsaverroes.juntadeandalucia.es\/ceipentrenucleos\/2o-ciclo-de-educacion-infantil\/","title":{"rendered":"2\u00ba Ciclo de Educaci\u00f3n Infantil"},"content":{"rendered":"<p>[et_pb_section fb_built=&#8221;1&#8243; _builder_version=&#8221;4.16&#8243; custom_padding=&#8221;0px||0px|&#8221; z_index_tablet=&#8221;500&#8243; box_shadow_horizontal_tablet=&#8221;0px&#8221; box_shadow_vertical_tablet=&#8221;0px&#8221; box_shadow_blur_tablet=&#8221;40px&#8221; box_shadow_spread_tablet=&#8221;0px&#8221; global_colors_info=&#8221;{}&#8221;][et_pb_row _builder_version=&#8221;4.16&#8243; background_size=&#8221;initial&#8221; background_position=&#8221;top_left&#8221; background_repeat=&#8221;repeat&#8221; global_colors_info=&#8221;{}&#8221;][et_pb_column type=&#8221;4_4&#8243; _builder_version=&#8221;4.16&#8243; custom_padding=&#8221;|||&#8221; global_colors_info=&#8221;{}&#8221; custom_padding__hover=&#8221;|||&#8221;][et_pb_image src=&#8221;https:\/\/blogsaverroes.juntadeandalucia.es\/ceipentrenucleos\/files\/2020\/01\/cabecera-interior-3.jpg&#8221; title_text=&#8221;cabecera-interior-3&#8243; admin_label=&#8221;Imagen de la portada&#8221; _builder_version=&#8221;4.16&#8243; z_index_tablet=&#8221;500&#8243; box_shadow_horizontal_tablet=&#8221;0px&#8221; box_shadow_vertical_tablet=&#8221;0px&#8221; box_shadow_blur_tablet=&#8221;40px&#8221; box_shadow_spread_tablet=&#8221;0px&#8221; global_colors_info=&#8221;{}&#8221;][\/et_pb_image][et_pb_text admin_label=&#8221;Texto descriptivo&#8221; _builder_version=&#8221;4.24.2&#8243; hover_enabled=&#8221;0&#8243; z_index_tablet=&#8221;500&#8243; text_text_shadow_horizontal_length_tablet=&#8221;0px&#8221; text_text_shadow_vertical_length_tablet=&#8221;0px&#8221; text_text_shadow_blur_strength_tablet=&#8221;1px&#8221; link_text_shadow_horizontal_length_tablet=&#8221;0px&#8221; link_text_shadow_vertical_length_tablet=&#8221;0px&#8221; link_text_shadow_blur_strength_tablet=&#8221;1px&#8221; ul_text_shadow_horizontal_length_tablet=&#8221;0px&#8221; ul_text_shadow_vertical_length_tablet=&#8221;0px&#8221; ul_text_shadow_blur_strength_tablet=&#8221;1px&#8221; ol_text_shadow_horizontal_length_tablet=&#8221;0px&#8221; ol_text_shadow_vertical_length_tablet=&#8221;0px&#8221; ol_text_shadow_blur_strength_tablet=&#8221;1px&#8221; quote_text_shadow_horizontal_length_tablet=&#8221;0px&#8221; quote_text_shadow_vertical_length_tablet=&#8221;0px&#8221; quote_text_shadow_blur_strength_tablet=&#8221;1px&#8221; header_text_shadow_horizontal_length_tablet=&#8221;0px&#8221; header_text_shadow_vertical_length_tablet=&#8221;0px&#8221; header_text_shadow_blur_strength_tablet=&#8221;1px&#8221; header_2_text_shadow_horizontal_length_tablet=&#8221;0px&#8221; header_2_text_shadow_vertical_length_tablet=&#8221;0px&#8221; header_2_text_shadow_blur_strength_tablet=&#8221;1px&#8221; header_3_text_shadow_horizontal_length_tablet=&#8221;0px&#8221; header_3_text_shadow_vertical_length_tablet=&#8221;0px&#8221; header_3_text_shadow_blur_strength_tablet=&#8221;1px&#8221; header_4_text_shadow_horizontal_length_tablet=&#8221;0px&#8221; header_4_text_shadow_vertical_length_tablet=&#8221;0px&#8221; header_4_text_shadow_blur_strength_tablet=&#8221;1px&#8221; header_5_text_shadow_horizontal_length_tablet=&#8221;0px&#8221; header_5_text_shadow_vertical_length_tablet=&#8221;0px&#8221; header_5_text_shadow_blur_strength_tablet=&#8221;1px&#8221; header_6_text_shadow_horizontal_length_tablet=&#8221;0px&#8221; header_6_text_shadow_vertical_length_tablet=&#8221;0px&#8221; header_6_text_shadow_blur_strength_tablet=&#8221;1px&#8221; box_shadow_horizontal_tablet=&#8221;0px&#8221; box_shadow_vertical_tablet=&#8221;0px&#8221; box_shadow_blur_tablet=&#8221;40px&#8221; box_shadow_spread_tablet=&#8221;0px&#8221; global_colors_info=&#8221;{}&#8221; sticky_enabled=&#8221;0&#8243;]<\/p>\n<h2>2\u00ba Ciclo de Educaci\u00f3n Infantil<\/h2>\n<p>El <strong>segundo ciclo de Educaci\u00f3n Infantil<\/strong> atiende a ni\u00f1os desde los 3 hasta los 6 a\u00f1os.<\/p>\n<p>En este momento crucial en la vida de nuestros alumnos, el aprendizaje depende<br \/>fundamentalmente de su nivel de desarrollo y de la estimulaci\u00f3n que en \u00e9l se ejerza. Por este motivo,<br \/>partimos de la individualidad de cada uno de los ni\u00f1os, atendiendo a su diversidad y proporcionando<br \/>experiencias de aprendizaje significativas. Nuestro objetivo principal es \u201ceducar para la vida\u201d y ofrecerles<br \/>m\u00faltiples oportunidades para desarrollar su \u201cproyecto de persona\u201d.<br \/>Potenciar la autonom\u00eda, el esp\u00edritu cr\u00edtico y creativo, las diferentes inteligencias que poseen y dejar fluir las<br \/>emociones de manera natural y con respeto, son las bases de nuestra manera de entender la educaci\u00f3n. Un<br \/>aspecto que nos identifica es la inclusi\u00f3n y participaci\u00f3n activa de nuestras familias dentro del \u00e1mbito escolar.<br \/>Somos conscientes de la importancia que tiene hacer part\u00edcipes a las familias en la formaci\u00f3n de sus hijos.<br \/>La metodolog\u00eda que llevamos a cabo nos permite que el ni\u00f1o sea agente activo de su propio aprendizaje. El<br \/>ni\u00f1o construye su conocimiento a trav\u00e9s de la exploraci\u00f3n y la experiencia, siempre en relaci\u00f3n con el otro<br \/>(adulto y sus iguales).<\/p>\n<p><strong>1.- El juego<\/strong><br \/>El juego tiene un papel vital en el desarrollo integral de los ni\u00f1os y ni\u00f1as, por lo que es necesario que en la<br \/>etapa de Educaci\u00f3n Infantil sea el motor de toda actividad. A trav\u00e9s del juego, los ni\u00f1os son part\u00edcipes activos<br \/>de su aprendizaje, construyendo su conocimiento por medio de la interacci\u00f3n con las personas y los objetos<br \/>de su entorno. De esta manera, cuanto m\u00e1s rico en est\u00edmulos sea su entorno y m\u00e1s oportunidades tengan de<br \/>experimentaci\u00f3n, m\u00e1s preparados estar\u00e1n para su vida futura.<\/p>\n<p><strong>2.- Aprendizaje basado en proyectos<\/strong><br \/>El Aprendizaje Basado en Proyectos es una estrategia de ense\u00f1anza basada en el alumnado como<br \/>protagonista de su propio aprendizaje. Los conocimientos, tienen la misma importancia que la adquisici\u00f3n de<br \/>habilidades y actitudes. Lo que se busca es que nuestros alumnos pregunten, busquen, investiguen\u2026est\u00e9n<br \/>motivados por querer saber m\u00e1s.<\/p>\n<p><strong>3.- Lectoescritura<\/strong><br \/>Apostamos por el enfoque constructivista en el que el alumnado aprende a leer en contextos funcionales y<br \/>significativos en los que interacciona y se comunica con los dem\u00e1s. Nuestro objetivo es que los ni\u00f1os<br \/>descubran es algo \u00fatil y necesario, de ah\u00ed que todas las actividades propuestas tengan un fin comunicativo.<br \/>Cada uno de nuestros alumnos, avanzar\u00e1 en el dominio de la lecto-escritura siguiendo y respetando su propio<br \/>ritmo de aprendizaje.<\/p>\n<p><strong>4.- Aprendizaje Cooperativo<\/strong><br \/>Creemos que, al trabajar en equipos, permitimos que los ni\u00f1os aprendan a relacionarse y a compartir sus<br \/>ideas, aun cuando no todos piensan igual. Esta metodolog\u00eda favorece actitudes como el di\u00e1logo, la resoluci\u00f3n<br \/>de problemas, la repartici\u00f3n de tareas o la colaboraci\u00f3n. Permite descubrir a los ni\u00f1os que \u201cNecesito de los<br \/>otros y los dem\u00e1s necesitan de m\u00ed\u201d<\/p>\n<p><strong>5.- Matem\u00e1tica Manipulativas<\/strong><br \/>Desde 1\u00ba de Infantil, trabajamos el razonamiento l\u00f3gico- matem\u00e1tico de manera manipulativa. De esta forma<br \/>se permite crear situaciones en las que los ni\u00f1os ejercitan las diferentes capacidades l\u00f3gicas: observaci\u00f3n,<br \/>relaciones, razonamiento, generalizaci\u00f3n, etc. Creamos nuestros propios materiales para que los ni\u00f1os lo<br \/>manipulen y as\u00ed vayan generando ideas y conceptos desde su propio lenguaje. Nuestros alumnos construyen<br \/>sus propios aprendizajes partiendo siempre de sus conocimientos y experiencias propias, jugando con las<br \/>respuestas antes de escoger una de ellas.<\/p>\n<p><strong>6- Psicomotricidad Relacional<\/strong><br \/>La psicomotricidad relacional tiene como objetivo promover el desarrollo integral de los ni\u00f1os, a trav\u00e9s de<br \/>juego espont\u00e1neo y el dialogo t\u00f3nico. Todo ello, rodeado de un clima de seguridad y diversi\u00f3n acompa\u00f1ado<br \/>con la atenta mirada del adulto.<\/p>\n<p><strong>7- Atenci\u00f3n a la diversidad<\/strong><br \/>Nuestras aulas est\u00e1n formadas por ni\u00f1os muy diversos en cuanto a capacidades, intereses, circunstancias y<br \/>est\u00edmulos. Cada uno de ellos es distinto y nuestra labor es sacar lo mejor de ellos durante los a\u00f1os que est\u00e1n<br \/>con nosotros.<br \/>Nuestra intervenci\u00f3n educativa, se planifica con el objetivo claro de detectar y atender las diferentes<br \/>caracter\u00edsticas de cada uno de nuestros alumnos, para conseguir un desarrollo integral de todos ellos.<\/p>\n<p>Familia y colegio unidos, trabajamos para crear la sociedad del ma\u00f1ana.<\/p>\n<p>[\/et_pb_text][\/et_pb_column][\/et_pb_row][\/et_pb_section]<\/p>\n","protected":false},"excerpt":{"rendered":"<p>2\u00ba Ciclo de Educaci\u00f3n Infantil El segundo ciclo de Educaci\u00f3n Infantil atiende a ni\u00f1os desde los 3 hasta los 6 a\u00f1os. En este momento crucial en la vida de nuestros alumnos, el aprendizaje dependefundamentalmente de su nivel de desarrollo y de la estimulaci\u00f3n que en \u00e9l se ejerza. Por este motivo,partimos de la individualidad de [&hellip;]<\/p>\n","protected":false},"author":7051,"featured_media":0,"parent":0,"menu_order":0,"comment_status":"closed","ping_status":"closed","template":"","meta":{"_et_pb_use_builder":"on","_et_pb_old_content":"","_et_gb_content_width":"","ngg_post_thumbnail":0,"footnotes":""},"aioseo_notices":[],"_links":{"self":[{"href":"https:\/\/blogsaverroes.juntadeandalucia.es\/ceipentrenucleos\/wp-json\/wp\/v2\/pages\/20"}],"collection":[{"href":"https:\/\/blogsaverroes.juntadeandalucia.es\/ceipentrenucleos\/wp-json\/wp\/v2\/pages"}],"about":[{"href":"https:\/\/blogsaverroes.juntadeandalucia.es\/ceipentrenucleos\/wp-json\/wp\/v2\/types\/page"}],"author":[{"embeddable":true,"href":"https:\/\/blogsaverroes.juntadeandalucia.es\/ceipentrenucleos\/wp-json\/wp\/v2\/users\/7051"}],"replies":[{"embeddable":true,"href":"https:\/\/blogsaverroes.juntadeandalucia.es\/ceipentrenucleos\/wp-json\/wp\/v2\/comments?post=20"}],"version-history":[{"count":4,"href":"https:\/\/blogsaverroes.juntadeandalucia.es\/ceipentrenucleos\/wp-json\/wp\/v2\/pages\/20\/revisions"}],"predecessor-version":[{"id":725,"href":"https:\/\/blogsaverroes.juntadeandalucia.es\/ceipentrenucleos\/wp-json\/wp\/v2\/pages\/20\/revisions\/725"}],"wp:attachment":[{"href":"https:\/\/blogsaverroes.juntadeandalucia.es\/ceipentrenucleos\/wp-json\/wp\/v2\/media?parent=20"}],"curies":[{"name":"wp","href":"https:\/\/api.w.org\/{rel}","templated":true}]}}