{"id":850,"date":"2020-12-18T08:41:27","date_gmt":"2020-12-18T07:41:27","guid":{"rendered":"https:\/\/blogsaverroes.juntadeandalucia.es\/pre\/plantilla-pencil\/?page_id=850"},"modified":"2025-11-20T09:31:57","modified_gmt":"2025-11-20T08:31:57","slug":"planes-y-proyectos","status":"publish","type":"page","link":"https:\/\/blogsaverroes.juntadeandalucia.es\/ceiperytheia\/planes-y-proyectos\/","title":{"rendered":"Planes y Programas"},"content":{"rendered":"<p><img loading=\"lazy\" decoding=\"async\" class=\"alignnone size-medium wp-image-1033\" src=\"https:\/\/blogsaverroes.juntadeandalucia.es\/ceiperytheia\/files\/2025\/11\/pacto_logo-300x240.jpg\" alt=\"\" width=\"300\" height=\"240\"><\/p>\n<p><span style=\"font-size: 18pt;color: #800080\"><strong>CURSO 2024-2025<\/strong><\/span><\/p>\n<p><span style=\"font-size: 14pt;color: #800080\"><strong>IGUALDAD Y COEDUCACI\u00d3N<\/strong><\/span><\/p>\n<p><a href=\"https:\/\/www.instagram.com\/reel\/C2b4hxUNJFA\/?igsh=ZjRvaGxyN2kwbDFm\"><strong>FORMACI\u00d3N PARA ALUMNADO MEDIADOR Y AYUDANTE&nbsp; impartido por Ilusiones Proyectos Socioeducativos.<\/strong><\/a><\/p>\n<p><span style=\"font-size: 14pt\"><strong><span style=\"color: #800080\">D\u00eda Internacional de la Eliminaci\u00f3n de la Violencia contra las Mujeres<\/span><\/strong><\/span><\/p>\n<p><span style=\"font-weight: 400\">Trabajamos el cuento \u201cYo voy conmigo\u201d libro de Raquel Diaz Reguera<\/span><span style=\"font-weight: 400\">&nbsp;y grabamos este <\/span><a href=\"https:\/\/drive.google.com\/file\/d\/17xtVsdaZt4iUgmKku55V1ESdkC_C6nsh\/view?usp=drive_link\"><span style=\"font-weight: 400\">AUDIOCUENTO<\/span><\/a><\/p>\n<p><span style=\"font-weight: 400\">Realizamos la actividad a nivel de centro: El Gran Lazo Violeta <\/span><a href=\"https:\/\/www.instagram.com\/reel\/C0Q8f_RNWy3\/?igsh=MmU1djh6azh1Y2dz\"><span style=\"font-weight: 400\">https:\/\/www.instagram.com\/reel\/C0Q8f_RNWy3\/?igsh=MmU1djh6azh1Y2dz<\/span><\/a><\/p>\n<p><span style=\"font-size: 14pt\"><strong><span style=\"color: #800080\">FORMACI\u00d3N JUNT@S impartido por Ilusiones Proyectos Socioeducativos.<\/span><\/strong><\/span><\/p>\n<p><a href=\"https:\/\/www.instagram.com\/reel\/C3qhtONtpt_\/?igsh=NTVoNHQ0emFibXdm\"><span style=\"font-weight: 400\">https:\/\/www.instagram.com\/reel\/C3qhtONtpt_\/?igsh=NTVoNHQ0emFibXdm<\/span><\/a><\/p>\n<p><span style=\"color: #800080;font-size: 14pt\"><strong>Semana de la Igualdad 5 al 8 de marzo de 2024.&nbsp;<\/strong><\/span><\/p>\n<p><span style=\"font-weight: 400\">Trabajamos mujeres de los vol\u00famenes 1 y 2 de los &#8220;Cuentos de buenas noches para ni\u00f1as rebeldes&#8221;.<\/span><\/p>\n<p><span style=\"font-weight: 400\">Se llevan a cabo los talleres de la semana de igualdad para los que contamos con la colaboraci\u00f3n de las familias voluntarias.<\/span><\/p>\n<p><span style=\"font-weight: 400\">D\u00eda 1 <\/span><a href=\"https:\/\/www.instagram.com\/reel\/C4JZmXctcmN\/?igsh=bDNxb3Z6bTJzaWI4\"><span style=\"font-weight: 400\">https:\/\/www.instagram.com\/reel\/C4JZmXctcmN\/?igsh=bDNxb3Z6bTJzaWI4<\/span><\/a><\/p>\n<p><span style=\"font-weight: 400\">D\u00eda 2&nbsp;<\/span><a href=\"https:\/\/www.instagram.com\/reel\/C4OgKkttE25\/?igsh=OXk0dDh6bG8xejc1\"><span style=\"font-weight: 400\">https:\/\/www.instagram.com\/reel\/C4OgKkttE25\/?igsh=OXk0dDh6bG8xejc1<\/span><\/a><\/p>\n<p><span style=\"font-weight: 400\">D\u00eda 3 <\/span><a href=\"https:\/\/www.instagram.com\/reel\/C4RVjkStffr\/?igsh=NW1jeGh5MWV2bHBn\"><span style=\"font-weight: 400\">https:\/\/www.instagram.com\/reel\/C4RVjkStffr\/?igsh=NW1jeGh5MWV2bHBn<\/span><\/a><\/p>\n<p><span style=\"font-weight: 400\">D\u00eda 4&nbsp;<\/span><a href=\"https:\/\/www.instagram.com\/reel\/C4WPcNptyM1\/?igsh=NjYwY3VwNGxheW5t\"><span style=\"font-weight: 400\">https:\/\/www.instagram.com\/reel\/C4WPcNptyM1\/?igsh=NjYwY3VwNGxheW5t<\/span><\/a><\/p>\n<p><span style=\"font-weight: 400\">El jueves 7 y viernes 8 de marzo tuvimos la visita de familiares de alumnos\/as que nos ofrecieron charlas sobre su trabajo, como parte de las&nbsp; actividades de la semana de la igualdad.<\/span><\/p>\n<p><a href=\"https:\/\/www.instagram.com\/reel\/C4dosLINeZu\/?igsh=ZHdueGs2NHRhOXll\"><span style=\"font-weight: 400\">https:\/\/www.instagram.com\/reel\/C4dosLINeZu\/?igsh=ZHdueGs2NHRhOXll<\/span><\/a><\/p>\n<p><span style=\"font-weight: 400\">\u00a1Much\u00edsimas gracias por vuestra colaboraci\u00f3n!<\/span><\/p>\n<p><span style=\"color: #993366;font-size: 14pt\"><strong>TALLER BOTIQU\u00cdN DE LAS EMOCIONES<\/strong><\/span><\/p>\n<p><span style=\"font-weight: 400\">El 19 de abril tuvimos este taller para trabajar las emociones con las dos clases de 2\u00b0 de Primaria.<\/span><\/p>\n<p><a href=\"https:\/\/www.instagram.com\/reel\/C5_FS4pNy_q\/?igsh=NmVxaDJyYmR3cnR2\"><span style=\"font-weight: 400\">https:\/\/www.instagram.com\/reel\/C5_FS4pNy_q\/?igsh=NmVxaDJyYmR3cnR2<\/span><\/a><\/p>\n","protected":false},"excerpt":{"rendered":"<p>CURSO 2024-2025 IGUALDAD Y COEDUCACI\u00d3N FORMACI\u00d3N PARA ALUMNADO MEDIADOR Y AYUDANTE&nbsp; impartido por Ilusiones Proyectos Socioeducativos. D\u00eda Internacional de la Eliminaci\u00f3n de la Violencia contra las Mujeres Trabajamos el cuento \u201cYo voy conmigo\u201d libro de Raquel Diaz Reguera&nbsp;y grabamos este AUDIOCUENTO Realizamos la actividad a nivel de centro: El Gran Lazo Violeta https:\/\/www.instagram.com\/reel\/C0Q8f_RNWy3\/?igsh=MmU1djh6azh1Y2dz FORMACI\u00d3N JUNT@S [&hellip;]<\/p>\n","protected":false},"author":15523,"featured_media":0,"parent":0,"menu_order":0,"comment_status":"closed","ping_status":"closed","template":"","meta":{"_et_pb_use_builder":"off","_et_pb_old_content":"","_et_gb_content_width":"","ngg_post_thumbnail":0,"footnotes":""},"aioseo_notices":[],"_links":{"self":[{"href":"https:\/\/blogsaverroes.juntadeandalucia.es\/ceiperytheia\/wp-json\/wp\/v2\/pages\/850"}],"collection":[{"href":"https:\/\/blogsaverroes.juntadeandalucia.es\/ceiperytheia\/wp-json\/wp\/v2\/pages"}],"about":[{"href":"https:\/\/blogsaverroes.juntadeandalucia.es\/ceiperytheia\/wp-json\/wp\/v2\/types\/page"}],"author":[{"embeddable":true,"href":"https:\/\/blogsaverroes.juntadeandalucia.es\/ceiperytheia\/wp-json\/wp\/v2\/users\/15523"}],"replies":[{"embeddable":true,"href":"https:\/\/blogsaverroes.juntadeandalucia.es\/ceiperytheia\/wp-json\/wp\/v2\/comments?post=850"}],"version-history":[{"count":7,"href":"https:\/\/blogsaverroes.juntadeandalucia.es\/ceiperytheia\/wp-json\/wp\/v2\/pages\/850\/revisions"}],"predecessor-version":[{"id":1037,"href":"https:\/\/blogsaverroes.juntadeandalucia.es\/ceiperytheia\/wp-json\/wp\/v2\/pages\/850\/revisions\/1037"}],"wp:attachment":[{"href":"https:\/\/blogsaverroes.juntadeandalucia.es\/ceiperytheia\/wp-json\/wp\/v2\/media?parent=850"}],"curies":[{"name":"wp","href":"https:\/\/api.w.org\/{rel}","templated":true}]}}