{"id":2534,"date":"2022-01-30T09:45:48","date_gmt":"2022-01-30T09:45:48","guid":{"rendered":"https:\/\/blogsaverroes.juntadeandalucia.es\/ceipescritoralfonsogrosso\/?page_id=2534"},"modified":"2022-04-05T17:05:35","modified_gmt":"2022-04-05T17:05:35","slug":"enlaces-de-ayuda","status":"publish","type":"page","link":"https:\/\/blogsaverroes.juntadeandalucia.es\/ceipescritoralfonsogrosso\/enlaces-de-ayuda\/","title":{"rendered":"Enlaces de ayuda"},"content":{"rendered":"<h3>&nbsp; &nbsp; &nbsp; &nbsp;Antes de adentraros en esta p\u00e1gina, os recomendamos que busqu\u00e9is entre las Preguntas Frecuentes la soluci\u00f3n a vuestras dudas o inquietudes. No obstante, seguidamente os recomendamos los siguientes enlaces si necesit\u00e1is m\u00e1s informaci\u00f3n al respecto. Y recordar que tambi\u00e9n pod\u00e9is escribirnos un mail a nuestro correo con vuestras dudas, sugerencias, etc.&nbsp;<\/h3>\n<p>&nbsp;<\/p>\n<h3><a href=\"mailto:41602399@g.educaand.es\">Correo del centro<\/a><\/h3>\n<p>&nbsp;<\/p>\n<h3><a href=\"https:\/\/www.juntadeandalucia.es\/educacion\/eaprendizaje\/gsuite\/\">Gsuite para Educaci\u00f3n, Plataforma Google para centros educativos<\/a><\/h3>\n<p>&nbsp;<\/p>\n<h3><a href=\"https:\/\/seneca.juntadeandalucia.es\/seneca\/jsp\/portalpasen\/\">Pasen<\/a><\/h3>\n<p>&nbsp;<\/p>\n<h3><a href=\"https:\/\/apps.apple.com\/es\/app\/ipasen\/id511127024?l=en\">Aplicaci\u00f3n Ipasen para m\u00f3viles Ios<\/a><\/h3>\n<h3>&nbsp;<\/h3>\n<h3><a href=\"https:\/\/play.google.com\/store\/apps\/details?id=juntadeandalucia.ced.pasen&amp;hl=es\">Aplicaci\u00f3n Ipasen para m\u00f3viles Android<\/a><\/h3>\n<h3>&nbsp;<\/h3>\n<div style=\"width: 100%\">\n<div style=\"padding-bottom: 56.25%;padding-top: 0;height: 0\"><iframe loading=\"lazy\" src=\"https:\/\/view.genial.ly\/616ed2db7aa16f0dbc875122\" width=\"600px\" height=\"338px\" frameborder=\"0\" scrolling=\"yes\"><\/iframe><\/div>\n<div>&nbsp;<\/div>\n<\/div>\n<div style=\"width: 100%\">\n<div style=\"padding-bottom: 56.25%;padding-top: 0;height: 0\"><iframe loading=\"lazy\" src=\"https:\/\/view.genial.ly\/603a664206cc940cfac394fa\" width=\"600px\" height=\"348px\" frameborder=\"0\" scrolling=\"yes\"><\/iframe><\/div>\n<\/div>\n<p>&nbsp;<\/p>\n","protected":false},"excerpt":{"rendered":"<p>&nbsp; &nbsp; &nbsp; &nbsp;Antes de adentraros en esta p\u00e1gina, os recomendamos que busqu\u00e9is entre las Preguntas Frecuentes la soluci\u00f3n a vuestras dudas o inquietudes. No obstante, seguidamente os recomendamos los siguientes enlaces si necesit\u00e1is&#46;&#46;&#46;<\/p>\n","protected":false},"author":10479,"featured_media":0,"parent":0,"menu_order":0,"comment_status":"closed","ping_status":"closed","template":"","meta":{"ngg_post_thumbnail":0,"footnotes":"","_mc_calendar":[]},"aioseo_notices":[],"post_mailing_queue_ids":[],"_links":{"self":[{"href":"https:\/\/blogsaverroes.juntadeandalucia.es\/ceipescritoralfonsogrosso\/wp-json\/wp\/v2\/pages\/2534"}],"collection":[{"href":"https:\/\/blogsaverroes.juntadeandalucia.es\/ceipescritoralfonsogrosso\/wp-json\/wp\/v2\/pages"}],"about":[{"href":"https:\/\/blogsaverroes.juntadeandalucia.es\/ceipescritoralfonsogrosso\/wp-json\/wp\/v2\/types\/page"}],"author":[{"embeddable":true,"href":"https:\/\/blogsaverroes.juntadeandalucia.es\/ceipescritoralfonsogrosso\/wp-json\/wp\/v2\/users\/10479"}],"replies":[{"embeddable":true,"href":"https:\/\/blogsaverroes.juntadeandalucia.es\/ceipescritoralfonsogrosso\/wp-json\/wp\/v2\/comments?post=2534"}],"version-history":[{"count":3,"href":"https:\/\/blogsaverroes.juntadeandalucia.es\/ceipescritoralfonsogrosso\/wp-json\/wp\/v2\/pages\/2534\/revisions"}],"predecessor-version":[{"id":2581,"href":"https:\/\/blogsaverroes.juntadeandalucia.es\/ceipescritoralfonsogrosso\/wp-json\/wp\/v2\/pages\/2534\/revisions\/2581"}],"wp:attachment":[{"href":"https:\/\/blogsaverroes.juntadeandalucia.es\/ceipescritoralfonsogrosso\/wp-json\/wp\/v2\/media?parent=2534"}],"curies":[{"name":"wp","href":"https:\/\/api.w.org\/{rel}","templated":true}]}}