{"id":35,"date":"2015-03-13T08:21:43","date_gmt":"2015-03-13T08:21:43","guid":{"rendered":"http:\/\/blogsaverroes.juntadeandalucia.es\/pre\/ceip\/?page_id=35"},"modified":"2026-03-13T12:31:22","modified_gmt":"2026-03-13T12:31:22","slug":"el-centro-2","status":"publish","type":"page","link":"https:\/\/blogsaverroes.juntadeandalucia.es\/ceipescritoralfonsogrosso\/el-centro-2\/","title":{"rendered":"Datos del centro"},"content":{"rendered":"<p><iframe loading=\"lazy\" src=\"https:\/\/www.google.com\/maps\/embed?pb=!1m18!1m12!1m3!1d3169.3160729883416!2d-5.968422749271896!3d37.4060034797291!2m3!1f0!2f0!3f0!3m2!1i1024!2i768!4f13.1!3m3!1m2!1s0xd12694cedbb6801%3A0xb436ff84cd00bec!2sCEIP%20Escritor%20Alfonso%20Grosso!5e0!3m2!1ses!2ses!4v1599853341002!5m2!1ses!2ses\" width=\"600\" height=\"450\" frameborder=\"0\"><\/iframe><\/p>\n<h4><span style=\"text-decoration: underline\"><strong>Datos de contacto<\/strong><\/span><\/h4>\n<p>C.E.I.P. Escritor Alfonso Grosso<\/p>\n<p><strong>Direcci\u00f3n:<\/strong>&nbsp; Alejandro Sawa, 14.&nbsp; 41008 Sevilla<\/p>\n<p><strong>Tel\u00e9fono: <\/strong>955623640<\/p>\n<p><strong>Email:<\/strong> 41602399.edu@juntadeandalucia.es<\/p>\n<h4><span style=\"text-decoration: underline\"><strong>Horarios<\/strong><\/span><\/h4>\n<p>Horario lectivo: de 9:00 a 14:00, de lunes a viernes.<\/p>\n<p>Aula Matinal: de 7:30 a 9:00, de lunes a viernes.<\/p>\n<p>Comedor Escolar: de 14:00 a 16:00, de lunes a viernes.&nbsp; Para mas informacion <a href=\"https:\/\/blogsaverroes.juntadeandalucia.es\/ceipescritoralfonsogrosso\/comedor-escolar\/\">pulse aqui<\/a><\/p>\n<p>Actividades extraescolares: Para mas informacion <a href=\"https:\/\/blogsaverroes.juntadeandalucia.es\/ceipescritoralfonsogrosso\/actividades-extraescolares\/\">pulse aqui<\/a><\/p>\n<h4><span style=\"text-decoration: underline\"><strong>Oferta educativa<\/strong><\/span><\/h4>\n<p>Nuestro centro oferta ense\u00f1anzas de segundo ciclo de Educaci\u00f3n Infantil (3-6 a\u00f1os) y Educaci\u00f3n Primaria.<\/p>\n<h4>&nbsp;<\/h4>\n<p>&nbsp;<\/p>\n","protected":false},"excerpt":{"rendered":"<p>Datos de contacto C.E.I.P. Escritor Alfonso Grosso Direcci\u00f3n:&nbsp; Alejandro Sawa, 14.&nbsp; 41008 Sevilla Tel\u00e9fono: 955623640 Email: 41602399.edu@juntadeandalucia.es Horarios Horario lectivo: de 9:00 a 14:00, de lunes a viernes. Aula Matinal: de 7:30 a 9:00,&#46;&#46;&#46;<\/p>\n","protected":false},"author":1,"featured_media":0,"parent":0,"menu_order":0,"comment_status":"closed","ping_status":"open","template":"","meta":{"ngg_post_thumbnail":0,"footnotes":"","_mc_calendar":[]},"aioseo_notices":[],"post_mailing_queue_ids":[],"_links":{"self":[{"href":"https:\/\/blogsaverroes.juntadeandalucia.es\/ceipescritoralfonsogrosso\/wp-json\/wp\/v2\/pages\/35"}],"collection":[{"href":"https:\/\/blogsaverroes.juntadeandalucia.es\/ceipescritoralfonsogrosso\/wp-json\/wp\/v2\/pages"}],"about":[{"href":"https:\/\/blogsaverroes.juntadeandalucia.es\/ceipescritoralfonsogrosso\/wp-json\/wp\/v2\/types\/page"}],"author":[{"embeddable":true,"href":"https:\/\/blogsaverroes.juntadeandalucia.es\/ceipescritoralfonsogrosso\/wp-json\/wp\/v2\/users\/1"}],"replies":[{"embeddable":true,"href":"https:\/\/blogsaverroes.juntadeandalucia.es\/ceipescritoralfonsogrosso\/wp-json\/wp\/v2\/comments?post=35"}],"version-history":[{"count":26,"href":"https:\/\/blogsaverroes.juntadeandalucia.es\/ceipescritoralfonsogrosso\/wp-json\/wp\/v2\/pages\/35\/revisions"}],"predecessor-version":[{"id":3159,"href":"https:\/\/blogsaverroes.juntadeandalucia.es\/ceipescritoralfonsogrosso\/wp-json\/wp\/v2\/pages\/35\/revisions\/3159"}],"wp:attachment":[{"href":"https:\/\/blogsaverroes.juntadeandalucia.es\/ceipescritoralfonsogrosso\/wp-json\/wp\/v2\/media?parent=35"}],"curies":[{"name":"wp","href":"https:\/\/api.w.org\/{rel}","templated":true}]}}