{"id":42,"date":"2015-03-13T08:40:47","date_gmt":"2015-03-13T08:40:47","guid":{"rendered":"http:\/\/blogsaverroes.juntadeandalucia.es\/pre\/ceip\/?page_id=42"},"modified":"2024-09-23T15:49:16","modified_gmt":"2024-09-23T15:49:16","slug":"equipo-directivo","status":"publish","type":"page","link":"https:\/\/blogsaverroes.juntadeandalucia.es\/ceipescritoralfonsogrosso\/equipo-directivo\/","title":{"rendered":"Equipo directivo"},"content":{"rendered":"<p>&nbsp;<\/p>\n<h2><strong><span style=\"text-decoration: underline\">Direcci\u00f3n<\/span>: Jose Antonio Cabeza Andrades<\/strong><strong><br \/>\n<\/strong><\/h2>\n<p>&nbsp;<\/p>\n<h2><strong><span style=\"text-decoration: underline\">Jefatura de estudios<\/span>: <\/strong>Tamara Jim\u00e9nez Illanes<strong><br \/>\n<\/strong><\/h2>\n<p>&nbsp;<\/p>\n<h2><strong><span style=\"text-decoration: underline\">Secretar\u00eda<\/span>: <\/strong>Silvia Retamal Ru\u00edz<strong><br \/>\n<\/strong><\/h2>\n<p>&nbsp;<\/p>\n<h2><strong><span style=\"text-decoration: underline\">Coordinador TDE<\/span>:<\/strong> Jose Antonio Cabeza Andrades<\/h2>\n","protected":false},"excerpt":{"rendered":"<p>&nbsp; Direcci\u00f3n: Jose Antonio Cabeza Andrades &nbsp; Jefatura de estudios: Tamara Jim\u00e9nez Illanes &nbsp; Secretar\u00eda: Silvia Retamal Ru\u00edz &nbsp; Coordinador TDE: Jose Antonio Cabeza Andrades<\/p>\n","protected":false},"author":1,"featured_media":0,"parent":0,"menu_order":0,"comment_status":"closed","ping_status":"open","template":"","meta":{"ngg_post_thumbnail":0,"footnotes":"","_mc_calendar":[]},"aioseo_notices":[],"post_mailing_queue_ids":[],"_links":{"self":[{"href":"https:\/\/blogsaverroes.juntadeandalucia.es\/ceipescritoralfonsogrosso\/wp-json\/wp\/v2\/pages\/42"}],"collection":[{"href":"https:\/\/blogsaverroes.juntadeandalucia.es\/ceipescritoralfonsogrosso\/wp-json\/wp\/v2\/pages"}],"about":[{"href":"https:\/\/blogsaverroes.juntadeandalucia.es\/ceipescritoralfonsogrosso\/wp-json\/wp\/v2\/types\/page"}],"author":[{"embeddable":true,"href":"https:\/\/blogsaverroes.juntadeandalucia.es\/ceipescritoralfonsogrosso\/wp-json\/wp\/v2\/users\/1"}],"replies":[{"embeddable":true,"href":"https:\/\/blogsaverroes.juntadeandalucia.es\/ceipescritoralfonsogrosso\/wp-json\/wp\/v2\/comments?post=42"}],"version-history":[{"count":8,"href":"https:\/\/blogsaverroes.juntadeandalucia.es\/ceipescritoralfonsogrosso\/wp-json\/wp\/v2\/pages\/42\/revisions"}],"predecessor-version":[{"id":3021,"href":"https:\/\/blogsaverroes.juntadeandalucia.es\/ceipescritoralfonsogrosso\/wp-json\/wp\/v2\/pages\/42\/revisions\/3021"}],"wp:attachment":[{"href":"https:\/\/blogsaverroes.juntadeandalucia.es\/ceipescritoralfonsogrosso\/wp-json\/wp\/v2\/media?parent=42"}],"curies":[{"name":"wp","href":"https:\/\/api.w.org\/{rel}","templated":true}]}}