{"id":870,"date":"2015-03-16T07:24:27","date_gmt":"2015-03-16T07:24:27","guid":{"rendered":"http:\/\/blogsaverroes.juntadeandalucia.es\/pre\/ceip\/?page_id=103"},"modified":"2026-03-18T10:13:12","modified_gmt":"2026-03-18T10:13:12","slug":"aula-matinal","status":"publish","type":"page","link":"https:\/\/blogsaverroes.juntadeandalucia.es\/ceipescritoralfonsogrosso\/aula-matinal\/","title":{"rendered":"Aula Matinal"},"content":{"rendered":"<p>&nbsp;<\/p>\n<h4>Ejemplo de informaci\u00f3n sobre Aula Matinal<\/h4>\n<p>El <strong>Aula Matinal<\/strong> abre a las 7.30 horas de lunes a viernes, ofreciendo actividades diversas a los estudiantes hasta el comienzo del horario lectivo.<\/p>\n<p>Puede&nbsp;utilizarse&nbsp;cualquier d\u00eda previa inscripci\u00f3n y domicializaci\u00f3n bancaria.<\/p>\n<p>Para realizar el proceso de alta, puede acudir presencialmente al centro o ponerse en contacto con nosotros a trav\u00e9s del tel\u00e9fono para solicitar informaci\u00f3n<\/p>\n<p><a href=\"https:\/\/blogsaverroes.juntadeandalucia.es\/ceipescritoralfonsogrosso\/contactar\/\">contacto<\/a><\/p>\n<p>&nbsp;<\/p>\n","protected":false},"excerpt":{"rendered":"<p>&nbsp; Ejemplo de informaci\u00f3n sobre Aula Matinal El Aula Matinal abre a las 7.30 horas de lunes a viernes, ofreciendo actividades diversas a los estudiantes hasta el comienzo del horario lectivo. Puede&nbsp;utilizarse&nbsp;cualquier d\u00eda previa&#46;&#46;&#46;<\/p>\n","protected":false},"author":1,"featured_media":0,"parent":0,"menu_order":0,"comment_status":"closed","ping_status":"open","template":"","meta":{"ngg_post_thumbnail":0,"footnotes":"","_mc_calendar":[]},"aioseo_notices":[],"post_mailing_queue_ids":[],"_links":{"self":[{"href":"https:\/\/blogsaverroes.juntadeandalucia.es\/ceipescritoralfonsogrosso\/wp-json\/wp\/v2\/pages\/870"}],"collection":[{"href":"https:\/\/blogsaverroes.juntadeandalucia.es\/ceipescritoralfonsogrosso\/wp-json\/wp\/v2\/pages"}],"about":[{"href":"https:\/\/blogsaverroes.juntadeandalucia.es\/ceipescritoralfonsogrosso\/wp-json\/wp\/v2\/types\/page"}],"author":[{"embeddable":true,"href":"https:\/\/blogsaverroes.juntadeandalucia.es\/ceipescritoralfonsogrosso\/wp-json\/wp\/v2\/users\/1"}],"replies":[{"embeddable":true,"href":"https:\/\/blogsaverroes.juntadeandalucia.es\/ceipescritoralfonsogrosso\/wp-json\/wp\/v2\/comments?post=870"}],"version-history":[{"count":9,"href":"https:\/\/blogsaverroes.juntadeandalucia.es\/ceipescritoralfonsogrosso\/wp-json\/wp\/v2\/pages\/870\/revisions"}],"predecessor-version":[{"id":3181,"href":"https:\/\/blogsaverroes.juntadeandalucia.es\/ceipescritoralfonsogrosso\/wp-json\/wp\/v2\/pages\/870\/revisions\/3181"}],"wp:attachment":[{"href":"https:\/\/blogsaverroes.juntadeandalucia.es\/ceipescritoralfonsogrosso\/wp-json\/wp\/v2\/media?parent=870"}],"curies":[{"name":"wp","href":"https:\/\/api.w.org\/{rel}","templated":true}]}}