{"id":99,"date":"2015-03-16T07:22:54","date_gmt":"2015-03-16T07:22:54","guid":{"rendered":"http:\/\/blogsaverroes.juntadeandalucia.es\/pre\/ceip\/?page_id=99"},"modified":"2026-03-18T09:54:33","modified_gmt":"2026-03-18T09:54:33","slug":"comedor-escolar","status":"publish","type":"page","link":"https:\/\/blogsaverroes.juntadeandalucia.es\/ceipescritoralfonsogrosso\/comedor-escolar\/","title":{"rendered":"Comedor escolar"},"content":{"rendered":"<h2 data-section-id=\"18u6ual\" data-start=\"93\" data-end=\"111\">Comedor escolar<\/h2>\n<p data-start=\"113\" data-end=\"384\">El <strong data-start=\"116\" data-end=\"135\">comedor escolar<\/strong> es un servicio complementario que facilita la conciliaci\u00f3n de la vida laboral y familiar de las familias. Este servicio se ofrece al finalizar la jornada lectiva de la ma\u00f1ana y tiene una duraci\u00f3n aproximada de <strong data-start=\"346\" data-end=\"383\">dos horas, de 14:00 a 16:00 horas<\/strong>.<\/p>\n<p data-start=\"386\" data-end=\"751\">Adem\u00e1s de cubrir una necesidad organizativa para muchas familias, el comedor escolar desempe\u00f1a un papel importante en la <strong data-start=\"507\" data-end=\"542\">educaci\u00f3n en h\u00e1bitos saludables<\/strong>. A trav\u00e9s de una alimentaci\u00f3n equilibrada y supervisada, se fomenta que el alumnado adquiera <strong data-start=\"636\" data-end=\"669\">buenas pr\u00e1cticas alimentarias<\/strong>, contribuyendo as\u00ed a prevenir problemas de salud como el sobrepeso o la obesidad.<\/p>\n<p data-start=\"753\" data-end=\"843\">En esta secci\u00f3n podr\u00e1s encontrar informaci\u00f3n relacionada con el servicio de comedor, como:<\/p>\n<ul data-start=\"845\" data-end=\"969\">\n<li data-section-id=\"j4zky\" data-start=\"845\" data-end=\"877\">\n<p data-start=\"847\" data-end=\"877\"><a href=\"https:\/\/blogsaverroes.juntadeandalucia.es\/ceipescritoralfonsogrosso\/secretaria\/\"><strong data-start=\"847\" data-end=\"877\">Solicitudes de inscripci\u00f3n<\/strong><\/a><\/p>\n<\/li>\n<li data-section-id=\"mg1u7h\" data-start=\"878\" data-end=\"905\">\n<p data-start=\"880\" data-end=\"905\"><strong data-start=\"880\" data-end=\"905\">Normativa del comedor<\/strong><\/p>\n<\/li>\n<li data-section-id=\"14mrf05\" data-start=\"906\" data-end=\"947\">\n<p data-start=\"908\" data-end=\"947\"><strong data-start=\"908\" data-end=\"932\">Empresa de catering:<\/strong> Hnos. Gonz\u00e1lez<\/p>\n<\/li>\n<li data-section-id=\"hkfpi4\" data-start=\"948\" data-end=\"969\">\n<p data-start=\"950\" data-end=\"969\"><a href=\"https:\/\/blogsaverroes.juntadeandalucia.es\/ceipescritoralfonsogrosso\/files\/2026\/03\/Planilla-6-Feb-Mar.pdf\" target=\"_blank\" rel=\"noopener\"><strong data-start=\"950\" data-end=\"969\">Men\u00fas mensuales<\/strong><\/a><\/p>\n<\/li>\n<\/ul>\n","protected":false},"excerpt":{"rendered":"<p>Comedor escolar El comedor escolar es un servicio complementario que facilita la conciliaci\u00f3n de la vida laboral y familiar de las familias. Este servicio se ofrece al finalizar la jornada lectiva de la ma\u00f1ana&#46;&#46;&#46;<\/p>\n","protected":false},"author":1,"featured_media":0,"parent":0,"menu_order":0,"comment_status":"closed","ping_status":"open","template":"","meta":{"ngg_post_thumbnail":0,"footnotes":"","_mc_calendar":[]},"aioseo_notices":[],"post_mailing_queue_ids":[],"_links":{"self":[{"href":"https:\/\/blogsaverroes.juntadeandalucia.es\/ceipescritoralfonsogrosso\/wp-json\/wp\/v2\/pages\/99"}],"collection":[{"href":"https:\/\/blogsaverroes.juntadeandalucia.es\/ceipescritoralfonsogrosso\/wp-json\/wp\/v2\/pages"}],"about":[{"href":"https:\/\/blogsaverroes.juntadeandalucia.es\/ceipescritoralfonsogrosso\/wp-json\/wp\/v2\/types\/page"}],"author":[{"embeddable":true,"href":"https:\/\/blogsaverroes.juntadeandalucia.es\/ceipescritoralfonsogrosso\/wp-json\/wp\/v2\/users\/1"}],"replies":[{"embeddable":true,"href":"https:\/\/blogsaverroes.juntadeandalucia.es\/ceipescritoralfonsogrosso\/wp-json\/wp\/v2\/comments?post=99"}],"version-history":[{"count":7,"href":"https:\/\/blogsaverroes.juntadeandalucia.es\/ceipescritoralfonsogrosso\/wp-json\/wp\/v2\/pages\/99\/revisions"}],"predecessor-version":[{"id":3177,"href":"https:\/\/blogsaverroes.juntadeandalucia.es\/ceipescritoralfonsogrosso\/wp-json\/wp\/v2\/pages\/99\/revisions\/3177"}],"wp:attachment":[{"href":"https:\/\/blogsaverroes.juntadeandalucia.es\/ceipescritoralfonsogrosso\/wp-json\/wp\/v2\/media?parent=99"}],"curies":[{"name":"wp","href":"https:\/\/api.w.org\/{rel}","templated":true}]}}