{"id":2205,"date":"2020-03-31T21:48:55","date_gmt":"2020-03-31T21:48:55","guid":{"rendered":"https:\/\/blogsaverroes.juntadeandalucia.es\/ceipestrelladelmar\/?page_id=2205"},"modified":"2021-03-06T19:48:07","modified_gmt":"2021-03-06T19:48:07","slug":"profesorado","status":"publish","type":"page","link":"https:\/\/blogsaverroes.juntadeandalucia.es\/ceipestrelladelmar\/profesorado\/","title":{"rendered":"Profesorado"},"content":{"rendered":"<ul>\n<li>Mar\u00eda Aser Conejo Mart\u00ednez (Educaci\u00f3n Infantil)<\/li>\n<\/ul>\n<ul>\n<li>Antonio Jes\u00fas Cruz Ort\u00edz (Lengua Extranjera \/ Franc\u00e9s &#8211; Educaci\u00f3n Primaria)<\/li>\n<\/ul>\n<ul>\n<li>Antonio Dom\u00ednguez Tocino (Educaci\u00f3n F\u00edsica &#8211; Educaci\u00f3n Primaria)<\/li>\n<\/ul>\n<ul>\n<li>Francisco Alonso Fern\u00e1ndez Malia (Educaci\u00f3n Primaria)<\/li>\n<\/ul>\n<ul>\n<li>Mar\u00eda Gracia Fern\u00e1ndez Ru\u00edz (Audici\u00f3n y Lenguaje)<\/li>\n<\/ul>\n<ul>\n<li>Elsa Marina G\u00f3mez Barcel\u00f3 (Lengua Extranjera-Ingl\u00e9s &#8211; Educaci\u00f3n Primaria)<\/li>\n<\/ul>\n<ul>\n<li>Catalina de Jes\u00fas G\u00f3mez Magro (Educaci\u00f3n Primaria)<\/li>\n<\/ul>\n<ul>\n<li>Noelia Guti\u00e9rrez Guerrero (Educaci\u00f3n Primaria)<\/li>\n<\/ul>\n<ul>\n<li>Lorena Hermoso Guardia (Educaci\u00f3n Primaria &#8211; Apoyo COVID)<\/li>\n<\/ul>\n<ul>\n<li>Mar\u00eda Jos\u00e9 Moreno Vargas-Machuca (M\u00fasica &#8211; Educaci\u00f3n Primaria)<\/li>\n<\/ul>\n<ul>\n<li>Antonia Olmo Llorca (Educaci\u00f3n Primaria)<\/li>\n<\/ul>\n<ul>\n<li>Elisa Rodr\u00edguez Salado (Educaci\u00f3n Infantil)<\/li>\n<\/ul>\n<ul>\n<li>Agustina Troncoso Rodr\u00edguez (Educaci\u00f3n Infantil)<\/li>\n<\/ul>\n<ul>\n<li>Antonia V\u00edu Pacheco (Religi\u00f3n &#8211; Educaci\u00f3n Primaria)<\/li>\n<\/ul>\n<p>&nbsp;<\/p>\n<p>&nbsp;<\/p>\n","protected":false},"excerpt":{"rendered":"<p>Mar\u00eda Aser Conejo Mart\u00ednez (Educaci\u00f3n Infantil) Antonio Jes\u00fas Cruz Ort\u00edz (Lengua Extranjera \/ Franc\u00e9s &#8211; Educaci\u00f3n Primaria) Antonio Dom\u00ednguez Tocino (Educaci\u00f3n F\u00edsica &#8211; Educaci\u00f3n Primaria) Francisco Alonso Fern\u00e1ndez Malia (Educaci\u00f3n Primaria) Mar\u00eda Gracia Fern\u00e1ndez&#46;&#46;&#46;<\/p>\n","protected":false},"author":5765,"featured_media":0,"parent":0,"menu_order":0,"comment_status":"closed","ping_status":"closed","template":"","meta":{"ngg_post_thumbnail":0,"footnotes":"","_mc_calendar":[]},"aioseo_notices":[],"_links":{"self":[{"href":"https:\/\/blogsaverroes.juntadeandalucia.es\/ceipestrelladelmar\/wp-json\/wp\/v2\/pages\/2205"}],"collection":[{"href":"https:\/\/blogsaverroes.juntadeandalucia.es\/ceipestrelladelmar\/wp-json\/wp\/v2\/pages"}],"about":[{"href":"https:\/\/blogsaverroes.juntadeandalucia.es\/ceipestrelladelmar\/wp-json\/wp\/v2\/types\/page"}],"author":[{"embeddable":true,"href":"https:\/\/blogsaverroes.juntadeandalucia.es\/ceipestrelladelmar\/wp-json\/wp\/v2\/users\/5765"}],"replies":[{"embeddable":true,"href":"https:\/\/blogsaverroes.juntadeandalucia.es\/ceipestrelladelmar\/wp-json\/wp\/v2\/comments?post=2205"}],"version-history":[{"count":6,"href":"https:\/\/blogsaverroes.juntadeandalucia.es\/ceipestrelladelmar\/wp-json\/wp\/v2\/pages\/2205\/revisions"}],"predecessor-version":[{"id":2486,"href":"https:\/\/blogsaverroes.juntadeandalucia.es\/ceipestrelladelmar\/wp-json\/wp\/v2\/pages\/2205\/revisions\/2486"}],"wp:attachment":[{"href":"https:\/\/blogsaverroes.juntadeandalucia.es\/ceipestrelladelmar\/wp-json\/wp\/v2\/media?parent=2205"}],"curies":[{"name":"wp","href":"https:\/\/api.w.org\/{rel}","templated":true}]}}