{"id":35,"date":"2015-03-13T08:21:43","date_gmt":"2015-03-13T08:21:43","guid":{"rendered":"http:\/\/blogsaverroes.juntadeandalucia.es\/pre\/ceip\/?page_id=35"},"modified":"2020-08-18T14:34:45","modified_gmt":"2020-08-18T14:34:45","slug":"el-centro-2","status":"publish","type":"page","link":"https:\/\/blogsaverroes.juntadeandalucia.es\/ceipestrelladelmar\/el-centro-2\/","title":{"rendered":"Datos del centro"},"content":{"rendered":"<div class=\"mapouter\">\n<div class=\"gmap_canvas\">[googlemaps https:\/\/maps.google.com\/maps?q=ceip%20estrella%20del%20mar&amp;t=&amp;z=17&amp;ie=UTF8&amp;iwloc=&amp;output=embed&amp;w=600&amp;h=500]<\/div>\n<\/div>\n<p style=\"text-align: left\"><strong>Datos de contacto<\/strong><\/p>\n<p>CEIP Estrella del Mar<\/p>\n<p><strong>Direcci\u00f3n:<\/strong>&nbsp; Plaza de la Inmaculada, s\/n. 11160 Barbate (C\u00e1diz)<\/p>\n<p><strong>Tel\u00e9fono \/ FAX: <\/strong>956459524<strong> \/ <\/strong>956459525 &nbsp;&nbsp;&nbsp;&nbsp;&nbsp;&nbsp;&nbsp;&nbsp; <strong>Email:<\/strong> 11000794.edu@juntadeandalucia.es<\/p>\n<p><strong>Horarios<\/strong><\/p>\n<p style=\"text-align: justify\">El Centro Educativo cuenta con una jornada lectiva de cinco ma\u00f1anas sin tardes, en horario \u00fanico para las etapas de educaci\u00f3n infantil y primaria, de 9:00 a 14:00 horas. El profesorado desarrolla su horario regular no lectivo las tardes de los lunes, de 16:00 a 20:00 horas, y los martes, de 14:00 a 15:00 horas.<\/p>\n<p style=\"text-align: justify\">El horario de tutor\u00edas de atenci\u00f3n a padres, madres, familias y tutores\/as legales del alumnado se establece los lunes, de 18:00 a 19:00 horas.<\/p>\n<p style=\"text-align: justify\"><strong>Oferta educativa&nbsp;&nbsp;&nbsp;&nbsp;&nbsp;&nbsp;&nbsp;&nbsp;&nbsp;&nbsp;&nbsp;&nbsp;&nbsp;&nbsp;&nbsp;&nbsp;&nbsp;&nbsp;&nbsp;&nbsp;&nbsp;&nbsp;&nbsp;&nbsp;&nbsp;&nbsp;&nbsp;&nbsp;&nbsp;&nbsp;&nbsp;&nbsp;&nbsp;&nbsp;&nbsp;&nbsp;&nbsp;&nbsp;&nbsp;&nbsp;&nbsp;&nbsp;&nbsp;&nbsp;&nbsp;&nbsp;&nbsp;&nbsp;&nbsp;&nbsp;&nbsp;&nbsp;&nbsp;&nbsp;&nbsp;&nbsp;&nbsp;&nbsp;&nbsp;&nbsp;&nbsp;<br \/>\n<\/strong><\/p>\n<p style=\"text-align: left\">Segundo Ciclo de Educaci\u00f3n Infantil: 3 unidades &nbsp;&nbsp;&nbsp;&nbsp;&nbsp;&nbsp;&nbsp;&nbsp;&nbsp;&nbsp;&nbsp;&nbsp;&nbsp;&nbsp;&nbsp;&nbsp;&nbsp;&nbsp;&nbsp;&nbsp;&nbsp;&nbsp;&nbsp;<\/p>\n<p style=\"text-align: left\">Tres a\u00f1os: 1 unidad &nbsp;&nbsp;&nbsp;&nbsp;&nbsp;&nbsp;&nbsp;&nbsp;&nbsp;&nbsp;&nbsp;&nbsp;&nbsp;&nbsp;&nbsp;&nbsp;&nbsp;&nbsp;&nbsp;&nbsp;&nbsp;&nbsp;&nbsp;&nbsp;&nbsp;&nbsp;&nbsp;&nbsp;&nbsp;&nbsp;&nbsp;&nbsp;&nbsp;&nbsp;&nbsp;&nbsp;&nbsp;&nbsp;&nbsp;&nbsp;&nbsp;&nbsp;&nbsp;&nbsp;&nbsp;&nbsp;&nbsp;&nbsp;&nbsp;&nbsp;&nbsp;&nbsp;&nbsp;&nbsp;&nbsp;&nbsp;&nbsp;&nbsp;&nbsp;&nbsp;&nbsp;&nbsp;&nbsp;&nbsp;&nbsp;&nbsp;&nbsp;&nbsp;&nbsp;&nbsp;&nbsp;&nbsp;&nbsp;&nbsp;&nbsp;&nbsp;&nbsp; &nbsp; &nbsp; &nbsp; &nbsp;&nbsp;&nbsp;<\/p>\n<p style=\"text-align: left\">Cuatro a\u00f1os: 1 unidad &nbsp;&nbsp;&nbsp;&nbsp;&nbsp;&nbsp;&nbsp;&nbsp;&nbsp;&nbsp;&nbsp;&nbsp;&nbsp;&nbsp;&nbsp;&nbsp;&nbsp;&nbsp;&nbsp;&nbsp;&nbsp;&nbsp;&nbsp;&nbsp;&nbsp;&nbsp;&nbsp;&nbsp;&nbsp;&nbsp;&nbsp;&nbsp;&nbsp;&nbsp;&nbsp;&nbsp;&nbsp;&nbsp;&nbsp;&nbsp;&nbsp;&nbsp;&nbsp;&nbsp;&nbsp;&nbsp;&nbsp;&nbsp;&nbsp;&nbsp;&nbsp;&nbsp;&nbsp;&nbsp;&nbsp;&nbsp;&nbsp;&nbsp;&nbsp;&nbsp;&nbsp;&nbsp;&nbsp;&nbsp;&nbsp;&nbsp;&nbsp;&nbsp;&nbsp;&nbsp;&nbsp;&nbsp;&nbsp;&nbsp;&nbsp;&nbsp;&nbsp;&nbsp;&nbsp;&nbsp;&nbsp;&nbsp;&nbsp;<\/p>\n<p style=\"text-align: left\">Cinco a\u00f1os: 1 unidad &nbsp;&nbsp;&nbsp;&nbsp;&nbsp;&nbsp;&nbsp;&nbsp;&nbsp;&nbsp;&nbsp;&nbsp;&nbsp;&nbsp;&nbsp;&nbsp;&nbsp;&nbsp;&nbsp;&nbsp;&nbsp;&nbsp;&nbsp;&nbsp;&nbsp;&nbsp;&nbsp;&nbsp;&nbsp;&nbsp;&nbsp;&nbsp;&nbsp;&nbsp;&nbsp;&nbsp;&nbsp;&nbsp;&nbsp;&nbsp;&nbsp;&nbsp;&nbsp;&nbsp;&nbsp;&nbsp;&nbsp;&nbsp;&nbsp;&nbsp;&nbsp;&nbsp;&nbsp;&nbsp;&nbsp;&nbsp;&nbsp;&nbsp;&nbsp;&nbsp;&nbsp;&nbsp;&nbsp;&nbsp;&nbsp;&nbsp;&nbsp;&nbsp;&nbsp;&nbsp;&nbsp;&nbsp;&nbsp;&nbsp;&nbsp;&nbsp;&nbsp;&nbsp;&nbsp;&nbsp;&nbsp;&nbsp;&nbsp;&nbsp;&nbsp;<\/p>\n<p style=\"text-align: left\">Educaci\u00f3n Primaria: 6 unidades &nbsp;&nbsp;&nbsp;&nbsp;&nbsp;&nbsp;&nbsp;&nbsp;&nbsp;&nbsp;&nbsp;&nbsp;&nbsp;&nbsp;&nbsp;&nbsp;&nbsp;&nbsp;&nbsp;&nbsp;&nbsp;&nbsp;&nbsp;&nbsp;&nbsp;&nbsp;&nbsp;&nbsp;&nbsp;&nbsp;&nbsp;&nbsp;&nbsp;&nbsp;&nbsp;&nbsp;&nbsp;&nbsp;&nbsp;&nbsp;&nbsp;&nbsp;&nbsp;&nbsp;&nbsp;&nbsp;&nbsp;&nbsp;&nbsp;&nbsp;&nbsp;&nbsp;&nbsp;&nbsp;&nbsp;&nbsp;&nbsp;&nbsp;&nbsp;&nbsp;&nbsp;&nbsp;&nbsp;&nbsp;&nbsp;&nbsp;&nbsp;<\/p>\n<p style=\"text-align: left\">&nbsp;&nbsp;&nbsp;&nbsp; 1\u00ba de Educaci\u00f3n Primaria: 1 unidad<\/p>\n<p style=\"text-align: left\">&nbsp;&nbsp;&nbsp;&nbsp; 2\u00ba de Educaci\u00f3n Primaria: 1 unidad<\/p>\n<p style=\"text-align: left\">&nbsp;&nbsp;&nbsp;&nbsp; 3\u00ba de Educaci\u00f3n Primaria: 1 unidad<\/p>\n<p style=\"text-align: left\">&nbsp;&nbsp;&nbsp;&nbsp; 4\u00ba de Educaci\u00f3n Primaria: 1 unidad<\/p>\n<p style=\"text-align: left\">&nbsp;&nbsp;&nbsp;&nbsp; 5\u00ba de Educaci\u00f3n Primaria: 1 unidad<\/p>\n<p style=\"text-align: left\">&nbsp;&nbsp;&nbsp;&nbsp; 6\u00ba de Educaci\u00f3n Primaria: 1 unidad&nbsp;&nbsp;&nbsp;&nbsp;&nbsp;&nbsp;&nbsp;&nbsp;&nbsp;&nbsp;&nbsp;&nbsp;&nbsp;&nbsp;&nbsp;&nbsp;&nbsp;&nbsp;&nbsp;&nbsp;&nbsp;&nbsp;&nbsp;&nbsp;&nbsp;&nbsp;&nbsp;&nbsp;&nbsp;&nbsp;&nbsp;&nbsp;&nbsp;&nbsp;&nbsp;&nbsp; &nbsp; &nbsp; &nbsp; &nbsp; &nbsp; &nbsp; &nbsp; &nbsp; &nbsp; &nbsp; &nbsp; &nbsp; &nbsp; &nbsp; &nbsp; &nbsp; &nbsp; &nbsp;<\/p>\n<p style=\"text-align: left\">1\u00ba de Educ. B\u00e1sica Especial (Educaci\u00f3n especial apoyo a la integraci\u00f3n): 1 unidad&nbsp;&nbsp;&nbsp;&nbsp;&nbsp;&nbsp;&nbsp;&nbsp;&nbsp;&nbsp;&nbsp;&nbsp;&nbsp;&nbsp;&nbsp;&nbsp;&nbsp;&nbsp;&nbsp;&nbsp;&nbsp;&nbsp;&nbsp;&nbsp;&nbsp;&nbsp;&nbsp;&nbsp;&nbsp;&nbsp;&nbsp;&nbsp;&nbsp;&nbsp;&nbsp;&nbsp;&nbsp;&nbsp;&nbsp;&nbsp;&nbsp;&nbsp;&nbsp;&nbsp;&nbsp;<\/p>\n","protected":false},"excerpt":{"rendered":"<p>[googlemaps https:\/\/maps.google.com\/maps?q=ceip%20estrella%20del%20mar&amp;t=&amp;z=17&amp;ie=UTF8&amp;iwloc=&amp;output=embed&amp;w=600&amp;h=500] Datos de contacto CEIP Estrella del Mar Direcci\u00f3n:&nbsp; Plaza de la Inmaculada, s\/n. 11160 Barbate (C\u00e1diz) Tel\u00e9fono \/ FAX: 956459524 \/ 956459525 &nbsp;&nbsp;&nbsp;&nbsp;&nbsp;&nbsp;&nbsp;&nbsp; Email: 11000794.edu@juntadeandalucia.es Horarios El Centro Educativo cuenta con una&#46;&#46;&#46;<\/p>\n","protected":false},"author":1,"featured_media":0,"parent":0,"menu_order":0,"comment_status":"open","ping_status":"open","template":"","meta":{"ngg_post_thumbnail":0,"footnotes":"","_mc_calendar":[]},"aioseo_notices":[],"_links":{"self":[{"href":"https:\/\/blogsaverroes.juntadeandalucia.es\/ceipestrelladelmar\/wp-json\/wp\/v2\/pages\/35"}],"collection":[{"href":"https:\/\/blogsaverroes.juntadeandalucia.es\/ceipestrelladelmar\/wp-json\/wp\/v2\/pages"}],"about":[{"href":"https:\/\/blogsaverroes.juntadeandalucia.es\/ceipestrelladelmar\/wp-json\/wp\/v2\/types\/page"}],"author":[{"embeddable":true,"href":"https:\/\/blogsaverroes.juntadeandalucia.es\/ceipestrelladelmar\/wp-json\/wp\/v2\/users\/1"}],"replies":[{"embeddable":true,"href":"https:\/\/blogsaverroes.juntadeandalucia.es\/ceipestrelladelmar\/wp-json\/wp\/v2\/comments?post=35"}],"version-history":[{"count":60,"href":"https:\/\/blogsaverroes.juntadeandalucia.es\/ceipestrelladelmar\/wp-json\/wp\/v2\/pages\/35\/revisions"}],"predecessor-version":[{"id":2475,"href":"https:\/\/blogsaverroes.juntadeandalucia.es\/ceipestrelladelmar\/wp-json\/wp\/v2\/pages\/35\/revisions\/2475"}],"wp:attachment":[{"href":"https:\/\/blogsaverroes.juntadeandalucia.es\/ceipestrelladelmar\/wp-json\/wp\/v2\/media?parent=35"}],"curies":[{"name":"wp","href":"https:\/\/api.w.org\/{rel}","templated":true}]}}