{"id":42,"date":"2015-03-13T08:40:47","date_gmt":"2015-03-13T08:40:47","guid":{"rendered":"http:\/\/blogsaverroes.juntadeandalucia.es\/pre\/ceip\/?page_id=42"},"modified":"2021-03-06T19:39:23","modified_gmt":"2021-03-06T19:39:23","slug":"equipo-directivo","status":"publish","type":"page","link":"https:\/\/blogsaverroes.juntadeandalucia.es\/ceipestrelladelmar\/equipo-directivo\/","title":{"rendered":"Equipo directivo"},"content":{"rendered":"<ul>\n<li><strong>DIRECCI\u00d3N:&nbsp; <\/strong>Isabel Mar\u00eda P\u00e9rez Acu\u00f1a (Educaci\u00f3n Primaria)<\/li>\n<\/ul>\n<ul>\n<li><strong>JEFATURA DE ESTUDIOS:&nbsp; <\/strong>Natividad Posado Mu\u00f1oz (Pedagog\u00eda Terap\u00e9utica)<\/li>\n<\/ul>\n<ul>\n<li><strong>SECRETAR\u00cdA:<\/strong>&nbsp; Isabel Rivera Corrales (Educaci\u00f3n Infantil)<\/li>\n<\/ul>\n","protected":false},"excerpt":{"rendered":"<p>DIRECCI\u00d3N:&nbsp; Isabel Mar\u00eda P\u00e9rez Acu\u00f1a (Educaci\u00f3n Primaria) JEFATURA DE ESTUDIOS:&nbsp; Natividad Posado Mu\u00f1oz (Pedagog\u00eda Terap\u00e9utica) SECRETAR\u00cdA:&nbsp; Isabel Rivera Corrales (Educaci\u00f3n Infantil)<\/p>\n","protected":false},"author":1,"featured_media":0,"parent":0,"menu_order":0,"comment_status":"open","ping_status":"open","template":"","meta":{"ngg_post_thumbnail":0,"footnotes":"","_mc_calendar":[]},"aioseo_notices":[],"_links":{"self":[{"href":"https:\/\/blogsaverroes.juntadeandalucia.es\/ceipestrelladelmar\/wp-json\/wp\/v2\/pages\/42"}],"collection":[{"href":"https:\/\/blogsaverroes.juntadeandalucia.es\/ceipestrelladelmar\/wp-json\/wp\/v2\/pages"}],"about":[{"href":"https:\/\/blogsaverroes.juntadeandalucia.es\/ceipestrelladelmar\/wp-json\/wp\/v2\/types\/page"}],"author":[{"embeddable":true,"href":"https:\/\/blogsaverroes.juntadeandalucia.es\/ceipestrelladelmar\/wp-json\/wp\/v2\/users\/1"}],"replies":[{"embeddable":true,"href":"https:\/\/blogsaverroes.juntadeandalucia.es\/ceipestrelladelmar\/wp-json\/wp\/v2\/comments?post=42"}],"version-history":[{"count":15,"href":"https:\/\/blogsaverroes.juntadeandalucia.es\/ceipestrelladelmar\/wp-json\/wp\/v2\/pages\/42\/revisions"}],"predecessor-version":[{"id":2485,"href":"https:\/\/blogsaverroes.juntadeandalucia.es\/ceipestrelladelmar\/wp-json\/wp\/v2\/pages\/42\/revisions\/2485"}],"wp:attachment":[{"href":"https:\/\/blogsaverroes.juntadeandalucia.es\/ceipestrelladelmar\/wp-json\/wp\/v2\/media?parent=42"}],"curies":[{"name":"wp","href":"https:\/\/api.w.org\/{rel}","templated":true}]}}