{"id":44,"date":"2015-03-13T08:42:15","date_gmt":"2015-03-13T08:42:15","guid":{"rendered":"http:\/\/blogsaverroes.juntadeandalucia.es\/pre\/ceip\/?page_id=44"},"modified":"2020-06-04T18:49:44","modified_gmt":"2020-06-04T18:49:44","slug":"planes-y-proyectos","status":"publish","type":"page","link":"https:\/\/blogsaverroes.juntadeandalucia.es\/ceipestrelladelmar\/planes-y-proyectos\/","title":{"rendered":"Planes y Programas"},"content":{"rendered":"<p style=\"text-align: center\"><a href=\"https:\/\/blogsaverroes.juntadeandalucia.es\/ceipestrelladelmar\/files\/2020\/05\/ponte_en_mis_zapatos.jpg\"><img loading=\"lazy\" decoding=\"async\" class=\"alignnone size-medium wp-image-2326\" src=\"https:\/\/blogsaverroes.juntadeandalucia.es\/ceipestrelladelmar\/files\/2020\/05\/ponte_en_mis_zapatos-300x188.jpg\" alt=\"\" width=\"300\" height=\"188\" srcset=\"https:\/\/blogsaverroes.juntadeandalucia.es\/ceipestrelladelmar\/files\/2020\/05\/ponte_en_mis_zapatos-300x188.jpg 300w, https:\/\/blogsaverroes.juntadeandalucia.es\/ceipestrelladelmar\/files\/2020\/05\/ponte_en_mis_zapatos-768x480.jpg 768w, https:\/\/blogsaverroes.juntadeandalucia.es\/ceipestrelladelmar\/files\/2020\/05\/ponte_en_mis_zapatos-24x15.jpg 24w, https:\/\/blogsaverroes.juntadeandalucia.es\/ceipestrelladelmar\/files\/2020\/05\/ponte_en_mis_zapatos-36x23.jpg 36w, https:\/\/blogsaverroes.juntadeandalucia.es\/ceipestrelladelmar\/files\/2020\/05\/ponte_en_mis_zapatos-48x30.jpg 48w, https:\/\/blogsaverroes.juntadeandalucia.es\/ceipestrelladelmar\/files\/2020\/05\/ponte_en_mis_zapatos.jpg 864w\" sizes=\"(max-width: 300px) 100vw, 300px\" \/><\/a><\/p>\n<p style=\"text-align: justify\">Los <strong>Planes y Programas<\/strong> promovidos desde la Consejer\u00eda de Educaci\u00f3n, Cultura y Deporte que se llevan a cabo en el centro son los siguientes:<\/p>\n<ul>\n<li><strong>Plan de Igualdad de G\u00e9nero en Educaci\u00f3n<\/strong><\/li>\n<li><a href=\"https:\/\/blogsaverroes.juntadeandalucia.es\/ceipestrelladelmar\/red-andaluza-escuela-espacio-de-paz\/\"><strong>Red Andaluza Escuela: \u00abEspacio de Paz\u00bb<\/strong><\/a><\/li>\n<li><strong>Plan de Lectura y Biblioteca<\/strong><\/li>\n<li><strong>Escuela TIC 2.0<\/strong><\/li>\n<li><strong>Programa Creciendo en Salud<\/strong><\/li>\n<li><strong>Programa de Digitalizaci\u00f3n de Centros<\/strong><\/li>\n<li><strong>Pr\u00e1cticum Grado Maestro<\/strong><\/li>\n<\/ul>\n<p>&nbsp;<\/p>\n","protected":false},"excerpt":{"rendered":"<p>Los Planes y Programas promovidos desde la Consejer\u00eda de Educaci\u00f3n, Cultura y Deporte que se llevan a cabo en el centro son los siguientes: Plan de Igualdad de G\u00e9nero en Educaci\u00f3n Red Andaluza Escuela:&#46;&#46;&#46;<\/p>\n","protected":false},"author":1,"featured_media":0,"parent":0,"menu_order":0,"comment_status":"open","ping_status":"closed","template":"","meta":{"ngg_post_thumbnail":0,"footnotes":"","_mc_calendar":[]},"aioseo_notices":[],"_links":{"self":[{"href":"https:\/\/blogsaverroes.juntadeandalucia.es\/ceipestrelladelmar\/wp-json\/wp\/v2\/pages\/44"}],"collection":[{"href":"https:\/\/blogsaverroes.juntadeandalucia.es\/ceipestrelladelmar\/wp-json\/wp\/v2\/pages"}],"about":[{"href":"https:\/\/blogsaverroes.juntadeandalucia.es\/ceipestrelladelmar\/wp-json\/wp\/v2\/types\/page"}],"author":[{"embeddable":true,"href":"https:\/\/blogsaverroes.juntadeandalucia.es\/ceipestrelladelmar\/wp-json\/wp\/v2\/users\/1"}],"replies":[{"embeddable":true,"href":"https:\/\/blogsaverroes.juntadeandalucia.es\/ceipestrelladelmar\/wp-json\/wp\/v2\/comments?post=44"}],"version-history":[{"count":12,"href":"https:\/\/blogsaverroes.juntadeandalucia.es\/ceipestrelladelmar\/wp-json\/wp\/v2\/pages\/44\/revisions"}],"predecessor-version":[{"id":2412,"href":"https:\/\/blogsaverroes.juntadeandalucia.es\/ceipestrelladelmar\/wp-json\/wp\/v2\/pages\/44\/revisions\/2412"}],"wp:attachment":[{"href":"https:\/\/blogsaverroes.juntadeandalucia.es\/ceipestrelladelmar\/wp-json\/wp\/v2\/media?parent=44"}],"curies":[{"name":"wp","href":"https:\/\/api.w.org\/{rel}","templated":true}]}}