{"id":44,"date":"2015-03-13T08:42:15","date_gmt":"2015-03-13T08:42:15","guid":{"rendered":"http:\/\/blogsaverroes.juntadeandalucia.es\/pre\/ceip\/?page_id=44"},"modified":"2020-01-09T19:50:29","modified_gmt":"2020-01-09T19:50:29","slug":"planes-y-proyectos","status":"publish","type":"page","link":"https:\/\/blogsaverroes.juntadeandalucia.es\/ceipeuropacordoba\/planes-y-proyectos\/","title":{"rendered":"PLANES Y PROGRAMAS"},"content":{"rendered":"<p>En nuesttro Colegio se desarrollan diferentes <strong>Planes y Programas<\/strong> que forman una parte fundamental de nuestro Proyecto Educativo. Estos <strong>Planes y Programas<\/strong> son promovidos desde la Consejer\u00eda de Educaci\u00f3n, Cultura y Deporte y se concretizan en nuestro Centro a trav\u00e9s de actuaciones, estrategias o actividades encaminadas a mejorar la calidad educativa que ofrecemos.<\/p>\n<p>A continuaci\u00f3n se detallan estos programas indicando en cada caso, sus finalidades y las actividades previstas para este curso.<\/p>\n<ul>\n<li><strong>Plan de Lectura y Biblioteca<\/strong><\/li>\n<li><strong>Plan de igualdad.<\/strong><\/li>\n<li><strong>Escuela espacio de paz.<\/strong><\/li>\n<li><strong>Creciendo en Salud.<\/strong><\/li>\n<li><strong>Escuela TIC<\/strong><\/li>\n<\/ul>\n<p>&nbsp;<\/p>\n","protected":false},"excerpt":{"rendered":"<p>En nuesttro Colegio se desarrollan diferentes Planes y Programas que forman una parte fundamental de nuestro Proyecto Educativo. Estos Planes y Programas son promovidos desde la Consejer\u00eda de Educaci\u00f3n, Cultura y Deporte y se concretizan en nuestro Centro a trav\u00e9s de actuaciones, estrategias o actividades encaminadas a mejorar la calidad educativa que ofrecemos. A continuaci\u00f3n [&hellip;]<\/p>\n","protected":false},"author":1,"featured_media":0,"parent":0,"menu_order":0,"comment_status":"closed","ping_status":"closed","template":"","meta":{"ngg_post_thumbnail":0,"footnotes":"","_mc_calendar":[]},"aioseo_notices":[],"_links":{"self":[{"href":"https:\/\/blogsaverroes.juntadeandalucia.es\/ceipeuropacordoba\/wp-json\/wp\/v2\/pages\/44"}],"collection":[{"href":"https:\/\/blogsaverroes.juntadeandalucia.es\/ceipeuropacordoba\/wp-json\/wp\/v2\/pages"}],"about":[{"href":"https:\/\/blogsaverroes.juntadeandalucia.es\/ceipeuropacordoba\/wp-json\/wp\/v2\/types\/page"}],"author":[{"embeddable":true,"href":"https:\/\/blogsaverroes.juntadeandalucia.es\/ceipeuropacordoba\/wp-json\/wp\/v2\/users\/1"}],"replies":[{"embeddable":true,"href":"https:\/\/blogsaverroes.juntadeandalucia.es\/ceipeuropacordoba\/wp-json\/wp\/v2\/comments?post=44"}],"version-history":[{"count":4,"href":"https:\/\/blogsaverroes.juntadeandalucia.es\/ceipeuropacordoba\/wp-json\/wp\/v2\/pages\/44\/revisions"}],"predecessor-version":[{"id":2460,"href":"https:\/\/blogsaverroes.juntadeandalucia.es\/ceipeuropacordoba\/wp-json\/wp\/v2\/pages\/44\/revisions\/2460"}],"wp:attachment":[{"href":"https:\/\/blogsaverroes.juntadeandalucia.es\/ceipeuropacordoba\/wp-json\/wp\/v2\/media?parent=44"}],"curies":[{"name":"wp","href":"https:\/\/api.w.org\/{rel}","templated":true}]}}