{"id":49,"date":"2015-03-13T08:47:05","date_gmt":"2015-03-13T08:47:05","guid":{"rendered":"http:\/\/blogsaverroes.juntadeandalucia.es\/pre\/ceip\/?page_id=49"},"modified":"2020-01-15T13:07:44","modified_gmt":"2020-01-15T13:07:44","slug":"proyecto-educativo","status":"publish","type":"page","link":"https:\/\/blogsaverroes.juntadeandalucia.es\/ceipeuropacordoba\/proyecto-educativo\/","title":{"rendered":"Proyecto Educativo"},"content":{"rendered":"<p>En el siguiente enlace se accede al documento del Proyecto Educativo del CEIP Europa.<\/p>\n<p>En este Proyecto Educativo se analiza el contexto socioecon\u00f3mico, cultural y educativo de nuestro centro y se recogen las l\u00edneas pedag\u00f3gicas fundamentales que orientan el trabajo escolar.<\/p>\n<p><a href=\"https:\/\/blogsaverroes.juntadeandalucia.es\/ceipeuropacordoba\/files\/2020\/01\/Proyecto-educativo-CEIP-Europa-19-20-1.pdf\">Proyecto educativo CEIP Europa 19-20<\/a><\/p>\n","protected":false},"excerpt":{"rendered":"<p>En el siguiente enlace se accede al documento del Proyecto Educativo del CEIP Europa. En este Proyecto Educativo se analiza el contexto socioecon\u00f3mico, cultural y educativo de nuestro centro y se recogen las l\u00edneas pedag\u00f3gicas fundamentales que orientan el trabajo escolar. Proyecto educativo CEIP Europa 19-20<\/p>\n","protected":false},"author":1,"featured_media":0,"parent":0,"menu_order":0,"comment_status":"closed","ping_status":"closed","template":"","meta":{"ngg_post_thumbnail":0,"footnotes":"","_mc_calendar":[]},"aioseo_notices":[],"_links":{"self":[{"href":"https:\/\/blogsaverroes.juntadeandalucia.es\/ceipeuropacordoba\/wp-json\/wp\/v2\/pages\/49"}],"collection":[{"href":"https:\/\/blogsaverroes.juntadeandalucia.es\/ceipeuropacordoba\/wp-json\/wp\/v2\/pages"}],"about":[{"href":"https:\/\/blogsaverroes.juntadeandalucia.es\/ceipeuropacordoba\/wp-json\/wp\/v2\/types\/page"}],"author":[{"embeddable":true,"href":"https:\/\/blogsaverroes.juntadeandalucia.es\/ceipeuropacordoba\/wp-json\/wp\/v2\/users\/1"}],"replies":[{"embeddable":true,"href":"https:\/\/blogsaverroes.juntadeandalucia.es\/ceipeuropacordoba\/wp-json\/wp\/v2\/comments?post=49"}],"version-history":[{"count":10,"href":"https:\/\/blogsaverroes.juntadeandalucia.es\/ceipeuropacordoba\/wp-json\/wp\/v2\/pages\/49\/revisions"}],"predecessor-version":[{"id":2483,"href":"https:\/\/blogsaverroes.juntadeandalucia.es\/ceipeuropacordoba\/wp-json\/wp\/v2\/pages\/49\/revisions\/2483"}],"wp:attachment":[{"href":"https:\/\/blogsaverroes.juntadeandalucia.es\/ceipeuropacordoba\/wp-json\/wp\/v2\/media?parent=49"}],"curies":[{"name":"wp","href":"https:\/\/api.w.org\/{rel}","templated":true}]}}