{"id":42,"date":"2015-03-13T08:40:47","date_gmt":"2015-03-13T08:40:47","guid":{"rendered":"http:\/\/blogsaverroes.juntadeandalucia.es\/pre\/ceip\/?page_id=42"},"modified":"2024-09-13T11:36:51","modified_gmt":"2024-09-13T09:36:51","slug":"equipo-directivo","status":"publish","type":"page","link":"https:\/\/blogsaverroes.juntadeandalucia.es\/ceipeuropamontequinto\/equipo-directivo\/","title":{"rendered":"Equipo directivo"},"content":{"rendered":"<p>El equipo directivo del centro est\u00e1 formado por las siguientes personas:<\/p>\n<p><strong>Direcci\u00f3n: Luc\u00eda Li\u00f1\u00e1n Gamonal&nbsp;<\/strong><\/p>\n<p><strong>Jefatura de Estudios: Mila Pino Cisneros<\/strong><\/p>\n<p><strong>Secretar\u00eda: Mar\u00eda de los \u00c1ngeles Pedraza Cabiedas<\/strong><\/p>\n<p>Para cita con el Equipo Directivo, pueden solicitarla en el 4100636.edu@juntadeandalucia.es<\/p>\n","protected":false},"excerpt":{"rendered":"<p>El equipo directivo del centro est\u00e1 formado por las siguientes personas: Direcci\u00f3n: Luc\u00eda Li\u00f1\u00e1n Gamonal&nbsp; Jefatura de Estudios: Mila Pino Cisneros Secretar\u00eda: Mar\u00eda de los \u00c1ngeles Pedraza Cabiedas Para cita con el Equipo Directivo,&#46;&#46;&#46;<\/p>\n","protected":false},"author":1,"featured_media":0,"parent":0,"menu_order":0,"comment_status":"open","ping_status":"open","template":"page-templates\/child-menu.php","meta":{"ngg_post_thumbnail":0,"footnotes":"","_mc_calendar":[]},"aioseo_notices":[],"_links":{"self":[{"href":"https:\/\/blogsaverroes.juntadeandalucia.es\/ceipeuropamontequinto\/wp-json\/wp\/v2\/pages\/42"}],"collection":[{"href":"https:\/\/blogsaverroes.juntadeandalucia.es\/ceipeuropamontequinto\/wp-json\/wp\/v2\/pages"}],"about":[{"href":"https:\/\/blogsaverroes.juntadeandalucia.es\/ceipeuropamontequinto\/wp-json\/wp\/v2\/types\/page"}],"author":[{"embeddable":true,"href":"https:\/\/blogsaverroes.juntadeandalucia.es\/ceipeuropamontequinto\/wp-json\/wp\/v2\/users\/1"}],"replies":[{"embeddable":true,"href":"https:\/\/blogsaverroes.juntadeandalucia.es\/ceipeuropamontequinto\/wp-json\/wp\/v2\/comments?post=42"}],"version-history":[{"count":11,"href":"https:\/\/blogsaverroes.juntadeandalucia.es\/ceipeuropamontequinto\/wp-json\/wp\/v2\/pages\/42\/revisions"}],"predecessor-version":[{"id":7415,"href":"https:\/\/blogsaverroes.juntadeandalucia.es\/ceipeuropamontequinto\/wp-json\/wp\/v2\/pages\/42\/revisions\/7415"}],"wp:attachment":[{"href":"https:\/\/blogsaverroes.juntadeandalucia.es\/ceipeuropamontequinto\/wp-json\/wp\/v2\/media?parent=42"}],"curies":[{"name":"wp","href":"https:\/\/api.w.org\/{rel}","templated":true}]}}