{"id":5630,"date":"2023-09-23T11:53:03","date_gmt":"2023-09-23T09:53:03","guid":{"rendered":"https:\/\/blogsaverroes.juntadeandalucia.es\/ceipeuropamontequinto\/?page_id=5630"},"modified":"2023-10-02T14:00:52","modified_gmt":"2023-10-02T12:00:52","slug":"como-acceder-a-los-libros-digitales","status":"publish","type":"page","link":"https:\/\/blogsaverroes.juntadeandalucia.es\/ceipeuropamontequinto\/como-acceder-a-los-libros-digitales\/","title":{"rendered":"C\u00f3mo acceder a los libros digitales"},"content":{"rendered":"<p style=\"text-align: left\">Os dejamos estos sencillos pasos para acceder a los libros digitales: (tambi\u00e9n pod\u00e9is consultarlo para verlo mejor pulsando <a href=\"https:\/\/drive.google.com\/file\/d\/1Hy-pnJWwmK3xZQOyNjrly1TFKOBhKdk4\/view?usp=drive_link\">AQU<\/a>\u00cd)<\/p>\n<p><img loading=\"lazy\" decoding=\"async\" class=\"aligncenter size-medium wp-image-5637\" src=\"https:\/\/blogsaverroes.juntadeandalucia.es\/ceipeuropamontequinto\/files\/2023\/09\/PASO-A-PASO_page-0001-300x212.jpg\" alt=\"\" width=\"300\" height=\"212\" srcset=\"https:\/\/blogsaverroes.juntadeandalucia.es\/ceipeuropamontequinto\/files\/2023\/09\/PASO-A-PASO_page-0001-300x212.jpg 300w, https:\/\/blogsaverroes.juntadeandalucia.es\/ceipeuropamontequinto\/files\/2023\/09\/PASO-A-PASO_page-0001-1024x724.jpg 1024w, https:\/\/blogsaverroes.juntadeandalucia.es\/ceipeuropamontequinto\/files\/2023\/09\/PASO-A-PASO_page-0001-768x543.jpg 768w, https:\/\/blogsaverroes.juntadeandalucia.es\/ceipeuropamontequinto\/files\/2023\/09\/PASO-A-PASO_page-0001-1536x1086.jpg 1536w, https:\/\/blogsaverroes.juntadeandalucia.es\/ceipeuropamontequinto\/files\/2023\/09\/PASO-A-PASO_page-0001.jpg 1600w\" sizes=\"(max-width: 300px) 100vw, 300px\" \/><\/p>\n<p>&nbsp;<\/p>\n<p><a href=\"https:\/\/drive.google.com\/drive\/folders\/12LCVPBBl7ige5xFZ1zh0fBjBcDk1ZmTK?usp=drive_link\">Y aqu\u00ed los pasos para los libros de Ingl\u00e9s:<\/a><\/p>\n<p><img loading=\"lazy\" decoding=\"async\" class=\"aligncenter size-medium wp-image-6028\" src=\"https:\/\/blogsaverroes.juntadeandalucia.es\/ceipeuropamontequinto\/files\/2023\/10\/ingles3-120x300.jpeg\" alt=\"\" width=\"120\" height=\"300\" srcset=\"https:\/\/blogsaverroes.juntadeandalucia.es\/ceipeuropamontequinto\/files\/2023\/10\/ingles3-120x300.jpeg 120w, https:\/\/blogsaverroes.juntadeandalucia.es\/ceipeuropamontequinto\/files\/2023\/10\/ingles3-410x1024.jpeg 410w, https:\/\/blogsaverroes.juntadeandalucia.es\/ceipeuropamontequinto\/files\/2023\/10\/ingles3-768x1920.jpeg 768w, https:\/\/blogsaverroes.juntadeandalucia.es\/ceipeuropamontequinto\/files\/2023\/10\/ingles3-614x1536.jpeg 614w, https:\/\/blogsaverroes.juntadeandalucia.es\/ceipeuropamontequinto\/files\/2023\/10\/ingles3.jpeg 640w\" sizes=\"(max-width: 120px) 100vw, 120px\" \/><\/p>\n<p><img loading=\"lazy\" decoding=\"async\" class=\"aligncenter size-medium wp-image-6026\" src=\"https:\/\/blogsaverroes.juntadeandalucia.es\/ceipeuropamontequinto\/files\/2023\/10\/ingles1-120x300.jpeg\" alt=\"\" width=\"120\" height=\"300\" srcset=\"https:\/\/blogsaverroes.juntadeandalucia.es\/ceipeuropamontequinto\/files\/2023\/10\/ingles1-120x300.jpeg 120w, https:\/\/blogsaverroes.juntadeandalucia.es\/ceipeuropamontequinto\/files\/2023\/10\/ingles1-410x1024.jpeg 410w, https:\/\/blogsaverroes.juntadeandalucia.es\/ceipeuropamontequinto\/files\/2023\/10\/ingles1-768x1920.jpeg 768w, https:\/\/blogsaverroes.juntadeandalucia.es\/ceipeuropamontequinto\/files\/2023\/10\/ingles1-614x1536.jpeg 614w, https:\/\/blogsaverroes.juntadeandalucia.es\/ceipeuropamontequinto\/files\/2023\/10\/ingles1.jpeg 640w\" sizes=\"(max-width: 120px) 100vw, 120px\" \/><\/p>\n<p><img loading=\"lazy\" decoding=\"async\" class=\"aligncenter size-medium wp-image-6027\" src=\"https:\/\/blogsaverroes.juntadeandalucia.es\/ceipeuropamontequinto\/files\/2023\/10\/ingles2-120x300.jpeg\" alt=\"\" width=\"120\" height=\"300\" srcset=\"https:\/\/blogsaverroes.juntadeandalucia.es\/ceipeuropamontequinto\/files\/2023\/10\/ingles2-120x300.jpeg 120w, https:\/\/blogsaverroes.juntadeandalucia.es\/ceipeuropamontequinto\/files\/2023\/10\/ingles2-410x1024.jpeg 410w, https:\/\/blogsaverroes.juntadeandalucia.es\/ceipeuropamontequinto\/files\/2023\/10\/ingles2-768x1920.jpeg 768w, https:\/\/blogsaverroes.juntadeandalucia.es\/ceipeuropamontequinto\/files\/2023\/10\/ingles2-614x1536.jpeg 614w, https:\/\/blogsaverroes.juntadeandalucia.es\/ceipeuropamontequinto\/files\/2023\/10\/ingles2.jpeg 640w\" sizes=\"(max-width: 120px) 100vw, 120px\" \/><\/p>\n<p><img loading=\"lazy\" decoding=\"async\" class=\"aligncenter size-medium wp-image-6029\" src=\"https:\/\/blogsaverroes.juntadeandalucia.es\/ceipeuropamontequinto\/files\/2023\/10\/ingles4-120x300.jpeg\" alt=\"\" width=\"120\" height=\"300\" srcset=\"https:\/\/blogsaverroes.juntadeandalucia.es\/ceipeuropamontequinto\/files\/2023\/10\/ingles4-120x300.jpeg 120w, https:\/\/blogsaverroes.juntadeandalucia.es\/ceipeuropamontequinto\/files\/2023\/10\/ingles4-410x1024.jpeg 410w, https:\/\/blogsaverroes.juntadeandalucia.es\/ceipeuropamontequinto\/files\/2023\/10\/ingles4-768x1920.jpeg 768w, https:\/\/blogsaverroes.juntadeandalucia.es\/ceipeuropamontequinto\/files\/2023\/10\/ingles4-614x1536.jpeg 614w, https:\/\/blogsaverroes.juntadeandalucia.es\/ceipeuropamontequinto\/files\/2023\/10\/ingles4.jpeg 640w\" sizes=\"(max-width: 120px) 100vw, 120px\" \/><\/p>\n<p>&nbsp;<\/p>\n<p style=\"text-align: left\">&nbsp;<\/p>\n<p style=\"text-align: left\">&nbsp;<\/p>\n<p style=\"text-align: left\">&nbsp;<\/p>\n<p style=\"text-align: left\">&nbsp;&nbsp;<\/p>\n","protected":false},"excerpt":{"rendered":"<p>Os dejamos estos sencillos pasos para acceder a los libros digitales: (tambi\u00e9n pod\u00e9is consultarlo para verlo mejor pulsando AQU\u00cd) &nbsp; Y aqu\u00ed los pasos para los libros de Ingl\u00e9s: &nbsp; &nbsp; &nbsp; &nbsp; &nbsp;&nbsp;<\/p>\n","protected":false},"author":3791,"featured_media":5637,"parent":0,"menu_order":0,"comment_status":"closed","ping_status":"closed","template":"","meta":{"ngg_post_thumbnail":0,"footnotes":"","_mc_calendar":[]},"aioseo_notices":[],"_links":{"self":[{"href":"https:\/\/blogsaverroes.juntadeandalucia.es\/ceipeuropamontequinto\/wp-json\/wp\/v2\/pages\/5630"}],"collection":[{"href":"https:\/\/blogsaverroes.juntadeandalucia.es\/ceipeuropamontequinto\/wp-json\/wp\/v2\/pages"}],"about":[{"href":"https:\/\/blogsaverroes.juntadeandalucia.es\/ceipeuropamontequinto\/wp-json\/wp\/v2\/types\/page"}],"author":[{"embeddable":true,"href":"https:\/\/blogsaverroes.juntadeandalucia.es\/ceipeuropamontequinto\/wp-json\/wp\/v2\/users\/3791"}],"replies":[{"embeddable":true,"href":"https:\/\/blogsaverroes.juntadeandalucia.es\/ceipeuropamontequinto\/wp-json\/wp\/v2\/comments?post=5630"}],"version-history":[{"count":4,"href":"https:\/\/blogsaverroes.juntadeandalucia.es\/ceipeuropamontequinto\/wp-json\/wp\/v2\/pages\/5630\/revisions"}],"predecessor-version":[{"id":6030,"href":"https:\/\/blogsaverroes.juntadeandalucia.es\/ceipeuropamontequinto\/wp-json\/wp\/v2\/pages\/5630\/revisions\/6030"}],"wp:featuredmedia":[{"embeddable":true,"href":"https:\/\/blogsaverroes.juntadeandalucia.es\/ceipeuropamontequinto\/wp-json\/wp\/v2\/media\/5637"}],"wp:attachment":[{"href":"https:\/\/blogsaverroes.juntadeandalucia.es\/ceipeuropamontequinto\/wp-json\/wp\/v2\/media?parent=5630"}],"curies":[{"name":"wp","href":"https:\/\/api.w.org\/{rel}","templated":true}]}}