{"id":5981,"date":"2023-09-25T13:57:36","date_gmt":"2023-09-25T11:57:36","guid":{"rendered":"https:\/\/blogsaverroes.juntadeandalucia.es\/ceipeuropamontequinto\/?page_id=5981"},"modified":"2025-07-01T17:39:29","modified_gmt":"2025-07-01T15:39:29","slug":"claustro","status":"publish","type":"page","link":"https:\/\/blogsaverroes.juntadeandalucia.es\/ceipeuropamontequinto\/claustro\/","title":{"rendered":"Claustro"},"content":{"rendered":"<p>Este curso contamos con el siguiente Claustro de maestras y maestros (falta a\u00fan mucha plantilla por determinar)<\/p>\n<ul>\n<li>3 a\u00f1os.Silvia Girol<\/li>\n<li>4 a\u00f1os: Natalia Tiedra<\/li>\n<li>5 a\u00f1os: Laura Bosh<\/li>\n<li>Aula Arcoiris:&nbsp;<\/li>\n<li>1\u00ba de Primaria&nbsp;<\/li>\n<li>2\u00ba de Primaria:<\/li>\n<li>3\u00ba de Primaria:&nbsp;<\/li>\n<li>4\u00ba de Primaria: M\u00f3nica Silva<\/li>\n<li>5\u00ba de Primaria:&nbsp;<\/li>\n<li>6\u00ba de Primaria: Vicky Ib\u00e1\u00f1ez<\/li>\n<li>CAR:&nbsp;<\/li>\n<li>AL:&nbsp;<\/li>\n<li>Ingl\u00e9s: Mila Pino y M\u00f3nica Silva<\/li>\n<li>M\u00fasica: Eva Del Campo<\/li>\n<li>E. F\u00edsica: Francisco Herrera<\/li>\n<li>PT: M\u00aa Carmen Carrasco&nbsp;<\/li>\n<li>Religi\u00f3n: M\u00aa Dolores L\u00f3pez<\/li>\n<li>Direcci\u00f3n: Luc\u00eda Li\u00f1\u00e1n Gamonal.<\/li>\n<li>Jefatura de Estudios: Mila Pino<\/li>\n<li>Secretar\u00eda : M\u00aa \u00c1ngeles Pedraza<\/li>\n<li>Maestra de Religi\u00f3n: Loles L\u00f3pez<\/li>\n<\/ul>\n","protected":false},"excerpt":{"rendered":"<p>Este curso contamos con el siguiente Claustro de maestras y maestros (falta a\u00fan mucha plantilla por determinar) 3 a\u00f1os.Silvia Girol 4 a\u00f1os: Natalia Tiedra 5 a\u00f1os: Laura Bosh Aula Arcoiris:&nbsp; 1\u00ba de Primaria&nbsp; 2\u00ba&#46;&#46;&#46;<\/p>\n","protected":false},"author":3791,"featured_media":0,"parent":0,"menu_order":0,"comment_status":"closed","ping_status":"closed","template":"","meta":{"ngg_post_thumbnail":0,"footnotes":"","_mc_calendar":[]},"aioseo_notices":[],"_links":{"self":[{"href":"https:\/\/blogsaverroes.juntadeandalucia.es\/ceipeuropamontequinto\/wp-json\/wp\/v2\/pages\/5981"}],"collection":[{"href":"https:\/\/blogsaverroes.juntadeandalucia.es\/ceipeuropamontequinto\/wp-json\/wp\/v2\/pages"}],"about":[{"href":"https:\/\/blogsaverroes.juntadeandalucia.es\/ceipeuropamontequinto\/wp-json\/wp\/v2\/types\/page"}],"author":[{"embeddable":true,"href":"https:\/\/blogsaverroes.juntadeandalucia.es\/ceipeuropamontequinto\/wp-json\/wp\/v2\/users\/3791"}],"replies":[{"embeddable":true,"href":"https:\/\/blogsaverroes.juntadeandalucia.es\/ceipeuropamontequinto\/wp-json\/wp\/v2\/comments?post=5981"}],"version-history":[{"count":6,"href":"https:\/\/blogsaverroes.juntadeandalucia.es\/ceipeuropamontequinto\/wp-json\/wp\/v2\/pages\/5981\/revisions"}],"predecessor-version":[{"id":8999,"href":"https:\/\/blogsaverroes.juntadeandalucia.es\/ceipeuropamontequinto\/wp-json\/wp\/v2\/pages\/5981\/revisions\/8999"}],"wp:attachment":[{"href":"https:\/\/blogsaverroes.juntadeandalucia.es\/ceipeuropamontequinto\/wp-json\/wp\/v2\/media?parent=5981"}],"curies":[{"name":"wp","href":"https:\/\/api.w.org\/{rel}","templated":true}]}}