{"id":6086,"date":"2023-10-08T20:40:58","date_gmt":"2023-10-08T18:40:58","guid":{"rendered":"https:\/\/blogsaverroes.juntadeandalucia.es\/ceipeuropamontequinto\/?page_id=6086"},"modified":"2026-01-23T12:00:22","modified_gmt":"2026-01-23T11:00:22","slug":"temporalizacion-y-criterios-de-evaluacion-de-educacion-fisica","status":"publish","type":"page","link":"https:\/\/blogsaverroes.juntadeandalucia.es\/ceipeuropamontequinto\/temporalizacion-y-criterios-de-evaluacion-de-educacion-fisica\/","title":{"rendered":"TEMPORALIZACI\u00d3N Y CRITERIOS DE EVALUACI\u00d3N DE EDUCACI\u00d3N F\u00cdSICA."},"content":{"rendered":"<p><a href=\"https:\/\/drive.google.com\/drive\/folders\/12JRH6kTRtFrLS3B7BNdNazeDym52sWCJ?usp=sharing\">Aqu\u00ed pod\u00e9is encontrar todo lo referente a<\/a> la asignatura de Educaci\u00f3n F\u00edsica en cuanto a Programaci\u00f3n.<\/p>\n","protected":false},"excerpt":{"rendered":"<p>Aqu\u00ed pod\u00e9is encontrar todo lo referente a la asignatura de Educaci\u00f3n F\u00edsica en cuanto a Programaci\u00f3n.<\/p>\n","protected":false},"author":3791,"featured_media":0,"parent":0,"menu_order":0,"comment_status":"closed","ping_status":"closed","template":"","meta":{"ngg_post_thumbnail":0,"footnotes":"","_mc_calendar":[]},"aioseo_notices":[],"_links":{"self":[{"href":"https:\/\/blogsaverroes.juntadeandalucia.es\/ceipeuropamontequinto\/wp-json\/wp\/v2\/pages\/6086"}],"collection":[{"href":"https:\/\/blogsaverroes.juntadeandalucia.es\/ceipeuropamontequinto\/wp-json\/wp\/v2\/pages"}],"about":[{"href":"https:\/\/blogsaverroes.juntadeandalucia.es\/ceipeuropamontequinto\/wp-json\/wp\/v2\/types\/page"}],"author":[{"embeddable":true,"href":"https:\/\/blogsaverroes.juntadeandalucia.es\/ceipeuropamontequinto\/wp-json\/wp\/v2\/users\/3791"}],"replies":[{"embeddable":true,"href":"https:\/\/blogsaverroes.juntadeandalucia.es\/ceipeuropamontequinto\/wp-json\/wp\/v2\/comments?post=6086"}],"version-history":[{"count":6,"href":"https:\/\/blogsaverroes.juntadeandalucia.es\/ceipeuropamontequinto\/wp-json\/wp\/v2\/pages\/6086\/revisions"}],"predecessor-version":[{"id":9459,"href":"https:\/\/blogsaverroes.juntadeandalucia.es\/ceipeuropamontequinto\/wp-json\/wp\/v2\/pages\/6086\/revisions\/9459"}],"wp:attachment":[{"href":"https:\/\/blogsaverroes.juntadeandalucia.es\/ceipeuropamontequinto\/wp-json\/wp\/v2\/media?parent=6086"}],"curies":[{"name":"wp","href":"https:\/\/api.w.org\/{rel}","templated":true}]}}