{"id":6125,"date":"2023-10-16T09:46:29","date_gmt":"2023-10-16T07:46:29","guid":{"rendered":"https:\/\/blogsaverroes.juntadeandalucia.es\/ceipeuropamontequinto\/?page_id=6125"},"modified":"2026-01-23T11:54:10","modified_gmt":"2026-01-23T10:54:10","slug":"6125-2","status":"publish","type":"page","link":"https:\/\/blogsaverroes.juntadeandalucia.es\/ceipeuropamontequinto\/6125-2\/","title":{"rendered":"TEMPORALIZACI\u00d3N Y CRITERIOS DE EVALUACI\u00d3N DE 5\u00ba DE PRIMARIA"},"content":{"rendered":"<p><a href=\"https:\/\/drive.google.com\/drive\/folders\/1ZFLzB7a18x7rHnNLkpmPVoVcrvX-LHUb?usp=sharing\">Desde aqu\u00ed pueden consultar<\/a> las Programaciones, la Temporalizaci\u00f3n y los Criterios de Evaluaci\u00f3n.<\/p>\n","protected":false},"excerpt":{"rendered":"<p>Desde aqu\u00ed pueden consultar las Programaciones, la Temporalizaci\u00f3n y los Criterios de Evaluaci\u00f3n.<\/p>\n","protected":false},"author":3791,"featured_media":0,"parent":0,"menu_order":0,"comment_status":"closed","ping_status":"closed","template":"","meta":{"ngg_post_thumbnail":0,"footnotes":"","_mc_calendar":[]},"aioseo_notices":[],"_links":{"self":[{"href":"https:\/\/blogsaverroes.juntadeandalucia.es\/ceipeuropamontequinto\/wp-json\/wp\/v2\/pages\/6125"}],"collection":[{"href":"https:\/\/blogsaverroes.juntadeandalucia.es\/ceipeuropamontequinto\/wp-json\/wp\/v2\/pages"}],"about":[{"href":"https:\/\/blogsaverroes.juntadeandalucia.es\/ceipeuropamontequinto\/wp-json\/wp\/v2\/types\/page"}],"author":[{"embeddable":true,"href":"https:\/\/blogsaverroes.juntadeandalucia.es\/ceipeuropamontequinto\/wp-json\/wp\/v2\/users\/3791"}],"replies":[{"embeddable":true,"href":"https:\/\/blogsaverroes.juntadeandalucia.es\/ceipeuropamontequinto\/wp-json\/wp\/v2\/comments?post=6125"}],"version-history":[{"count":7,"href":"https:\/\/blogsaverroes.juntadeandalucia.es\/ceipeuropamontequinto\/wp-json\/wp\/v2\/pages\/6125\/revisions"}],"predecessor-version":[{"id":9454,"href":"https:\/\/blogsaverroes.juntadeandalucia.es\/ceipeuropamontequinto\/wp-json\/wp\/v2\/pages\/6125\/revisions\/9454"}],"wp:attachment":[{"href":"https:\/\/blogsaverroes.juntadeandalucia.es\/ceipeuropamontequinto\/wp-json\/wp\/v2\/media?parent=6125"}],"curies":[{"name":"wp","href":"https:\/\/api.w.org\/{rel}","templated":true}]}}