{"id":6136,"date":"2023-10-16T10:07:45","date_gmt":"2023-10-16T08:07:45","guid":{"rendered":"https:\/\/blogsaverroes.juntadeandalucia.es\/ceipeuropamontequinto\/?page_id=6136"},"modified":"2026-01-23T11:48:12","modified_gmt":"2026-01-23T10:48:12","slug":"temporalizacion-y-criterios-de-evaluacion-de-1o","status":"publish","type":"page","link":"https:\/\/blogsaverroes.juntadeandalucia.es\/ceipeuropamontequinto\/temporalizacion-y-criterios-de-evaluacion-de-1o\/","title":{"rendered":"TEMPORALIZACI\u00d3N Y CRITERIOS DE EVALUACI\u00d3N DE 1\u00ba"},"content":{"rendered":"<p><a href=\"https:\/\/drive.google.com\/drive\/folders\/1I6VMJ4BXM_6veMehcXlQZ0kCkyf16Hfe?usp=sharing\">Desde aqu\u00ed<\/a> pueden acceder a la Programaci\u00f3n, temporalizaci\u00f3n y criterios de evaluaci\u00f3n de 1\u00ba<\/p>\n","protected":false},"excerpt":{"rendered":"<p>Desde aqu\u00ed pueden acceder a la Programaci\u00f3n, temporalizaci\u00f3n y criterios de evaluaci\u00f3n de 1\u00ba<\/p>\n","protected":false},"author":3791,"featured_media":0,"parent":0,"menu_order":0,"comment_status":"closed","ping_status":"closed","template":"","meta":{"ngg_post_thumbnail":0,"footnotes":"","_mc_calendar":[]},"aioseo_notices":[],"_links":{"self":[{"href":"https:\/\/blogsaverroes.juntadeandalucia.es\/ceipeuropamontequinto\/wp-json\/wp\/v2\/pages\/6136"}],"collection":[{"href":"https:\/\/blogsaverroes.juntadeandalucia.es\/ceipeuropamontequinto\/wp-json\/wp\/v2\/pages"}],"about":[{"href":"https:\/\/blogsaverroes.juntadeandalucia.es\/ceipeuropamontequinto\/wp-json\/wp\/v2\/types\/page"}],"author":[{"embeddable":true,"href":"https:\/\/blogsaverroes.juntadeandalucia.es\/ceipeuropamontequinto\/wp-json\/wp\/v2\/users\/3791"}],"replies":[{"embeddable":true,"href":"https:\/\/blogsaverroes.juntadeandalucia.es\/ceipeuropamontequinto\/wp-json\/wp\/v2\/comments?post=6136"}],"version-history":[{"count":6,"href":"https:\/\/blogsaverroes.juntadeandalucia.es\/ceipeuropamontequinto\/wp-json\/wp\/v2\/pages\/6136\/revisions"}],"predecessor-version":[{"id":9450,"href":"https:\/\/blogsaverroes.juntadeandalucia.es\/ceipeuropamontequinto\/wp-json\/wp\/v2\/pages\/6136\/revisions\/9450"}],"wp:attachment":[{"href":"https:\/\/blogsaverroes.juntadeandalucia.es\/ceipeuropamontequinto\/wp-json\/wp\/v2\/media?parent=6136"}],"curies":[{"name":"wp","href":"https:\/\/api.w.org\/{rel}","templated":true}]}}