{"id":7228,"date":"2024-05-22T22:27:19","date_gmt":"2024-05-22T20:27:19","guid":{"rendered":"https:\/\/blogsaverroes.juntadeandalucia.es\/ceipeuropamontequinto\/?page_id=7228"},"modified":"2025-10-02T16:55:07","modified_gmt":"2025-10-02T14:55:07","slug":"calendario-escolar-24-25","status":"publish","type":"page","link":"https:\/\/blogsaverroes.juntadeandalucia.es\/ceipeuropamontequinto\/calendario-escolar-24-25\/","title":{"rendered":"CALENDARIO ESCOLAR 25\/26"},"content":{"rendered":"<p><a href=\"https:\/\/blogsaverroes.juntadeandalucia.es\/ceipeuropamontequinto\/files\/2025\/05\/CALENDARIO-25_26F.pdf\">CALENDARIO 25_26(F)<\/a><\/p>\n<p><img loading=\"lazy\" decoding=\"async\" class=\"aligncenter size-medium wp-image-8844\" src=\"https:\/\/blogsaverroes.juntadeandalucia.es\/ceipeuropamontequinto\/files\/2025\/05\/CALENDARIO-25_26F_page-0001-212x300.jpg\" alt=\"\" width=\"212\" height=\"300\" srcset=\"https:\/\/blogsaverroes.juntadeandalucia.es\/ceipeuropamontequinto\/files\/2025\/05\/CALENDARIO-25_26F_page-0001-212x300.jpg 212w, https:\/\/blogsaverroes.juntadeandalucia.es\/ceipeuropamontequinto\/files\/2025\/05\/CALENDARIO-25_26F_page-0001-724x1024.jpg 724w, https:\/\/blogsaverroes.juntadeandalucia.es\/ceipeuropamontequinto\/files\/2025\/05\/CALENDARIO-25_26F_page-0001-768x1087.jpg 768w, https:\/\/blogsaverroes.juntadeandalucia.es\/ceipeuropamontequinto\/files\/2025\/05\/CALENDARIO-25_26F_page-0001-1085x1536.jpg 1085w, https:\/\/blogsaverroes.juntadeandalucia.es\/ceipeuropamontequinto\/files\/2025\/05\/CALENDARIO-25_26F_page-0001.jpg 1240w\" sizes=\"(max-width: 212px) 100vw, 212px\" \/><\/p>\n<p>SE A\u00d1ADEN LOS SIGUIENTES D\u00cdAS DE LIBRE DISPOSICI\u00d3N EN LA LOCALIDAD DE DOS HERMANAS:<\/p>\n<p style=\"text-align: center\">&nbsp; &nbsp; &nbsp; <strong>&nbsp;0 octubre de 2025<\/strong><\/p>\n<p style=\"font-weight: 400;text-align: center\"><strong>&nbsp; &nbsp; &nbsp; 24 de abril de 2026<\/strong><\/p>\n<p style=\"font-weight: 400;text-align: center\"><strong>&nbsp; &nbsp; &nbsp; 8 de mayo de 2026<\/strong><\/p>\n","protected":false},"excerpt":{"rendered":"<p>CALENDARIO 25_26(F) SE A\u00d1ADEN LOS SIGUIENTES D\u00cdAS DE LIBRE DISPOSICI\u00d3N EN LA LOCALIDAD DE DOS HERMANAS: &nbsp; &nbsp; &nbsp; &nbsp;0 octubre de 2025 &nbsp; &nbsp; &nbsp; 24 de abril de 2026 &nbsp; &nbsp; &nbsp;&#46;&#46;&#46;<\/p>\n","protected":false},"author":3791,"featured_media":0,"parent":0,"menu_order":0,"comment_status":"closed","ping_status":"closed","template":"","meta":{"ngg_post_thumbnail":0,"footnotes":"","_mc_calendar":[]},"aioseo_notices":[],"_links":{"self":[{"href":"https:\/\/blogsaverroes.juntadeandalucia.es\/ceipeuropamontequinto\/wp-json\/wp\/v2\/pages\/7228"}],"collection":[{"href":"https:\/\/blogsaverroes.juntadeandalucia.es\/ceipeuropamontequinto\/wp-json\/wp\/v2\/pages"}],"about":[{"href":"https:\/\/blogsaverroes.juntadeandalucia.es\/ceipeuropamontequinto\/wp-json\/wp\/v2\/types\/page"}],"author":[{"embeddable":true,"href":"https:\/\/blogsaverroes.juntadeandalucia.es\/ceipeuropamontequinto\/wp-json\/wp\/v2\/users\/3791"}],"replies":[{"embeddable":true,"href":"https:\/\/blogsaverroes.juntadeandalucia.es\/ceipeuropamontequinto\/wp-json\/wp\/v2\/comments?post=7228"}],"version-history":[{"count":5,"href":"https:\/\/blogsaverroes.juntadeandalucia.es\/ceipeuropamontequinto\/wp-json\/wp\/v2\/pages\/7228\/revisions"}],"predecessor-version":[{"id":9268,"href":"https:\/\/blogsaverroes.juntadeandalucia.es\/ceipeuropamontequinto\/wp-json\/wp\/v2\/pages\/7228\/revisions\/9268"}],"wp:attachment":[{"href":"https:\/\/blogsaverroes.juntadeandalucia.es\/ceipeuropamontequinto\/wp-json\/wp\/v2\/media?parent=7228"}],"curies":[{"name":"wp","href":"https:\/\/api.w.org\/{rel}","templated":true}]}}