{"id":7368,"date":"2024-06-11T11:47:24","date_gmt":"2024-06-11T09:47:24","guid":{"rendered":"https:\/\/blogsaverroes.juntadeandalucia.es\/ceipeuropamontequinto\/?page_id=7368"},"modified":"2025-06-25T13:19:19","modified_gmt":"2025-06-25T11:19:19","slug":"novedades","status":"publish","type":"page","link":"https:\/\/blogsaverroes.juntadeandalucia.es\/ceipeuropamontequinto\/novedades\/","title":{"rendered":"NOVEDADES"},"content":{"rendered":"<ul>\n<li><strong><span style=\"color: #993366\">LIBROS DE TEXTO DE INFANTIL: POD\u00c9IS CONSULTARLOS EN ESTE DOCUMENTO<\/span><\/strong><\/li>\n<li><a href=\"https:\/\/blogsaverroes.juntadeandalucia.es\/ceipeuropamontequinto\/files\/2025\/06\/LIBROS-INFANTIL-2025-26.pdf\">LIBROS INFANTIL 2025-26<\/a><\/li>\n<\/ul>\n<p>&nbsp;<\/p>\n<ul>\n<li><strong><span style=\"color: #008000\">MATRICULACI\u00d3N PARA LA ACTIVIDAD EXTRAESCOLAR DE INGL\u00c9S LA CIG\u00dcE\u00d1A, PUEDEN REALIZARLA A TRAV\u00c9S DEL SIGUIENTE ENLACE:<\/span><\/strong><\/li>\n<\/ul>\n<p><a href=\"https:\/\/matriculas.xn--eslaciguea-19a.es\/interview?i=docassemble.playground1:Extraescolares_2025_2026_BK.yml\">https:\/\/matriculas.xn--eslaciguea-19a.es\/interview?i=docassemble.playground1:Extraescolares_2025_2026_BK.yml<\/a><\/p>\n<p>&nbsp;<\/p>\n<ul>\n<li><strong>REUNI\u00d3N PARA LAS FAMILIAS DEL ALUMNADO DE 3 A\u00d1OS DEL CURSO 25\/26: el d\u00eda 11 de junio a las 16.30h por la puerta de Infantil de la Calle T\u00e9rmoli (rejas de colores). \u00a1OS ESPERAMOS!<\/strong><\/li>\n<\/ul>\n<p>&nbsp;<\/p>\n<ul>\n<li><strong><span style=\"color: #ff0000\">YA PUEDES CONSULTAR LA PROPUESTA DE ACTIVIDADES EXTRAESCOLARES PARA EL PR\u00d3XIMO CURSO<\/span>:<\/strong><\/li>\n<\/ul>\n<p><a href=\"https:\/\/blogsaverroes.juntadeandalucia.es\/ceipeuropamontequinto\/files\/2025\/05\/ACTIVIDADES-EXTRAESCOLARES-25-26.pdf\">ACTIVIDADES EXTRAESCOLARES 25-26.<\/a><\/p>\n<ul>\n<li>La<strong>&nbsp;<span style=\"color: #008000\">escolarizaci\u00f3n<\/span><\/strong><strong>&nbsp;<\/strong>es un concurso, en el que el alumnado que obtenga m\u00e1s puntos en el procedimiento ocupar\u00e1 la vacante del centro seleccionado como prioritario. Aqu\u00ed pueden ver la baremaci\u00f3n:<\/li>\n<\/ul>\n<p>&nbsp;<\/p>\n<ul>\n<li><span style=\"color: #008000\"><strong>AULA DE MEDIO D\u00cdA.&nbsp;<\/strong><\/span><\/li>\n<\/ul>\n<p><a href=\"https:\/\/blogsaverroes.juntadeandalucia.es\/ceipeuropamontequinto\/files\/2025\/05\/AAMM-INSCRIPCION-CURSO-25-26.pdf\">AAMM INSCRIPCION CURSO 25-26<\/a> <img loading=\"lazy\" decoding=\"async\" class=\"aligncenter size-medium wp-image-8746\" src=\"https:\/\/blogsaverroes.juntadeandalucia.es\/ceipeuropamontequinto\/files\/2025\/05\/CEIP-EUROPA.-AULA-MEDIO-DIA-212x300.jpeg\" alt=\"\" width=\"212\" height=\"300\" srcset=\"https:\/\/blogsaverroes.juntadeandalucia.es\/ceipeuropamontequinto\/files\/2025\/05\/CEIP-EUROPA.-AULA-MEDIO-DIA-212x300.jpeg 212w, https:\/\/blogsaverroes.juntadeandalucia.es\/ceipeuropamontequinto\/files\/2025\/05\/CEIP-EUROPA.-AULA-MEDIO-DIA-724x1024.jpeg 724w, https:\/\/blogsaverroes.juntadeandalucia.es\/ceipeuropamontequinto\/files\/2025\/05\/CEIP-EUROPA.-AULA-MEDIO-DIA-768x1086.jpeg 768w, https:\/\/blogsaverroes.juntadeandalucia.es\/ceipeuropamontequinto\/files\/2025\/05\/CEIP-EUROPA.-AULA-MEDIO-DIA-1086x1536.jpeg 1086w, https:\/\/blogsaverroes.juntadeandalucia.es\/ceipeuropamontequinto\/files\/2025\/05\/CEIP-EUROPA.-AULA-MEDIO-DIA.jpeg 1131w\" sizes=\"(max-width: 212px) 100vw, 212px\" \/><\/p>\n<p>&nbsp;<\/p>\n<ul>\n<li><a href=\"https:\/\/blogsaverroes.juntadeandalucia.es\/ceipeuropamontequinto\/files\/2025\/01\/BAREMACION-DE-LOS-CRTERIOS-PARA-LA-ADMISION-DEL-ALUMNADO.pdf\">BAREMACI\u00d3N DE LOS CRTERIOS PARA LA ADMISI\u00d3N DEL ALUMNADO<\/a><\/li>\n<\/ul>\n<p>La normativa que regula la admisi\u00f3n en los colegios es la siguiente: Decreto 21\/2020, de 17 de febrero; y la Orden de 20 de febrero de 2020.<\/p>\n<p>El calendario de Escolarizaci\u00f3n es el siguiente:<\/p>\n<table>\n<tbody>\n<tr>\n<td width=\"179\"><span style=\"color: #ff00ff\"><strong>MES DE MARZO<\/strong><\/span><\/td>\n<td width=\"754\">SOLICITUD DE ADMISI\u00d3N EN LOS CENTROS.<\/td>\n<\/tr>\n<tr>\n<td width=\"179\"><strong><span style=\"color: #339966\">HASTA EL 22 DE ABRIL<\/span><\/strong><\/td>\n<td width=\"754\">PUBLICACI\u00d3N DE RELACI\u00d3N DE ALUMNOS Y ALUMNAS SOLICITANTES, CON LA PUNTUACI\u00d3N OBTENIDA<\/td>\n<\/tr>\n<tr>\n<td width=\"179\"><span style=\"color: #0000ff\"><strong>22 DE ABRIL<\/strong><\/span><\/td>\n<td width=\"754\">TR\u00c1MITE DE AUDIENCIA<\/td>\n<\/tr>\n<tr>\n<td width=\"179\"><span style=\"color: #ff6600\"><strong>14 DE MAYO<\/strong><\/span><\/td>\n<td width=\"754\">SORTEO P\u00daBLICO<\/td>\n<\/tr>\n<tr>\n<td width=\"179\"><strong><span style=\"color: #008080\">15 DE MAYO<\/span><\/strong><\/td>\n<td width=\"754\">RESOLUCIONES DE ADMISI\u00d3N<\/td>\n<\/tr>\n<tr>\n<td width=\"179\"><strong><span style=\"color: #ff0000\">26 DE MAYO<\/span><\/strong><\/td>\n<td width=\"754\">PUBLICACI\u00d3N DE ADJUDICACI\u00d3N DE PLAZA AL ALUMNADO NO ADMITIDO EN EL CENTRO ELEGIDO COMO PRIORITARIO<\/td>\n<\/tr>\n<tr>\n<td width=\"179\"><span style=\"color: #993366\"><strong>27 DE MAYO<\/strong><\/span><\/td>\n<td width=\"754\">PLAZO DE PRESENTACI\u00d3N DE RECURSOS DE ALZADA Y RECLAMACIONES.<\/td>\n<\/tr>\n<\/tbody>\n<\/table>\n<p>Y puedes venir a conocernos en nuestras Jornadas de Puertas Abiertas:<\/p>\n<p style=\"text-align: center\"><img loading=\"lazy\" decoding=\"async\" class=\"aligncenter size-medium wp-image-7866\" src=\"https:\/\/blogsaverroes.juntadeandalucia.es\/ceipeuropamontequinto\/files\/2025\/01\/JORNADA-PUERTAS-ABIERTAS-2025-1-212x300.jpg\" alt=\"\" width=\"212\" height=\"300\" srcset=\"https:\/\/blogsaverroes.juntadeandalucia.es\/ceipeuropamontequinto\/files\/2025\/01\/JORNADA-PUERTAS-ABIERTAS-2025-1-212x300.jpg 212w, https:\/\/blogsaverroes.juntadeandalucia.es\/ceipeuropamontequinto\/files\/2025\/01\/JORNADA-PUERTAS-ABIERTAS-2025-1-724x1024.jpg 724w, https:\/\/blogsaverroes.juntadeandalucia.es\/ceipeuropamontequinto\/files\/2025\/01\/JORNADA-PUERTAS-ABIERTAS-2025-1-768x1086.jpg 768w, https:\/\/blogsaverroes.juntadeandalucia.es\/ceipeuropamontequinto\/files\/2025\/01\/JORNADA-PUERTAS-ABIERTAS-2025-1-1086x1536.jpg 1086w, https:\/\/blogsaverroes.juntadeandalucia.es\/ceipeuropamontequinto\/files\/2025\/01\/JORNADA-PUERTAS-ABIERTAS-2025-1-1448x2048.jpg 1448w, https:\/\/blogsaverroes.juntadeandalucia.es\/ceipeuropamontequinto\/files\/2025\/01\/JORNADA-PUERTAS-ABIERTAS-2025-1.jpg 1131w\" sizes=\"(max-width: 212px) 100vw, 212px\" \/><\/p>\n<p><span style=\"color: #ff0000\"><strong>A<\/strong> <strong>CONTINUACI\u00d3N<\/strong> <strong>OS DEJAMOS POR AQU\u00cd EL MAPA Y EL CALLEJERO PARA QUE POD\u00c1IS CONSULTARLO:<\/strong><\/span><\/p>\n<p><a href=\"https:\/\/blogsaverroes.juntadeandalucia.es\/ceipeuropamontequinto\/files\/2025\/02\/2025_41038_I_P_04.pdf\">2025_41038_I_P_04<\/a><\/p>\n<p><a href=\"https:\/\/blogsaverroes.juntadeandalucia.es\/ceipeuropamontequinto\/files\/2025\/02\/2025_41038_I_P_04_VIALES.pdf\">2025_41038_I_P_04_VIALES<\/a><\/p>\n<p>&nbsp;<\/p>\n<p>&nbsp;<\/p>\n<p style=\"text-align: center\"><span style=\"color: #008080\"><strong>Recuerda que colaborar con tu AMPA supone mejorar el Centro Educativo.<\/strong><\/span><\/p>\n<p style=\"text-align: center\"><strong><span style=\"color: #3366ff\">Y si te animas a formar parte del grupo dinamizador, te estaremos esperando con los brazos abiertos.<\/span><\/strong><\/p>\n<p><img loading=\"lazy\" decoding=\"async\" class=\"aligncenter size-medium wp-image-7331\" src=\"https:\/\/blogsaverroes.juntadeandalucia.es\/ceipeuropamontequinto\/files\/2024\/05\/CAMPANA-AMPA-212x300.jpg\" alt=\"\" width=\"212\" height=\"300\" srcset=\"https:\/\/blogsaverroes.juntadeandalucia.es\/ceipeuropamontequinto\/files\/2024\/05\/CAMPANA-AMPA-212x300.jpg 212w, https:\/\/blogsaverroes.juntadeandalucia.es\/ceipeuropamontequinto\/files\/2024\/05\/CAMPANA-AMPA-724x1024.jpg 724w, https:\/\/blogsaverroes.juntadeandalucia.es\/ceipeuropamontequinto\/files\/2024\/05\/CAMPANA-AMPA-768x1086.jpg 768w, https:\/\/blogsaverroes.juntadeandalucia.es\/ceipeuropamontequinto\/files\/2024\/05\/CAMPANA-AMPA-1086x1536.jpg 1086w, https:\/\/blogsaverroes.juntadeandalucia.es\/ceipeuropamontequinto\/files\/2024\/05\/CAMPANA-AMPA.jpg 1131w\" sizes=\"(max-width: 212px) 100vw, 212px\" \/><\/p>\n<p style=\"text-align: left\">Muchas gracias por vuestra colaboraci\u00f3n<\/p>\n","protected":false},"excerpt":{"rendered":"<p>LIBROS DE TEXTO DE INFANTIL: POD\u00c9IS CONSULTARLOS EN ESTE DOCUMENTO LIBROS INFANTIL 2025-26 &nbsp; MATRICULACI\u00d3N PARA LA ACTIVIDAD EXTRAESCOLAR DE INGL\u00c9S LA CIG\u00dcE\u00d1A, PUEDEN REALIZARLA A TRAV\u00c9S DEL SIGUIENTE ENLACE: https:\/\/matriculas.xn--eslaciguea-19a.es\/interview?i=docassemble.playground1:Extraescolares_2025_2026_BK.yml &nbsp; REUNI\u00d3N PARA&#46;&#46;&#46;<\/p>\n","protected":false},"author":3791,"featured_media":0,"parent":0,"menu_order":0,"comment_status":"closed","ping_status":"closed","template":"","meta":{"ngg_post_thumbnail":0,"footnotes":"","_mc_calendar":[]},"aioseo_notices":[],"_links":{"self":[{"href":"https:\/\/blogsaverroes.juntadeandalucia.es\/ceipeuropamontequinto\/wp-json\/wp\/v2\/pages\/7368"}],"collection":[{"href":"https:\/\/blogsaverroes.juntadeandalucia.es\/ceipeuropamontequinto\/wp-json\/wp\/v2\/pages"}],"about":[{"href":"https:\/\/blogsaverroes.juntadeandalucia.es\/ceipeuropamontequinto\/wp-json\/wp\/v2\/types\/page"}],"author":[{"embeddable":true,"href":"https:\/\/blogsaverroes.juntadeandalucia.es\/ceipeuropamontequinto\/wp-json\/wp\/v2\/users\/3791"}],"replies":[{"embeddable":true,"href":"https:\/\/blogsaverroes.juntadeandalucia.es\/ceipeuropamontequinto\/wp-json\/wp\/v2\/comments?post=7368"}],"version-history":[{"count":12,"href":"https:\/\/blogsaverroes.juntadeandalucia.es\/ceipeuropamontequinto\/wp-json\/wp\/v2\/pages\/7368\/revisions"}],"predecessor-version":[{"id":8980,"href":"https:\/\/blogsaverroes.juntadeandalucia.es\/ceipeuropamontequinto\/wp-json\/wp\/v2\/pages\/7368\/revisions\/8980"}],"wp:attachment":[{"href":"https:\/\/blogsaverroes.juntadeandalucia.es\/ceipeuropamontequinto\/wp-json\/wp\/v2\/media?parent=7368"}],"curies":[{"name":"wp","href":"https:\/\/api.w.org\/{rel}","templated":true}]}}