{"id":7375,"date":"2024-06-11T11:52:12","date_gmt":"2024-06-11T09:52:12","guid":{"rendered":"https:\/\/blogsaverroes.juntadeandalucia.es\/ceipeuropamontequinto\/?page_id=7375"},"modified":"2024-10-08T11:28:20","modified_gmt":"2024-10-08T09:28:20","slug":"novedades-2","status":"publish","type":"page","link":"https:\/\/blogsaverroes.juntadeandalucia.es\/ceipeuropamontequinto\/novedades-2\/","title":{"rendered":"NOVEDADES"},"content":{"rendered":"<p>Nos gustar\u00eda hacer un llamamiento a toda la Comunidad Educativa para movilizar la&nbsp;<strong>AMPA<\/strong>&nbsp;de nuestro cole.<\/p>\n<p>Como bien sab\u00e9is, nuestro lema es&nbsp;<strong>\u201cSolos somos gotas, juntos formamos oc\u00e9anos\u201d,<\/strong>&nbsp;y m\u00e1s que nunca, en esta frase se ve reflejada la importancia de esta asociaci\u00f3n en los colegios p\u00fablicos, y por supuesto, en nuestro cole.<\/p>\n<p>Gracias a ellos, podemos llevar a cabo actividades tales como el&nbsp;<strong>HUERTO<\/strong>&nbsp;que tan beneficiosas son para nuestro alumnado, la colocaci\u00f3n de&nbsp;<strong>Aires Acondicionados<\/strong>,&nbsp;<strong>actividades navide\u00f1as,&nbsp;de convivencia,<\/strong>&nbsp;as\u00ed como realizar cert\u00e1menes, subvencionar actividades m\u00e1s costosas, etc.<\/p>\n<p><strong>Es un buen momento<\/strong>, ahora que realizamos la matr\u00edcula, para asociarnos y colaborar con tan solo<strong>&nbsp;20 euros por familia.<\/strong>&nbsp;Si lo hacemos ahora, quiz\u00e1s sea m\u00e1s c\u00f3modo que en septiembre (ya que es un mes en el que tenemos muchos gastos).<\/p>\n<p><strong>RECUERDA ESCRIBIR AL AMPA CUANDO HAGAS EL INGRESO PARA REGISTRARTE COMO FAMILIA SOCIA<\/strong>:&nbsp;<a href=\"mailto:sociosampa@ceip-europa.net\">sociosampa@ceip-europa.net<\/a><\/p>\n<p>Tambi\u00e9n pod\u00e9is venir a hacer el ingreso en efectivo al cole los siguientes d\u00edas&nbsp;<strong>EN HORARIO DE 9.00H A 10.30H:<\/strong><\/p>\n<p><strong>MARTES 4 DE JUNIO<\/strong><\/p>\n<p><strong>VIERNES 7 DE JUNIO<\/strong><\/p>\n<p><strong>LUNES 10 DE JUNIO<\/strong><\/p>\n<p><strong>MI\u00c9RCOLES 12 DE JUNIO<\/strong><\/p>\n<p><strong>Recuerda que colaborar con tu AMPA supone mejorar el Centro Educativo.<\/strong><\/p>\n<p><strong>Y si te animas a formar parte del grupo dinamizador, te estaremos esperando con los brazos abiertos.<\/strong><\/p>\n<p><img loading=\"lazy\" decoding=\"async\" class=\"aligncenter size-medium wp-image-7455\" src=\"https:\/\/blogsaverroes.juntadeandalucia.es\/ceipeuropamontequinto\/files\/2024\/10\/CAMPANA-AMPA-1-212x300.jpg\" alt=\"\" width=\"212\" height=\"300\" srcset=\"https:\/\/blogsaverroes.juntadeandalucia.es\/ceipeuropamontequinto\/files\/2024\/10\/CAMPANA-AMPA-1-212x300.jpg 212w, https:\/\/blogsaverroes.juntadeandalucia.es\/ceipeuropamontequinto\/files\/2024\/10\/CAMPANA-AMPA-1-724x1024.jpg 724w, https:\/\/blogsaverroes.juntadeandalucia.es\/ceipeuropamontequinto\/files\/2024\/10\/CAMPANA-AMPA-1-768x1086.jpg 768w, https:\/\/blogsaverroes.juntadeandalucia.es\/ceipeuropamontequinto\/files\/2024\/10\/CAMPANA-AMPA-1-1086x1536.jpg 1086w, https:\/\/blogsaverroes.juntadeandalucia.es\/ceipeuropamontequinto\/files\/2024\/10\/CAMPANA-AMPA-1.jpg 1131w\" sizes=\"(max-width: 212px) 100vw, 212px\" \/><\/p>\n<p>&nbsp;<\/p>\n<p><img loading=\"lazy\" decoding=\"async\" class=\"aligncenter size-medium wp-image-7450\" src=\"https:\/\/blogsaverroes.juntadeandalucia.es\/ceipeuropamontequinto\/files\/2024\/10\/WhatsApp-Image-2024-10-01-at-12.40.56-201x300.jpeg\" alt=\"\" width=\"201\" height=\"300\" srcset=\"https:\/\/blogsaverroes.juntadeandalucia.es\/ceipeuropamontequinto\/files\/2024\/10\/WhatsApp-Image-2024-10-01-at-12.40.56-201x300.jpeg 201w, https:\/\/blogsaverroes.juntadeandalucia.es\/ceipeuropamontequinto\/files\/2024\/10\/WhatsApp-Image-2024-10-01-at-12.40.56-687x1024.jpeg 687w, https:\/\/blogsaverroes.juntadeandalucia.es\/ceipeuropamontequinto\/files\/2024\/10\/WhatsApp-Image-2024-10-01-at-12.40.56-768x1144.jpeg 768w, https:\/\/blogsaverroes.juntadeandalucia.es\/ceipeuropamontequinto\/files\/2024\/10\/WhatsApp-Image-2024-10-01-at-12.40.56-1031x1536.jpeg 1031w, https:\/\/blogsaverroes.juntadeandalucia.es\/ceipeuropamontequinto\/files\/2024\/10\/WhatsApp-Image-2024-10-01-at-12.40.56.jpeg 1074w\" sizes=\"(max-width: 201px) 100vw, 201px\" \/><\/p>\n<p>Muchas gracias por vuestra colaboraci\u00f3n<\/p>\n","protected":false},"excerpt":{"rendered":"<p>Nos gustar\u00eda hacer un llamamiento a toda la Comunidad Educativa para movilizar la&nbsp;AMPA&nbsp;de nuestro cole. Como bien sab\u00e9is, nuestro lema es&nbsp;\u201cSolos somos gotas, juntos formamos oc\u00e9anos\u201d,&nbsp;y m\u00e1s que nunca, en esta frase se ve&#46;&#46;&#46;<\/p>\n","protected":false},"author":3791,"featured_media":7338,"parent":0,"menu_order":0,"comment_status":"closed","ping_status":"closed","template":"","meta":{"ngg_post_thumbnail":0,"footnotes":"","_mc_calendar":[]},"aioseo_notices":[],"_links":{"self":[{"href":"https:\/\/blogsaverroes.juntadeandalucia.es\/ceipeuropamontequinto\/wp-json\/wp\/v2\/pages\/7375"}],"collection":[{"href":"https:\/\/blogsaverroes.juntadeandalucia.es\/ceipeuropamontequinto\/wp-json\/wp\/v2\/pages"}],"about":[{"href":"https:\/\/blogsaverroes.juntadeandalucia.es\/ceipeuropamontequinto\/wp-json\/wp\/v2\/types\/page"}],"author":[{"embeddable":true,"href":"https:\/\/blogsaverroes.juntadeandalucia.es\/ceipeuropamontequinto\/wp-json\/wp\/v2\/users\/3791"}],"replies":[{"embeddable":true,"href":"https:\/\/blogsaverroes.juntadeandalucia.es\/ceipeuropamontequinto\/wp-json\/wp\/v2\/comments?post=7375"}],"version-history":[{"count":4,"href":"https:\/\/blogsaverroes.juntadeandalucia.es\/ceipeuropamontequinto\/wp-json\/wp\/v2\/pages\/7375\/revisions"}],"predecessor-version":[{"id":7456,"href":"https:\/\/blogsaverroes.juntadeandalucia.es\/ceipeuropamontequinto\/wp-json\/wp\/v2\/pages\/7375\/revisions\/7456"}],"wp:featuredmedia":[{"embeddable":true,"href":"https:\/\/blogsaverroes.juntadeandalucia.es\/ceipeuropamontequinto\/wp-json\/wp\/v2\/media\/7338"}],"wp:attachment":[{"href":"https:\/\/blogsaverroes.juntadeandalucia.es\/ceipeuropamontequinto\/wp-json\/wp\/v2\/media?parent=7375"}],"curies":[{"name":"wp","href":"https:\/\/api.w.org\/{rel}","templated":true}]}}