{"id":7470,"date":"2024-10-09T17:30:19","date_gmt":"2024-10-09T15:30:19","guid":{"rendered":"https:\/\/blogsaverroes.juntadeandalucia.es\/ceipeuropamontequinto\/?page_id=7470"},"modified":"2025-07-01T17:34:02","modified_gmt":"2025-07-01T15:34:02","slug":"consejo-escolar","status":"publish","type":"page","link":"https:\/\/blogsaverroes.juntadeandalucia.es\/ceipeuropamontequinto\/consejo-escolar\/","title":{"rendered":"CONSEJO ESCOLAR"},"content":{"rendered":"<p><strong>CURSO 2025\/2026<\/strong><\/p>\n<p>El primer Consejo Escolar del curso ser\u00e1 convocado con tiempo para que todos sus miembros puedan&nbsp;<\/p>\n<p>&nbsp;<\/p>\n<p>&nbsp;<\/p>\n<p><span style=\"text-decoration: underline\"><strong><span style=\"color: #ff0000;text-decoration: underline\">NOVEDADES:<\/span><\/strong><\/span><\/p>\n<p><strong>SECTOR FAMILIAS. 20\/11\/2024<\/strong><\/p>\n<p>Finalizada la votaci\u00f3n, a las 20:00 horas, se procede al escrutinio de votos, con el siguiente resultado:<\/p>\n<p>Votos v\u00e1lidos: 128<\/p>\n<p>Votos en blanco:&nbsp; 0<\/p>\n<p>Votos nulos: 0<\/p>\n<p>TOTAL VOTOS EMITIDOS: 128 . De ellos 114&nbsp; por la modalidad voto electr\u00f3nico.<\/p>\n<p>Los votos v\u00e1lidos son los siguientes:<\/p>\n<ol>\n<li>D\u00aa Aguilar Buceta, Jos\u00e9 Antonio. N\u00ba de votos: 53<\/li>\n<li>D\u00aa Amor\u00edn Jim\u00e9nez, Mar\u00eda del Carmen. N\u00ba de votos: 65<\/li>\n<li>D Barrio Moreno-Ortiz, Alberto. N\u00ba de votos: 49 (*)<\/li>\n<li>D\u00aa Correa Acejo, Estefan\u00eda. N\u00ba de votos: 66<\/li>\n<li>D Refoyo Ruiz, Borja. N\u00ba de votos: 56<\/li>\n<li>D Romero Moreno, Francisco Javier. N\u00ba de votos: 72<\/li>\n<li>Villacreces Arnedo, Salvador. N\u00ba de votos: 71<\/li>\n<li>Villagarcia Saiz, Luis. N\u00ba de votos: 58<\/li>\n<\/ol>\n<p>*D. Alberto accede directamente por ser representante de la AMPA.<\/p>\n<p>En consecuencia, han sido elegidos\/as como representantes de madres y padres del alumnado en el Consejo Escolar:<\/p>\n<p>1\u00ba. D Romero Moreno, Francisco Javier<\/p>\n<p>2\u00ba. D Villacreces Arnedo, Salvador<\/p>\n<p>3\u00ba. D\u00aa&nbsp; Correa Acejo, Estefan\u00eda<\/p>\n<p>4\u00ba. D\u00aa Amor\u00edn Jim\u00e9nez, Mar\u00eda del Carmen<\/p>\n<p>5\u00ba. D Villagarcia Saiz, Luis<\/p>\n<p>6\u00ba. D Borja Refoyo Ru\u00edz&nbsp;&nbsp;&nbsp;&nbsp;&nbsp;&nbsp;&nbsp;&nbsp;&nbsp;&nbsp;&nbsp;&nbsp;&nbsp;&nbsp;&nbsp;&nbsp;&nbsp;&nbsp;&nbsp;&nbsp;&nbsp;&nbsp;&nbsp;&nbsp;&nbsp;&nbsp;&nbsp;&nbsp;&nbsp;&nbsp;&nbsp;&nbsp;&nbsp;&nbsp;&nbsp;&nbsp;&nbsp;&nbsp;&nbsp;&nbsp;&nbsp;&nbsp;&nbsp;&nbsp;&nbsp;&nbsp;&nbsp;&nbsp;&nbsp;&nbsp;&nbsp;&nbsp;&nbsp;&nbsp;&nbsp;<\/p>\n<p>7\u00ba.D Aguilar Buceta, Jos\u00e9 Antonio<\/p>\n<p>&nbsp;No hay Suplentes.<\/p>\n<p>&nbsp;<\/p>\n<p><span style=\"text-decoration: underline;color: #ff0000\"><strong>CALENDARIO ELECCIONES<\/strong><\/span><\/p>\n<p>Estimadas familias:<\/p>\n<p>En el curso 2024-25 la Consejer\u00eda de Educaci\u00f3n y Deporte ha convocado el procedimiento<br \/>\nordinario de elecciones al Consejo Escolar que tendr\u00e1 una duraci\u00f3n de dos cursos. Es importante la<br \/>\nrepresentaci\u00f3n de las familias en \u00e9l. Tienen que salir electos 6 candidatos del sector familia y uno m\u00e1s<br \/>\ncomo representante de la AMPA.<br \/>\nA continuaci\u00f3n os detallo todo el proceso:<br \/>\n<del>&#8211; El d\u00eda 25 septiembre ser\u00e1 el sorteo p\u00fablico a las 9:15h para elegir del censo los miembros de la<\/del><br \/>\n<del>Junta Electoral y el 3 de Octubre se constituir\u00e1 la Junta Electoral y se publicar\u00e1 censo provisional<\/del><br \/>\n<del>de cada uno de los sectores.<\/del><br \/>\n&nbsp;<del>&#8211; Listado provisional de candidatos 28 de octubre y listado definitivo 31 de octubre.<\/del><br \/>\n<del>&#8211; La campa\u00f1a electoral desde el 4 al 14 de noviembre (ambos inclusive)<\/del><br \/>\n<del><span style=\"color: #ff0000\">&#8211; Voto electr\u00f3nico de las familias: del 4 al 14 noviembre<\/span><\/del><br \/>\n<del>&#8211; Elecciones del sector de padres y madres 19 Noviembre de 13:45 a 20:00H.<\/del><br \/>\n&#8211; Elecciones del sector del profesorado y personal de administraci\u00f3n y servicios 21 de<br \/>\nNoviembre a las 14:00H.<br \/>\n&#8211; Proclamaci\u00f3n de candidaturas electas antes del 30 noviembre.<br \/>\n&#8211; Constituci\u00f3n del nuevo Consejo Escolar 2 diciembre 2024 .<br \/>\nEntre todos haremos una educaci\u00f3n mejor. Contamos con vosotros.<\/p>\n<p>La Directora<\/p>\n<p>&nbsp;<\/p>\n<p><a href=\"https:\/\/blogsaverroes.juntadeandalucia.es\/ceipeuropamontequinto\/files\/2024\/10\/PRIMERA-COMUNICACION-FAMILIAS-ELECCIONES-CONSEJO-ESCOLAR.pdf\">PRIMERA COMUNICACI\u00d3N FAMILIAS ELECCIONES CONSEJO ESCOLAR<\/a><\/p>\n","protected":false},"excerpt":{"rendered":"<p>CURSO 2025\/2026 El primer Consejo Escolar del curso ser\u00e1 convocado con tiempo para que todos sus miembros puedan&nbsp; &nbsp; &nbsp; NOVEDADES: SECTOR FAMILIAS. 20\/11\/2024 Finalizada la votaci\u00f3n, a las 20:00 horas, se procede al&#46;&#46;&#46;<\/p>\n","protected":false},"author":3791,"featured_media":0,"parent":0,"menu_order":0,"comment_status":"closed","ping_status":"closed","template":"","meta":{"ngg_post_thumbnail":0,"footnotes":"","_mc_calendar":[]},"aioseo_notices":[],"_links":{"self":[{"href":"https:\/\/blogsaverroes.juntadeandalucia.es\/ceipeuropamontequinto\/wp-json\/wp\/v2\/pages\/7470"}],"collection":[{"href":"https:\/\/blogsaverroes.juntadeandalucia.es\/ceipeuropamontequinto\/wp-json\/wp\/v2\/pages"}],"about":[{"href":"https:\/\/blogsaverroes.juntadeandalucia.es\/ceipeuropamontequinto\/wp-json\/wp\/v2\/types\/page"}],"author":[{"embeddable":true,"href":"https:\/\/blogsaverroes.juntadeandalucia.es\/ceipeuropamontequinto\/wp-json\/wp\/v2\/users\/3791"}],"replies":[{"embeddable":true,"href":"https:\/\/blogsaverroes.juntadeandalucia.es\/ceipeuropamontequinto\/wp-json\/wp\/v2\/comments?post=7470"}],"version-history":[{"count":7,"href":"https:\/\/blogsaverroes.juntadeandalucia.es\/ceipeuropamontequinto\/wp-json\/wp\/v2\/pages\/7470\/revisions"}],"predecessor-version":[{"id":8993,"href":"https:\/\/blogsaverroes.juntadeandalucia.es\/ceipeuropamontequinto\/wp-json\/wp\/v2\/pages\/7470\/revisions\/8993"}],"wp:attachment":[{"href":"https:\/\/blogsaverroes.juntadeandalucia.es\/ceipeuropamontequinto\/wp-json\/wp\/v2\/media?parent=7470"}],"curies":[{"name":"wp","href":"https:\/\/api.w.org\/{rel}","templated":true}]}}