{"id":7602,"date":"2024-11-11T09:19:48","date_gmt":"2024-11-11T08:19:48","guid":{"rendered":"https:\/\/blogsaverroes.juntadeandalucia.es\/ceipeuropamontequinto\/?page_id=7602"},"modified":"2025-04-04T11:28:24","modified_gmt":"2025-04-04T09:28:24","slug":"comision-comedor","status":"publish","type":"page","link":"https:\/\/blogsaverroes.juntadeandalucia.es\/ceipeuropamontequinto\/comision-comedor\/","title":{"rendered":"COMISI\u00d3N COMEDOR"},"content":{"rendered":"<ul>\n<li><strong>04\/04\/2025.&nbsp;&nbsp;<\/strong>Si alg\u00fan familiar usuario del comedor quiere asistir a una cata, debe comunicarlo a la Direcci\u00f3n del centro para programar la visita. En cada cata (como m\u00e1ximo una al mes), pueden asistir dos familiares adem\u00e1s de las personas que constituyen la Comisi\u00f3n. Os recordamos que ten\u00e9is a vuestra disposici\u00f3n las valoraciones de las dos catas realizadas en este curso escolar (ambas valoradas en un 5 sobre 5).<\/li>\n<\/ul>\n<p>&nbsp;<\/p>\n<ul>\n<li><strong>02\/04\/2025<\/strong>.SE CONSTITUYE DE FORMA OFICIAL LA COMISI\u00d3N DEL COMEDOR EL D\u00cdA 02\/04\/2025\n<ul>\n<li>Dicha Comisi\u00f3n est\u00e1 formada por Do\u00f1a Ver\u00f3nica Andreu, como representante del Centro Escolar, por Do\u00f1a Mar\u00eda Sevillano, como representante de la AMPA y por Do\u00f1a Luc\u00eda Li\u00f1\u00e1n, como representante de la Direcci\u00f3n del Centro y coordinadora del Plan de Apertura.<\/li>\n<\/ul>\n<\/li>\n<\/ul>\n<p>&nbsp;<\/p>\n<ul>\n<li><strong>11\/11\/2024.<\/strong> Reunidos el d\u00eda 11 de noviembre la Comisi\u00f3n del Comedor se determina:\n<ul>\n<li>&nbsp;Que en l\u00edneas generales esta empresa de Catering funciona mejor que la anterior.<\/li>\n<li>Que el alumnado est\u00e1 m\u00e1s contento con la comida (hay m\u00e1s variedad)<\/li>\n<li>Que la aplicaci\u00f3n funciona muy bien con la salvedad de que s\u00f3lo un progenitor puede acceder a la misma.<\/li>\n<li>Comenzaremos las visitas para la cata en cuanto la empresa nos de el visto bueno.<\/li>\n<\/ul>\n<\/li>\n<\/ul>\n<p>&nbsp;<\/p>\n","protected":false},"excerpt":{"rendered":"<p>04\/04\/2025.&nbsp;&nbsp;Si alg\u00fan familiar usuario del comedor quiere asistir a una cata, debe comunicarlo a la Direcci\u00f3n del centro para programar la visita. En cada cata (como m\u00e1ximo una al mes), pueden asistir dos familiares&#46;&#46;&#46;<\/p>\n","protected":false},"author":3791,"featured_media":0,"parent":0,"menu_order":0,"comment_status":"closed","ping_status":"closed","template":"","meta":{"ngg_post_thumbnail":0,"footnotes":"","_mc_calendar":[]},"aioseo_notices":[],"_links":{"self":[{"href":"https:\/\/blogsaverroes.juntadeandalucia.es\/ceipeuropamontequinto\/wp-json\/wp\/v2\/pages\/7602"}],"collection":[{"href":"https:\/\/blogsaverroes.juntadeandalucia.es\/ceipeuropamontequinto\/wp-json\/wp\/v2\/pages"}],"about":[{"href":"https:\/\/blogsaverroes.juntadeandalucia.es\/ceipeuropamontequinto\/wp-json\/wp\/v2\/types\/page"}],"author":[{"embeddable":true,"href":"https:\/\/blogsaverroes.juntadeandalucia.es\/ceipeuropamontequinto\/wp-json\/wp\/v2\/users\/3791"}],"replies":[{"embeddable":true,"href":"https:\/\/blogsaverroes.juntadeandalucia.es\/ceipeuropamontequinto\/wp-json\/wp\/v2\/comments?post=7602"}],"version-history":[{"count":4,"href":"https:\/\/blogsaverroes.juntadeandalucia.es\/ceipeuropamontequinto\/wp-json\/wp\/v2\/pages\/7602\/revisions"}],"predecessor-version":[{"id":8299,"href":"https:\/\/blogsaverroes.juntadeandalucia.es\/ceipeuropamontequinto\/wp-json\/wp\/v2\/pages\/7602\/revisions\/8299"}],"wp:attachment":[{"href":"https:\/\/blogsaverroes.juntadeandalucia.es\/ceipeuropamontequinto\/wp-json\/wp\/v2\/media?parent=7602"}],"curies":[{"name":"wp","href":"https:\/\/api.w.org\/{rel}","templated":true}]}}