{"id":8190,"date":"2025-03-17T12:08:29","date_gmt":"2025-03-17T11:08:29","guid":{"rendered":"https:\/\/blogsaverroes.juntadeandalucia.es\/ceipeuropamontequinto\/?page_id=8190"},"modified":"2025-07-26T19:54:37","modified_gmt":"2025-07-26T17:54:37","slug":"normativa","status":"publish","type":"page","link":"https:\/\/blogsaverroes.juntadeandalucia.es\/ceipeuropamontequinto\/normativa\/","title":{"rendered":"NORMATIVA"},"content":{"rendered":"<ul>\n<li>F<a href=\"https:\/\/drive.google.com\/file\/d\/1c41Ll_xdlHotY6Agwlq1phqvyBZzQzHy\/view?usp=sharing\">ORMULARIO DE INSCRIPCI\u00d3N EN LOS SERVICIOS DEL PLAN DE APERTURA<\/a><\/li>\n<li><a href=\"https:\/\/drive.google.com\/file\/d\/1b3njvCnBnHRYU3KoxI6Ic6W9aXG1wIxH\/view?usp=sharing\">AUTORIZACI\u00d3N RECOGIDA POR PERSONA NO HABITUAL<\/a><\/li>\n<li><a href=\"https:\/\/drive.google.com\/file\/d\/1flm7GGT3rB8TzZXBUAyUrcGL2Y5D5-GI\/view?usp=sharing\">NORMATIVA QUE REGULA EL USO DEL PLAN DE APERTURA<\/a><\/li>\n<li><a href=\"http:\/\/Resoluci\u00f3n de 4 de marzo de 2025, de la Direcci\u00f3n General de Planificaci\u00f3n, Centros y Ense\u00f1anza Concertada, por la que se establece el calendario de actuaciones en el procedimiento de admisi\u00f3n del alumnado en los servicios complementarios de aula matinal, comedor escolar y actividades extraescolares para el curso escolar 2025\/26.\">Resoluci\u00f3n de 4 de marzo de 2025, de la Direcci\u00f3n General de Planificaci\u00f3n,<\/a> Centros y Ense\u00f1anza Concertada, por la que se establece el calendario de<br \/>\nactuaciones en el procedimiento de admisi\u00f3n del alumnado en los servicios<br \/>\ncomplementarios de aula matinal, comedor escolar y actividades extraescolares<br \/>\npara el curso escolar 2025\/26.<\/li>\n<li><a href=\"https:\/\/drive.google.com\/file\/d\/1BDPMR36Qe3M4wGbGx58jLM-9DS-TBFeT\/view?usp=sharing\">Resoluci\u00f3n de 3 de marzo de 2025, de la Direcci\u00f3n General de Planificaci\u00f3n, Centros y Ense\u00f1anza Concertada, por la que se actualizan los centros docentes p\u00fablicos que tienen autorizados y en funcionamiento los servicios complementarios de aula matinal, comedor escolar y actividades extraescolares.<\/a><\/li>\n<\/ul>\n<p style=\"text-align: center\"><strong>OTRAS INFORMACIONES IMPORTANTES: NUEVAS ALTAS EN EL PLAN DE APERTURA<\/strong><\/p>\n<p>Cualquier familia que cambie su estado laboral durante el verano o durante el curso podr\u00e1 solicitar cualquiera de los servicios a partir de septiembre.<\/p>\n<div id=\"contenido_sitio\">\n<p>Para solicitar el Plan de Apertura debe rellenar el apartado estipulado para tal fin en la matr\u00edcula o si es durante el curso deber\u00e1 rellenar el&nbsp;<a href=\"https:\/\/blogsaverroes.juntadeandalucia.es\/olivardequinto\/files\/2024\/05\/ANEXO_II._Plan_de_apertura_de_Centros.pdf\">ANEXO_II._Plan_de_apertura_de_Centros<\/a>.<\/p>\n<p>Seg\u00fan los art\u00edculos 11.2.c) y 15.2.c) del Decreto 6\/2017, de 16 de enero, \u201cpor el que se regulan los servicios complementarios de aula matinal, comedor escolar y actividades extraescolares, as\u00ed como el uso de las instalaciones de los centros docentes p\u00fablicos de la Comunidad Aut\u00f3noma de Andaluc\u00eda fuera del horario escolar\u201d&nbsp;<strong>quedar\u00e1 garantizado el servicio cuando quienes ostenten la guarda y custodia del alumno o alumna realicen una actividad laboral o profesional remunerada que justifique la imposibilidad de atenderlo en el horario establecido para la prestaci\u00f3n del servicio.<\/strong><\/p>\n<p>Art\u00edculo 20. (Orden de 17 abril de 2017, por la que se regula la organizaci\u00f3n y el funcionamiento de los servicios complementarios de aula matinal, comedor escolar y actividades extraescolares, as\u00ed como el uso de las instalaciones de los centros docentes p\u00fablicos de la Comunidad Aut\u00f3noma de Andaluc\u00eda fuera del horario escolar)&nbsp;ACREDITACI\u00d3N DE LAS SITUACIONES FAMILIARES.<\/p>\n<p>1.&nbsp;<strong>Cuando la guarda y custodia sea ejercida por solo uno de los representantes legales<\/strong>&nbsp;deber\u00e1 presentar una&nbsp;copia compulsada del libro de familia o el documento judicial acreditativo de esa circunstancia.<\/p>\n<p>2.&nbsp;<strong>Para acreditar la actividad laboral o profesional<\/strong>&nbsp;de las personas que ostenten la guarda y custodia del alumnado ser\u00e1 necesario presentar, por cada uno de ellos:<\/p>\n<p>a)&nbsp;&nbsp;&nbsp;&nbsp;&nbsp; Informe de&nbsp;vida laboral&nbsp;expedido por el organismo oficial competente en la materia&nbsp;o&nbsp;certificado de la unidad de personal de su destino como funcionario.<\/p>\n<p>b)&nbsp;&nbsp;&nbsp;&nbsp;&nbsp;Certificaci\u00f3n de la empresa justificativo de la duraci\u00f3n de la jornada, as\u00ed como el horario de trabajo.<\/p>\n<p>c)&nbsp;&nbsp;&nbsp;&nbsp;&nbsp; En el caso de que desarrollen su&nbsp;<strong><em>actividad laboral por cuenta propia<\/em><\/strong>, deber\u00e1n presentar una certificaci\u00f3n demostrativa del alta en el Impuesto de Actividades Econ\u00f3micas y una declaraci\u00f3n responsable de la persona interesada sobre la vigencia de la misma y del horario que requiere la actividad. En el supuesto de que no exista obligaci\u00f3n legal de estar dado de alta en el Impuesto de Actividades Econ\u00f3micas, se acreditar\u00e1 mediante la presentaci\u00f3n de alguno de los siguientes documentos:<\/p>\n<ol>\n<li>Alta en el Censo&nbsp;de empresarios, profesionales y retenedores, para aquellas personas que desarrollen actividades empresariales o profesionales, incluidas las agr\u00edcolas, forestales, ganaderas o pesqueras.<\/li>\n<li>Copia autenticada de la correspondiente licencia de apertura expedida por el Ayuntamiento respectivo.<\/li>\n<li>Copia sellada de la&nbsp;declaraci\u00f3n responsable o comunicaci\u00f3n previa correspondiente presentada ante el Ayuntamiento.<\/li>\n<li>Alta en la Seguridad Social y una declaraci\u00f3n responsable de la persona interesada sobre la vigencia de la misma.<\/li>\n<\/ol>\n<p>3. Para acreditar la situaci\u00f3n de&nbsp;<strong>cursar estudios<\/strong>&nbsp;conducentes a titulaciones acad\u00e9micas oficiales de las personas que ostenten la guarda y custodia del alumnado ser\u00e1 necesario presentar&nbsp;certificado expedido por el centro docente donde figure estar matriculado y el horario lectivo.<\/p>\n<p>4. Para acreditar la situaci\u00f3n de&nbsp;<strong>dificultad social extrema o riesgo de exclusi\u00f3n<\/strong>, ser\u00e1 necesario presentar una&nbsp;certificaci\u00f3n expedida al efecto por la persona titular de los servicios sociales provinciales donde resida la persona solicitante.<\/p>\n<\/div>\n","protected":false},"excerpt":{"rendered":"<p>FORMULARIO DE INSCRIPCI\u00d3N EN LOS SERVICIOS DEL PLAN DE APERTURA AUTORIZACI\u00d3N RECOGIDA POR PERSONA NO HABITUAL NORMATIVA QUE REGULA EL USO DEL PLAN DE APERTURA Resoluci\u00f3n de 4 de marzo de 2025, de la&#46;&#46;&#46;<\/p>\n","protected":false},"author":3791,"featured_media":0,"parent":0,"menu_order":0,"comment_status":"closed","ping_status":"closed","template":"","meta":{"ngg_post_thumbnail":0,"footnotes":"","_mc_calendar":[]},"aioseo_notices":[],"_links":{"self":[{"href":"https:\/\/blogsaverroes.juntadeandalucia.es\/ceipeuropamontequinto\/wp-json\/wp\/v2\/pages\/8190"}],"collection":[{"href":"https:\/\/blogsaverroes.juntadeandalucia.es\/ceipeuropamontequinto\/wp-json\/wp\/v2\/pages"}],"about":[{"href":"https:\/\/blogsaverroes.juntadeandalucia.es\/ceipeuropamontequinto\/wp-json\/wp\/v2\/types\/page"}],"author":[{"embeddable":true,"href":"https:\/\/blogsaverroes.juntadeandalucia.es\/ceipeuropamontequinto\/wp-json\/wp\/v2\/users\/3791"}],"replies":[{"embeddable":true,"href":"https:\/\/blogsaverroes.juntadeandalucia.es\/ceipeuropamontequinto\/wp-json\/wp\/v2\/comments?post=8190"}],"version-history":[{"count":6,"href":"https:\/\/blogsaverroes.juntadeandalucia.es\/ceipeuropamontequinto\/wp-json\/wp\/v2\/pages\/8190\/revisions"}],"predecessor-version":[{"id":9208,"href":"https:\/\/blogsaverroes.juntadeandalucia.es\/ceipeuropamontequinto\/wp-json\/wp\/v2\/pages\/8190\/revisions\/9208"}],"wp:attachment":[{"href":"https:\/\/blogsaverroes.juntadeandalucia.es\/ceipeuropamontequinto\/wp-json\/wp\/v2\/media?parent=8190"}],"curies":[{"name":"wp","href":"https:\/\/api.w.org\/{rel}","templated":true}]}}