{"id":8570,"date":"2025-05-05T13:03:46","date_gmt":"2025-05-05T11:03:46","guid":{"rendered":"https:\/\/blogsaverroes.juntadeandalucia.es\/ceipeuropamontequinto\/?page_id=8570"},"modified":"2025-09-09T08:46:14","modified_gmt":"2025-09-09T06:46:14","slug":"programa-de-bienestar","status":"publish","type":"page","link":"https:\/\/blogsaverroes.juntadeandalucia.es\/ceipeuropamontequinto\/programa-de-bienestar\/","title":{"rendered":"PROGRAMA DE BIENESTAR"},"content":{"rendered":"<p>Este Programa que se lleva a cabo en los Centros Educativos Andaluces&nbsp; <span data-huuid=\"5870746729869247466\"><mark class=\"QVRyCf\">busca fomentar el desarrollo de competencias emocionales y promover la salud mental del alumnado, mediante la formaci\u00f3n de docentes y la creaci\u00f3n de ambientes escolares positivos<\/mark>.&nbsp;<\/span><span data-huuid=\"5870746729869247865\">Este programa incluye estrategias para la detecci\u00f3n temprana de problemas emocionales, protocolos de derivaci\u00f3n a servicios de salud mental, y actividades de sensibilizaci\u00f3n sobre el uso de las TIC y la prevenci\u00f3n de adicciones, y est\u00e1 \u00edntimamente relacionado con nuestros Planes Escuela Espacio de Paz, CIMA, Igualdad y TDE.<\/span><\/p>\n<p>Contamos con la colaboraci\u00f3n de:<\/p>\n<p>-Nuestro Orientador de Zona, Javier Rodas.<\/p>\n<p>-Nuestra Enfermera de Referencia, Carmen V\u00e9lez<\/p>\n<p>&#8211;<a href=\"https:\/\/drive.google.com\/file\/d\/1gQigcR027eb6ndPJ_-OzM9Q_LiOssX2E\/view?usp=sharing\">Plan Director y Ciberexperto de la Polic\u00eda Nacional.<\/a><\/p>\n<p>-Proyecto Emochild: <a href=\"https:\/\/proyectoemochild.org\/\">https:\/\/proyectoemochild.org\/<\/a><\/p>\n<p>&nbsp;<\/p>\n<p>Puedes consultar aqu\u00ed toda la informaci\u00f3n: <a href=\"https:\/\/www.juntadeandalucia.es\/organismos\/desarrolloeducativoyformacionprofesional\/consejeria\/transparencia\/planificacion-evaluacion-estadistica\/planes\/detalle\/448117.html\">https:\/\/www.juntadeandalucia.es\/organismos\/desarrolloeducativoyformacionprofesional\/consejeria\/transparencia\/planificacion-evaluacion-estadistica\/planes\/detalle\/448117.html<\/a><\/p>\n","protected":false},"excerpt":{"rendered":"<p>Este Programa que se lleva a cabo en los Centros Educativos Andaluces&nbsp; busca fomentar el desarrollo de competencias emocionales y promover la salud mental del alumnado, mediante la formaci\u00f3n de docentes y la creaci\u00f3n&#46;&#46;&#46;<\/p>\n","protected":false},"author":3791,"featured_media":0,"parent":0,"menu_order":0,"comment_status":"closed","ping_status":"closed","template":"","meta":{"ngg_post_thumbnail":0,"footnotes":"","_mc_calendar":[]},"aioseo_notices":[],"_links":{"self":[{"href":"https:\/\/blogsaverroes.juntadeandalucia.es\/ceipeuropamontequinto\/wp-json\/wp\/v2\/pages\/8570"}],"collection":[{"href":"https:\/\/blogsaverroes.juntadeandalucia.es\/ceipeuropamontequinto\/wp-json\/wp\/v2\/pages"}],"about":[{"href":"https:\/\/blogsaverroes.juntadeandalucia.es\/ceipeuropamontequinto\/wp-json\/wp\/v2\/types\/page"}],"author":[{"embeddable":true,"href":"https:\/\/blogsaverroes.juntadeandalucia.es\/ceipeuropamontequinto\/wp-json\/wp\/v2\/users\/3791"}],"replies":[{"embeddable":true,"href":"https:\/\/blogsaverroes.juntadeandalucia.es\/ceipeuropamontequinto\/wp-json\/wp\/v2\/comments?post=8570"}],"version-history":[{"count":5,"href":"https:\/\/blogsaverroes.juntadeandalucia.es\/ceipeuropamontequinto\/wp-json\/wp\/v2\/pages\/8570\/revisions"}],"predecessor-version":[{"id":9236,"href":"https:\/\/blogsaverroes.juntadeandalucia.es\/ceipeuropamontequinto\/wp-json\/wp\/v2\/pages\/8570\/revisions\/9236"}],"wp:attachment":[{"href":"https:\/\/blogsaverroes.juntadeandalucia.es\/ceipeuropamontequinto\/wp-json\/wp\/v2\/media?parent=8570"}],"curies":[{"name":"wp","href":"https:\/\/api.w.org\/{rel}","templated":true}]}}