{"id":871,"date":"2015-03-16T07:25:46","date_gmt":"2015-03-16T07:25:46","guid":{"rendered":"http:\/\/blogsaverroes.juntadeandalucia.es\/pre\/ceip\/?page_id=106"},"modified":"2025-09-26T11:52:12","modified_gmt":"2025-09-26T09:52:12","slug":"actividades-extraescolares","status":"publish","type":"page","link":"https:\/\/blogsaverroes.juntadeandalucia.es\/ceipeuropamontequinto\/actividades-extraescolares\/","title":{"rendered":"Actividades extraescolares"},"content":{"rendered":"<p>Os dejamos el cuadrante de las actividades que comenzar\u00e1n a partir de octubre:<\/p>\n<p><a href=\"https:\/\/drive.google.com\/file\/d\/1dsyjlfBdrigWuoC_Lmk6cbCr0AZqzrMi\/view?usp=sharing\">ACTIVIDADES EXTRAESCOLARES CURSO 2025\/2026<\/a><\/p>\n<p>La duraci\u00f3n de las actividades extraescolares es desde el 1 de octubre del 2024 hasta el 30 de mayo del 2025.<\/p>\n<p>Informaci\u00f3n sobre las actividades extraescolares que se realizar\u00e1n en el curso escolar 2025\/26:<\/p>\n<p>&#8211; <span style=\"color: #000080\"><strong>Las actividades del Plan de Apertura<\/strong> <\/span>son las ofertadas por la Junta de Andaluc\u00eda, por ello para solicitarlas deb\u00e9is cumplimentar el Anexo II<br \/>\n&#8211; <strong>Para las actividades de la Delegaci\u00f3n de Deportes de Dos Hermanas (Baloncesto, Balonmano y Predeporte),<\/strong> deb\u00e9is solicitarlas online en este ente, en septiembre cuando se abra el plazo: <a href=\"https:\/\/www.doshermanas.net\/\">https:\/\/www.doshermanas.net\/<\/a><br \/>\n&#8211; <strong><span style=\"color: #ff00ff\">Para las actividades de la AMPA:<\/span><\/strong><\/p>\n<ul>\n<li>&nbsp;Aula de Medio D\u00eda:<a href=\"https:\/\/blogsaverroes.juntadeandalucia.es\/ceipeuropamontequinto\/files\/2025\/07\/AAMM-INSCRIPCION-CURSO-25-26.pdf\">AAMM-INSCRIPCION-CURSO-25-26<\/a><img loading=\"lazy\" decoding=\"async\" class=\"aligncenter size-full wp-image-9008\" src=\"https:\/\/blogsaverroes.juntadeandalucia.es\/ceipeuropamontequinto\/files\/2025\/07\/CEIP-EUROPA.-AULA-MEDIO-DIA-212x300-1.jpeg\" alt=\"\" width=\"212\" height=\"300\"><\/li>\n<li>Ingl\u00e9s La Cig\u00fce\u00f1a: <a href=\"https:\/\/matriculas.xn--eslaciguea-19a.es\/interview?i=docassemble.playground1:Extraescolares_2025_2026_BK.yml\">https:\/\/matriculas.xn--eslaciguea-19a.es\/interview?i=docassemble.playground1:Extraescolares_2025_2026_BK.yml<\/a><\/li>\n<\/ul>\n<p>&nbsp;<\/p>\n","protected":false},"excerpt":{"rendered":"<p>Os dejamos el cuadrante de las actividades que comenzar\u00e1n a partir de octubre: ACTIVIDADES EXTRAESCOLARES CURSO 2025\/2026 La duraci\u00f3n de las actividades extraescolares es desde el 1 de octubre del 2024 hasta el 30&#46;&#46;&#46;<\/p>\n","protected":false},"author":1,"featured_media":0,"parent":0,"menu_order":0,"comment_status":"open","ping_status":"open","template":"page-templates\/child-menu.php","meta":{"ngg_post_thumbnail":0,"footnotes":"","_mc_calendar":[]},"aioseo_notices":[],"_links":{"self":[{"href":"https:\/\/blogsaverroes.juntadeandalucia.es\/ceipeuropamontequinto\/wp-json\/wp\/v2\/pages\/871"}],"collection":[{"href":"https:\/\/blogsaverroes.juntadeandalucia.es\/ceipeuropamontequinto\/wp-json\/wp\/v2\/pages"}],"about":[{"href":"https:\/\/blogsaverroes.juntadeandalucia.es\/ceipeuropamontequinto\/wp-json\/wp\/v2\/types\/page"}],"author":[{"embeddable":true,"href":"https:\/\/blogsaverroes.juntadeandalucia.es\/ceipeuropamontequinto\/wp-json\/wp\/v2\/users\/1"}],"replies":[{"embeddable":true,"href":"https:\/\/blogsaverroes.juntadeandalucia.es\/ceipeuropamontequinto\/wp-json\/wp\/v2\/comments?post=871"}],"version-history":[{"count":18,"href":"https:\/\/blogsaverroes.juntadeandalucia.es\/ceipeuropamontequinto\/wp-json\/wp\/v2\/pages\/871\/revisions"}],"predecessor-version":[{"id":9267,"href":"https:\/\/blogsaverroes.juntadeandalucia.es\/ceipeuropamontequinto\/wp-json\/wp\/v2\/pages\/871\/revisions\/9267"}],"wp:attachment":[{"href":"https:\/\/blogsaverroes.juntadeandalucia.es\/ceipeuropamontequinto\/wp-json\/wp\/v2\/media?parent=871"}],"curies":[{"name":"wp","href":"https:\/\/api.w.org\/{rel}","templated":true}]}}