{"id":9149,"date":"2025-07-05T19:38:52","date_gmt":"2025-07-05T17:38:52","guid":{"rendered":"https:\/\/blogsaverroes.juntadeandalucia.es\/ceipeuropamontequinto\/?page_id=9149"},"modified":"2025-07-05T19:38:52","modified_gmt":"2025-07-05T17:38:52","slug":"programa-de-gratuidad-de-libros-de-texto","status":"publish","type":"page","link":"https:\/\/blogsaverroes.juntadeandalucia.es\/ceipeuropamontequinto\/programa-de-gratuidad-de-libros-de-texto\/","title":{"rendered":"PROGRAMA DE GRATUIDAD DE LIBROS DE TEXTO"},"content":{"rendered":"<p>Dentro de este Programa encontramos los cheques-libro y los pr\u00e9stamos.<\/p>\n<p>Los cheques-libros permiten a las familias del alumnado de 1\u00ba y 2\u00ba, conseguir de forma gratuita los libros para sus hijos\/as, ya que seg\u00fan la LOE, LEA y LOMLOE la ense\u00f1anza obligatoria es gratuita.<\/p>\n<p>Para el resto del alumnado, usamos el sistema de pr\u00e9stamo.&nbsp;<\/p>\n<p>El cheque-libro se encontrar\u00e1 ubicado en el punto de recogida de PASEN e iPASEN del alumnado de 1\u00ba y 2\u00ba de Primaria y excepcionalmente en otros cursos (cuando se cambian todos los libros de texto del centro)<\/p>\n<p><a href=\"https:\/\/www.youtube.com\/watch?v=0f9G8-iUCQc\">Tutorial cheque libro padres \u2013 YouTube<\/a><\/p>\n<p>Debemos tener claro, que los libros pertenecen al Colegio y gracias a estos cheques-libros o pr\u00e9stamos, se le conceden de forma anual a las familias. Esto implica, que deben ser cuidados por las familias y por el alumnado, y por tanto, en caso de p\u00e9rdida, mal uso o extrav\u00edo,&nbsp; la familia deber\u00e1 pagar los libros o reponerlos.<\/p>\n<p>Dentro del Programa de Gratuidad de Libros de Texto, tambi\u00e9n contamos con los libros digitales. En otro apartado explicamos c\u00f3mo acceder a ellos.<\/p>\n","protected":false},"excerpt":{"rendered":"<p>Dentro de este Programa encontramos los cheques-libro y los pr\u00e9stamos. Los cheques-libros permiten a las familias del alumnado de 1\u00ba y 2\u00ba, conseguir de forma gratuita los libros para sus hijos\/as, ya que seg\u00fan&#46;&#46;&#46;<\/p>\n","protected":false},"author":3791,"featured_media":0,"parent":0,"menu_order":0,"comment_status":"closed","ping_status":"closed","template":"","meta":{"ngg_post_thumbnail":0,"footnotes":"","_mc_calendar":[]},"aioseo_notices":[],"_links":{"self":[{"href":"https:\/\/blogsaverroes.juntadeandalucia.es\/ceipeuropamontequinto\/wp-json\/wp\/v2\/pages\/9149"}],"collection":[{"href":"https:\/\/blogsaverroes.juntadeandalucia.es\/ceipeuropamontequinto\/wp-json\/wp\/v2\/pages"}],"about":[{"href":"https:\/\/blogsaverroes.juntadeandalucia.es\/ceipeuropamontequinto\/wp-json\/wp\/v2\/types\/page"}],"author":[{"embeddable":true,"href":"https:\/\/blogsaverroes.juntadeandalucia.es\/ceipeuropamontequinto\/wp-json\/wp\/v2\/users\/3791"}],"replies":[{"embeddable":true,"href":"https:\/\/blogsaverroes.juntadeandalucia.es\/ceipeuropamontequinto\/wp-json\/wp\/v2\/comments?post=9149"}],"version-history":[{"count":1,"href":"https:\/\/blogsaverroes.juntadeandalucia.es\/ceipeuropamontequinto\/wp-json\/wp\/v2\/pages\/9149\/revisions"}],"predecessor-version":[{"id":9150,"href":"https:\/\/blogsaverroes.juntadeandalucia.es\/ceipeuropamontequinto\/wp-json\/wp\/v2\/pages\/9149\/revisions\/9150"}],"wp:attachment":[{"href":"https:\/\/blogsaverroes.juntadeandalucia.es\/ceipeuropamontequinto\/wp-json\/wp\/v2\/media?parent=9149"}],"curies":[{"name":"wp","href":"https:\/\/api.w.org\/{rel}","templated":true}]}}