{"id":9154,"date":"2025-07-05T19:48:43","date_gmt":"2025-07-05T17:48:43","guid":{"rendered":"https:\/\/blogsaverroes.juntadeandalucia.es\/ceipeuropamontequinto\/?page_id=9154"},"modified":"2025-10-07T11:33:43","modified_gmt":"2025-10-07T09:33:43","slug":"profesorado-curso-25-26","status":"publish","type":"page","link":"https:\/\/blogsaverroes.juntadeandalucia.es\/ceipeuropamontequinto\/profesorado-curso-25-26\/","title":{"rendered":"PROFESORADO CURSO 25\/26"},"content":{"rendered":"<p><img loading=\"lazy\" decoding=\"async\" class=\"aligncenter size-medium wp-image-9223\" src=\"https:\/\/blogsaverroes.juntadeandalucia.es\/ceipeuropamontequinto\/files\/2025\/09\/CLAUSTRO-300x264.jpg\" alt=\"\" width=\"300\" height=\"264\" srcset=\"https:\/\/blogsaverroes.juntadeandalucia.es\/ceipeuropamontequinto\/files\/2025\/09\/CLAUSTRO-300x264.jpg 300w, https:\/\/blogsaverroes.juntadeandalucia.es\/ceipeuropamontequinto\/files\/2025\/09\/CLAUSTRO-1024x903.jpg 1024w, https:\/\/blogsaverroes.juntadeandalucia.es\/ceipeuropamontequinto\/files\/2025\/09\/CLAUSTRO-768x677.jpg 768w, https:\/\/blogsaverroes.juntadeandalucia.es\/ceipeuropamontequinto\/files\/2025\/09\/CLAUSTRO.jpg 1527w\" sizes=\"(max-width: 300px) 100vw, 300px\" \/><\/p>\n<p>A continuaci\u00f3n iremos completando a medida que conozcamos la plantilla, el profesorado:<\/p>\n<p>INFANTIL 3 A\u00d1OS: Silvia Girol<\/p>\n<p>INFANTIL 4 A\u00d1OS: Natalia Tiedra<\/p>\n<p>INFANTIL 5 A\u00d1OS: Laura Bosh<\/p>\n<p>1\u00ba: Jes\u00fas Zafra<\/p>\n<p>2\u00ba: Cristina Guerrero.<\/p>\n<p>3\u00ba: M\u00aa \u00c1ngeles Pedraza<\/p>\n<p>4\u00ba: M\u00f3nica Silva<\/p>\n<p>5\u00ba : Marisol L\u00f3pez<\/p>\n<p>6\u00ba : Vicky Ib\u00e1\u00f1ez<\/p>\n<p>E. F\u00cdSICA: Paco Herrera<\/p>\n<p>INGL\u00c9S: Mila Pino y M\u00f3nica Silva.<\/p>\n<p>M\u00daSICA: Luis Betanzos (Eva M\u00aa del Campo).<\/p>\n<p>RELIGI\u00d3N: Loles L\u00f3pez<\/p>\n<p>FRANC\u00c9S: Cristina Guerrero<\/p>\n<p>CAR: Lusi Betanzos (Eva M\u00aa del Campo) y Vicky Iba\u00f1ez<\/p>\n<p>PT: Mari Carmen Carrasco, Laura Murgado y&nbsp; Antonio Jos\u00e9 Lozano (Beatriz Dur\u00e1n)<\/p>\n<p>AL: Nuria Terr\u00f3n.<\/p>\n<p>PTIS: Ana Caballero (Thal\u00eda Gonz\u00e1lez) y \u00c1lvaro Montero (Isabel Chac\u00f3n)<\/p>\n<p>AULA DE ENRIQUECIMIENTO Y DIVERSAS ASIGNATURAS: Luc\u00eda Li\u00f1\u00e1n<\/p>\n<p>ORIENTADOR DEL CENTRO: Javier Rodas<\/p>\n<p>&nbsp;<\/p>\n","protected":false},"excerpt":{"rendered":"<p>A continuaci\u00f3n iremos completando a medida que conozcamos la plantilla, el profesorado: INFANTIL 3 A\u00d1OS: Silvia Girol INFANTIL 4 A\u00d1OS: Natalia Tiedra INFANTIL 5 A\u00d1OS: Laura Bosh 1\u00ba: Jes\u00fas Zafra 2\u00ba: Cristina Guerrero. 3\u00ba:&#46;&#46;&#46;<\/p>\n","protected":false},"author":3791,"featured_media":9223,"parent":0,"menu_order":0,"comment_status":"closed","ping_status":"closed","template":"","meta":{"ngg_post_thumbnail":0,"footnotes":"","_mc_calendar":[]},"aioseo_notices":[],"_links":{"self":[{"href":"https:\/\/blogsaverroes.juntadeandalucia.es\/ceipeuropamontequinto\/wp-json\/wp\/v2\/pages\/9154"}],"collection":[{"href":"https:\/\/blogsaverroes.juntadeandalucia.es\/ceipeuropamontequinto\/wp-json\/wp\/v2\/pages"}],"about":[{"href":"https:\/\/blogsaverroes.juntadeandalucia.es\/ceipeuropamontequinto\/wp-json\/wp\/v2\/types\/page"}],"author":[{"embeddable":true,"href":"https:\/\/blogsaverroes.juntadeandalucia.es\/ceipeuropamontequinto\/wp-json\/wp\/v2\/users\/3791"}],"replies":[{"embeddable":true,"href":"https:\/\/blogsaverroes.juntadeandalucia.es\/ceipeuropamontequinto\/wp-json\/wp\/v2\/comments?post=9154"}],"version-history":[{"count":6,"href":"https:\/\/blogsaverroes.juntadeandalucia.es\/ceipeuropamontequinto\/wp-json\/wp\/v2\/pages\/9154\/revisions"}],"predecessor-version":[{"id":9269,"href":"https:\/\/blogsaverroes.juntadeandalucia.es\/ceipeuropamontequinto\/wp-json\/wp\/v2\/pages\/9154\/revisions\/9269"}],"wp:featuredmedia":[{"embeddable":true,"href":"https:\/\/blogsaverroes.juntadeandalucia.es\/ceipeuropamontequinto\/wp-json\/wp\/v2\/media\/9223"}],"wp:attachment":[{"href":"https:\/\/blogsaverroes.juntadeandalucia.es\/ceipeuropamontequinto\/wp-json\/wp\/v2\/media?parent=9154"}],"curies":[{"name":"wp","href":"https:\/\/api.w.org\/{rel}","templated":true}]}}