{"id":9202,"date":"2025-07-26T19:49:50","date_gmt":"2025-07-26T17:49:50","guid":{"rendered":"https:\/\/blogsaverroes.juntadeandalucia.es\/ceipeuropamontequinto\/?page_id=9202"},"modified":"2025-07-26T19:49:50","modified_gmt":"2025-07-26T17:49:50","slug":"proyecto-de-direccion","status":"publish","type":"page","link":"https:\/\/blogsaverroes.juntadeandalucia.es\/ceipeuropamontequinto\/proyecto-de-direccion\/","title":{"rendered":"PROYECTO DE DIRECCI\u00d3N"},"content":{"rendered":"<p>Durante el Curso 2024\/2025, se ha llevado a cabo el procedimiento de Selecci\u00f3n de Directores\/as en nuestro Centro.<\/p>\n<p>El Proyecto Presentado por Do\u00f1a Luc\u00eda Li\u00f1\u00e1n, pueden consultarlo aqu\u00ed<\/p>\n<p><a href=\"https:\/\/drive.google.com\/file\/d\/1i-OAv43vYHd7yzKMDy4HtWCfk22c12Qb\/view?usp=drive_link\"><img loading=\"lazy\" decoding=\"async\" class=\"aligncenter size-medium wp-image-9203\" src=\"https:\/\/blogsaverroes.juntadeandalucia.es\/ceipeuropamontequinto\/files\/2025\/07\/Captura-de-pantalla-2025-07-26-194820-231x300.png\" alt=\"\" width=\"231\" height=\"300\" srcset=\"https:\/\/blogsaverroes.juntadeandalucia.es\/ceipeuropamontequinto\/files\/2025\/07\/Captura-de-pantalla-2025-07-26-194820-231x300.png 231w, https:\/\/blogsaverroes.juntadeandalucia.es\/ceipeuropamontequinto\/files\/2025\/07\/Captura-de-pantalla-2025-07-26-194820.png 388w\" sizes=\"(max-width: 231px) 100vw, 231px\" \/><\/a><\/p>\n","protected":false},"excerpt":{"rendered":"<p>Durante el Curso 2024\/2025, se ha llevado a cabo el procedimiento de Selecci\u00f3n de Directores\/as en nuestro Centro. El Proyecto Presentado por Do\u00f1a Luc\u00eda Li\u00f1\u00e1n, pueden consultarlo aqu\u00ed<\/p>\n","protected":false},"author":3791,"featured_media":0,"parent":0,"menu_order":0,"comment_status":"closed","ping_status":"closed","template":"","meta":{"ngg_post_thumbnail":0,"footnotes":"","_mc_calendar":[]},"aioseo_notices":[],"_links":{"self":[{"href":"https:\/\/blogsaverroes.juntadeandalucia.es\/ceipeuropamontequinto\/wp-json\/wp\/v2\/pages\/9202"}],"collection":[{"href":"https:\/\/blogsaverroes.juntadeandalucia.es\/ceipeuropamontequinto\/wp-json\/wp\/v2\/pages"}],"about":[{"href":"https:\/\/blogsaverroes.juntadeandalucia.es\/ceipeuropamontequinto\/wp-json\/wp\/v2\/types\/page"}],"author":[{"embeddable":true,"href":"https:\/\/blogsaverroes.juntadeandalucia.es\/ceipeuropamontequinto\/wp-json\/wp\/v2\/users\/3791"}],"replies":[{"embeddable":true,"href":"https:\/\/blogsaverroes.juntadeandalucia.es\/ceipeuropamontequinto\/wp-json\/wp\/v2\/comments?post=9202"}],"version-history":[{"count":1,"href":"https:\/\/blogsaverroes.juntadeandalucia.es\/ceipeuropamontequinto\/wp-json\/wp\/v2\/pages\/9202\/revisions"}],"predecessor-version":[{"id":9204,"href":"https:\/\/blogsaverroes.juntadeandalucia.es\/ceipeuropamontequinto\/wp-json\/wp\/v2\/pages\/9202\/revisions\/9204"}],"wp:attachment":[{"href":"https:\/\/blogsaverroes.juntadeandalucia.es\/ceipeuropamontequinto\/wp-json\/wp\/v2\/media?parent=9202"}],"curies":[{"name":"wp","href":"https:\/\/api.w.org\/{rel}","templated":true}]}}